{"id":15240,"date":"2024-03-27T11:05:32","date_gmt":"2024-03-27T11:05:32","guid":{"rendered":"https:\/\/koduspa.ee\/?post_type=product&#038;p=15240"},"modified":"2025-04-23T07:44:10","modified_gmt":"2025-04-23T07:44:10","slug":"cariitti-s-paver-3200-kuldne-ip68-aurusaunale","status":"publish","type":"product","link":"https:\/\/koduspa.ee\/en\/pood\/valgustid-en\/cariitti-s-paver-3200-kuldne-ip68-aurusaunale\/","title":{"rendered":"Aurusaunale S-Paver 3200 kuldne IP68"},"content":{"rendered":"<h6><span style=\"color: #000000;\">S-Paver 3200 gold sobib suurep\u00e4raselt aurusauna valgustamiseks. <\/span><\/h6>\n<h6><span style=\"color: #000000;\">Toodet valgustab sooja v\u00e4rvitooniga (3000 K) 1 W LED.<\/span><\/h6>\n<h6><span style=\"color: #000000;\">Lamp on varustatud nii l\u00e4bipaistva kui ka valgust hajutava satiinl\u00e4\u00e4tsega.<\/span><\/h6>\n<ul>\n<li>\n<h6><span style=\"color: #000000;\">Kaasas 5m \u00fchenduskaabel, mis \u00fchendatakse lambiga<\/span><\/h6>\n<\/li>\n<li>\n<h6><span style=\"color: #000000;\">Soe LED 1 W \/ 350 mA<\/span><\/h6>\n<\/li>\n<li>\n<h6><span style=\"color: #000000;\">Seeria\u00fchendus<\/span><\/h6>\n<\/li>\n<li>\n<h6><span style=\"color: #000000;\">Kinnitusava \u00d8 36 mm<\/span><\/h6>\n<\/li>\n<li>\n<h6><span style=\"color: #000000;\">IP 68<\/span><\/h6>\n<\/li>\n<\/ul>\n<h6><span style=\"color: #000000;\">SOOVITATAVAD TOITEALLIKAD: valge valguse jaoks 1532449, 1532442\u00a0<\/span><\/h6>\n<h6><span style=\"color: #000000;\">Juhend:<\/span><\/h6>\n<p><a href=\"https:\/\/www.cariitti.fi\/app\/uploads\/2017\/06\/s-paver-3200-led-1553034_1545217_8.8.2023.pdf\">https:\/\/www.cariitti.fi\/app\/uploads\/2017\/06\/s-paver-3200-led-1553034_1545217_8.8.2023.pdf<\/a><\/p>\n","protected":false},"excerpt":{"rendered":"<p>S-Paver 3200 gold sobib suurep\u00e4raselt aurusauna valgustamiseks. Toodet valgustab sooja v\u00e4rvitooniga (3000 K) 1 W LED. Lamp on varustatud nii l\u00e4bipaistva kui ka valgust hajutava satiinl\u00e4\u00e4tsega. Kaasas 5m \u00fchenduskaabel, mis \u00fchendatakse lambiga Soe LED 1 W \/ 350 mA Seeria\u00fchendus Kinnitusava \u00d8 36 mm IP 68 SOOVITATAVAD TOITEALLIKAD: valge valguse jaoks 1532449, 1532442\u00a0 Juhend: https:\/\/www.cariitti.fi\/app\/uploads\/2017\/06\/s-paver-3200-led-1553034_1545217_8.8.2023.pdf<\/p>\n","protected":false},"featured_media":15241,"comment_status":"open","ping_status":"closed","template":"","meta":{"_acf_changed":false,"_genesis_hide_title":false,"_genesis_hide_breadcrumbs":false,"_genesis_hide_singular_image":false,"_genesis_hide_footer_widgets":false,"_genesis_custom_body_class":"","_genesis_custom_post_class":"","_genesis_layout":""},"product_brand":[],"product_cat":[180],"product_tag":[],"class_list":{"0":"post-15240","1":"product","2":"type-product","3":"status-publish","4":"has-post-thumbnail","6":"product_cat-valgustid","7":"entry","8":"override","10":"first","11":"instock","12":"shipping-taxable","13":"purchasable","14":"product-type-simple"},"acf":[],"_links":{"self":[{"href":"https:\/\/koduspa.ee\/en\/wp-json\/wp\/v2\/product\/15240","targetHints":{"allow":["GET"]}}],"collection":[{"href":"https:\/\/koduspa.ee\/en\/wp-json\/wp\/v2\/product"}],"about":[{"href":"https:\/\/koduspa.ee\/en\/wp-json\/wp\/v2\/types\/product"}],"replies":[{"embeddable":true,"href":"https:\/\/koduspa.ee\/en\/wp-json\/wp\/v2\/comments?post=15240"}],"wp:featuredmedia":[{"embeddable":true,"href":"https:\/\/koduspa.ee\/en\/wp-json\/wp\/v2\/media\/15241"}],"wp:attachment":[{"href":"https:\/\/koduspa.ee\/en\/wp-json\/wp\/v2\/media?parent=15240"}],"wp:term":[{"taxonomy":"product_brand","embeddable":true,"href":"https:\/\/koduspa.ee\/en\/wp-json\/wp\/v2\/product_brand?post=15240"},{"taxonomy":"product_cat","embeddable":true,"href":"https:\/\/koduspa.ee\/en\/wp-json\/wp\/v2\/product_cat?post=15240"},{"taxonomy":"product_tag","embeddable":true,"href":"https:\/\/koduspa.ee\/en\/wp-json\/wp\/v2\/product_tag?post=15240"}],"curies":[{"name":"wp","href":"https:\/\/api.w.org\/{rel}","templated":true}]}}