{"id":15226,"date":"2024-03-27T10:38:27","date_gmt":"2024-03-27T10:38:27","guid":{"rendered":"https:\/\/koduspa.ee\/?post_type=product&#038;p=15226"},"modified":"2025-04-23T07:17:37","modified_gmt":"2025-04-23T07:17:37","slug":"cariitti-lambi-komplekt-gp-65-6-osa","status":"publish","type":"product","link":"https:\/\/koduspa.ee\/en\/pood\/valgustid-en\/cariitti-lambi-komplekt-gp-65-6-osa\/","title":{"rendered":"CARIITTI Lambi komplekt GP-65 (6 osa)"},"content":{"rendered":"<h6><span style=\"color: #000000;\">Sobib suurep\u00e4raselt p\u00f5randapindade, treppide ja erinevate<\/span><\/h6>\n<h6><span style=\"color: #000000;\"> s\u00fcvendite valgustamiseks nii m\u00e4rgades kui kuivades ruumides.<\/span><\/h6>\n<h6><span style=\"color: #000000;\">Sisaldab 6 GP-65 lampi. V\u00e4rvivalikud on kuldne ja kroom.<\/span><\/h6>\n<h6><span style=\"color: #000000;\">Sobib kasutamiseks fiiber- v\u00f5i LED-iga. <\/span><\/h6>\n<h6><span style=\"color: #000000;\">Kiududega valgustamisel on soovitatav kiud \u00d8 2-3 mm, <\/span><\/h6>\n<h6><span style=\"color: #000000;\">kiududega kasutamisel\u00a0<a style=\"color: #000000;\" href=\"https:\/\/www.cariitti.fi\/tuotteet\/varaosat\/m5-6-mm-laajennusholkki\/\" target=\"_blank\" rel=\"noopener noreferrer\">on kiu otsaks vaja 5\/6 mm adapterit 1548435.<\/a><\/span><\/h6>\n<h6><span style=\"color: #000000;\">Paigaldusava l\u00e4bim\u00f5\u00f5t \u00f8 12 mm, m\u00f6\u00f6bli l\u00e4bim\u00f5\u00f5t \u00f8 22 mm.<\/span><\/h6>\n<p><img decoding=\"async\" src=\"https:\/\/www.cariitti.fi\/app\/uploads\/2017\/11\/kalusteet-2018-1-scaled.jpg\" \/><\/p>\n","protected":false},"excerpt":{"rendered":"<p>Sobib suurep\u00e4raselt p\u00f5randapindade, treppide ja erinevate s\u00fcvendite valgustamiseks nii m\u00e4rgades kui kuivades ruumides. Sisaldab 6 GP-65 lampi. V\u00e4rvivalikud on kuldne ja kroom. Sobib kasutamiseks fiiber- v\u00f5i LED-iga. Kiududega valgustamisel on soovitatav kiud \u00d8 2-3 mm, kiududega kasutamisel\u00a0on kiu otsaks vaja 5\/6 mm adapterit 1548435. Paigaldusava l\u00e4bim\u00f5\u00f5t \u00f8 12 mm, m\u00f6\u00f6bli l\u00e4bim\u00f5\u00f5t \u00f8 22 mm.<\/p>\n","protected":false},"featured_media":15230,"comment_status":"open","ping_status":"closed","template":"","meta":{"_acf_changed":false,"_genesis_hide_title":false,"_genesis_hide_breadcrumbs":false,"_genesis_hide_singular_image":false,"_genesis_hide_footer_widgets":false,"_genesis_custom_body_class":"","_genesis_custom_post_class":"","_genesis_layout":""},"product_brand":[],"product_cat":[180],"product_tag":[],"class_list":{"0":"post-15226","1":"product","2":"type-product","3":"status-publish","4":"has-post-thumbnail","6":"product_cat-valgustid","7":"entry","8":"override","10":"first","11":"instock","12":"shipping-taxable","13":"purchasable","14":"product-type-variable"},"acf":[],"_links":{"self":[{"href":"https:\/\/koduspa.ee\/en\/wp-json\/wp\/v2\/product\/15226","targetHints":{"allow":["GET"]}}],"collection":[{"href":"https:\/\/koduspa.ee\/en\/wp-json\/wp\/v2\/product"}],"about":[{"href":"https:\/\/koduspa.ee\/en\/wp-json\/wp\/v2\/types\/product"}],"replies":[{"embeddable":true,"href":"https:\/\/koduspa.ee\/en\/wp-json\/wp\/v2\/comments?post=15226"}],"wp:featuredmedia":[{"embeddable":true,"href":"https:\/\/koduspa.ee\/en\/wp-json\/wp\/v2\/media\/15230"}],"wp:attachment":[{"href":"https:\/\/koduspa.ee\/en\/wp-json\/wp\/v2\/media?parent=15226"}],"wp:term":[{"taxonomy":"product_brand","embeddable":true,"href":"https:\/\/koduspa.ee\/en\/wp-json\/wp\/v2\/product_brand?post=15226"},{"taxonomy":"product_cat","embeddable":true,"href":"https:\/\/koduspa.ee\/en\/wp-json\/wp\/v2\/product_cat?post=15226"},{"taxonomy":"product_tag","embeddable":true,"href":"https:\/\/koduspa.ee\/en\/wp-json\/wp\/v2\/product_tag?post=15226"}],"curies":[{"name":"wp","href":"https:\/\/api.w.org\/{rel}","templated":true}]}}