{"id":15071,"date":"2024-03-25T13:11:16","date_gmt":"2024-03-25T13:11:16","guid":{"rendered":"https:\/\/koduspa.ee\/?post_type=product&#038;p=15071"},"modified":"2025-04-23T08:23:33","modified_gmt":"2025-04-23T08:23:33","slug":"cariitti-saunavalgusti-komplekt-vpl30nl-n2m","status":"publish","type":"product","link":"https:\/\/koduspa.ee\/en\/pood\/valgustid-en\/cariitti-saunavalgusti-komplekt-vpl30nl-n2m\/","title":{"rendered":"Saunavalgusti komplekt VPL30NL-N2M"},"content":{"rendered":"<h6><span style=\"color: #000000;\">Aurora seeria on m\u00f5eldud paigaldamiseks sauna seljatoe taha.\u00a0<\/span><\/h6>\n<h6><span style=\"color: #000000;\">VPL30 NL seeria projektoril on LED-idega realiseeritud aurora borealis efekt, <\/span><\/h6>\n<h6><span style=\"color: #000000;\">milles vahelduvad sinised, rohelised ja magenta toonid.\u00a0<\/span><\/h6>\n<h6><span style=\"color: #000000;\">Projektori m\u00f5\u00f5dud: P 250 x L 150 x K 83, kaal 2,5 kg.<\/span><\/h6>\n<h6><span style=\"color: #000000;\">Northern Lights sari koosneb j\u00e4rgmistest toodetest:<\/span><\/h6>\n<ul>\n<li>\n<h6><span style=\"color: #000000;\">VPL30 NL projektor<\/span><\/h6>\n<\/li>\n<li>\n<h6><span style=\"color: #000000;\">N2M fiiberkomplekt, (C-Flex 7 plastkiud, 1 x 1,2 + 1 meetrine lineaarvarras ja <\/span><\/h6>\n<\/li>\n<li>\n<h6><span style=\"color: #000000;\">1 x 2,2 m + 1 meetrine lineaarvarras)<\/span><\/h6>\n<\/li>\n<\/ul>\n<h6><span style=\"color: #000000;\">Sarja kiud on klaasist ja taluvad 180\u00b0C kuumust.\u00a0<\/span><\/h6>\n<h6><span style=\"color: #000000;\">Projektori paigaldusk\u00f5rgus max.\u00a070 cm p\u00f5randast.\u00a0<\/span><\/h6>\n<h6><span style=\"color: #ff0000;\">NB! Kiudu ei tohi l\u00f5igata!<\/span><\/h6>\n<h6><strong><span style=\"color: #000000;\"> Juhend:<\/span><\/strong><\/h6>\n<p><a href=\"https:\/\/www.cariitti.fi\/app\/uploads\/2017\/06\/revontuli_1516620_1516621_e.pdf\">https:\/\/www.cariitti.fi\/app\/uploads\/2017\/06\/revontuli_1516620_1516621_e.pdf<\/a><\/p>\n","protected":false},"excerpt":{"rendered":"<p>Aurora seeria on m\u00f5eldud paigaldamiseks sauna seljatoe taha.\u00a0 VPL30 NL seeria projektoril on LED-idega realiseeritud aurora borealis efekt, milles vahelduvad sinised, rohelised ja magenta toonid.\u00a0 Projektori m\u00f5\u00f5dud: P 250 x L 150 x K 83, kaal 2,5 kg. Northern Lights sari koosneb j\u00e4rgmistest toodetest: VPL30 NL projektor N2M fiiberkomplekt, (C-Flex 7 plastkiud, 1 x 1,2 [&hellip;]<\/p>\n","protected":false},"featured_media":15078,"comment_status":"open","ping_status":"closed","template":"","meta":{"_acf_changed":false,"_genesis_hide_title":false,"_genesis_hide_breadcrumbs":false,"_genesis_hide_singular_image":false,"_genesis_hide_footer_widgets":false,"_genesis_custom_body_class":"","_genesis_custom_post_class":"","_genesis_layout":""},"product_brand":[],"product_cat":[180],"product_tag":[],"class_list":{"0":"post-15071","1":"product","2":"type-product","3":"status-publish","4":"has-post-thumbnail","6":"product_cat-valgustid","7":"entry","8":"override","10":"first","11":"instock","12":"shipping-taxable","13":"purchasable","14":"product-type-simple"},"acf":[],"_links":{"self":[{"href":"https:\/\/koduspa.ee\/en\/wp-json\/wp\/v2\/product\/15071","targetHints":{"allow":["GET"]}}],"collection":[{"href":"https:\/\/koduspa.ee\/en\/wp-json\/wp\/v2\/product"}],"about":[{"href":"https:\/\/koduspa.ee\/en\/wp-json\/wp\/v2\/types\/product"}],"replies":[{"embeddable":true,"href":"https:\/\/koduspa.ee\/en\/wp-json\/wp\/v2\/comments?post=15071"}],"wp:featuredmedia":[{"embeddable":true,"href":"https:\/\/koduspa.ee\/en\/wp-json\/wp\/v2\/media\/15078"}],"wp:attachment":[{"href":"https:\/\/koduspa.ee\/en\/wp-json\/wp\/v2\/media?parent=15071"}],"wp:term":[{"taxonomy":"product_brand","embeddable":true,"href":"https:\/\/koduspa.ee\/en\/wp-json\/wp\/v2\/product_brand?post=15071"},{"taxonomy":"product_cat","embeddable":true,"href":"https:\/\/koduspa.ee\/en\/wp-json\/wp\/v2\/product_cat?post=15071"},{"taxonomy":"product_tag","embeddable":true,"href":"https:\/\/koduspa.ee\/en\/wp-json\/wp\/v2\/product_tag?post=15071"}],"curies":[{"name":"wp","href":"https:\/\/api.w.org\/{rel}","templated":true}]}}