{"id":14952,"date":"2024-03-25T07:29:31","date_gmt":"2024-03-25T07:29:31","guid":{"rendered":"https:\/\/koduspa.ee\/?post_type=product&#038;p=14952"},"modified":"2025-04-23T06:55:41","modified_gmt":"2025-04-23T06:55:41","slug":"cariitti-g223-klaaskiust-kimp","status":"publish","type":"product","link":"https:\/\/koduspa.ee\/en\/pood\/valgustid\/cariitti-g223-klaaskiust-kimp\/","title":{"rendered":"Klaaskiud kimp G223"},"content":{"rendered":"<h6><span style=\"color: #000000;\">23-kiuline klaaskiust kimp saunavalgustuseks.<\/span><\/h6>\n<h6><span style=\"color: #000000;\">Klaaskiud on kauakestev, vastupidav valik saunavalgustuseks.\u00a0<\/span><\/h6>\n<h6><span style=\"color: #000000;\">T\u00f6\u00f6temperatuur on -50 \u00baC kuni +180 \u00baC.\u00a0<\/span><\/h6>\n<h6><span style=\"color: #000000;\">Kiud on v\u00e4ga paindlik ja kergesti k\u00e4sitletav.\u00a0<\/span><\/h6>\n<h6><span style=\"color: #000000;\">Selle valgusjuhtivus on v\u00e4ga hea ja see ei vanane.\u00a0<\/span><\/h6>\n<h6><span style=\"color: #000000;\">Klaasplast valgustus on ainus asi, mida saab kerise kohale lakke paigaldada.<\/span><\/h6>\n<h6><span style=\"color: #000000;\">Kiu suurus \u00f8 2 mm (S-Flex 2, B2) ja \u00fcks paksem kiud \u00f8 4 mm (S-Flex 4, M8);\u00a0<\/span><\/h6>\n<h6><span style=\"color: #000000;\">pikkused:<\/span><\/h6>\n<ul>\n<li style=\"list-style-type: none;\">\n<ul>\n<li>\n<h6><span style=\"color: #000000;\">4 x 1,4 m<\/span><\/h6>\n<\/li>\n<li>\n<h6><span style=\"color: #000000;\">4 x 1,7 m<\/span><\/h6>\n<\/li>\n<li>\n<h6><span style=\"color: #000000;\">4 x 2,0 m<\/span><\/h6>\n<\/li>\n<li>\n<h6><span style=\"color: #000000;\">4 x 2,3 m<\/span><\/h6>\n<\/li>\n<li>\n<h6><span style=\"color: #000000;\">2 x 2,6 m<\/span><\/h6>\n<\/li>\n<li>\n<h6><span style=\"color: #000000;\">2 x 2,9 m<\/span><\/h6>\n<\/li>\n<li>\n<h6><span style=\"color: #000000;\">2 x 3,2 m<\/span><\/h6>\n<\/li>\n<li>\n<h6><span style=\"color: #000000;\">1 x 4,0 m (\u00f8 4 mm)<\/span><\/h6>\n<\/li>\n<\/ul>\n<\/li>\n<\/ul>\n<h6><span style=\"color: #000000;\">Lisaks kiukimbule on vaja projektorit.\u00a0<\/span><\/h6>\n<h6><strong><span style=\"color: #000000;\">Pange t\u00e4hele, et projektorid VPL10 ja VPL25 ei sobi selle komplekti valgustamiseks.<\/span><\/strong><\/h6>\n<h6><strong><span style=\"color: #000000;\">Paigaldusjuhend:<\/span><\/strong><\/h6>\n<h6><a href=\"https:\/\/www.cariitti.fi\/app\/uploads\/2017\/06\/asennusohje-kuidun-asennus.pdf\"><span style=\"color: #000000;\">https:\/\/www.cariitti.fi\/app\/uploads\/2017\/06\/asennusohje-kuidun-asennus.pdf<\/span><\/a><\/h6>\n","protected":false},"excerpt":{"rendered":"<p>23-kiuline klaaskiust kimp saunavalgustuseks. Klaaskiud on kauakestev, vastupidav valik saunavalgustuseks.\u00a0 T\u00f6\u00f6temperatuur on -50 \u00baC kuni +180 \u00baC.\u00a0 Kiud on v\u00e4ga paindlik ja kergesti k\u00e4sitletav.\u00a0 Selle valgusjuhtivus on v\u00e4ga hea ja see ei vanane.\u00a0 Klaasplast valgustus on ainus asi, mida saab kerise kohale lakke paigaldada. Kiu suurus \u00f8 2 mm (S-Flex 2, B2) ja \u00fcks paksem [&hellip;]<\/p>\n","protected":false},"featured_media":14928,"comment_status":"open","ping_status":"closed","template":"","meta":{"_acf_changed":false,"_genesis_hide_title":false,"_genesis_hide_breadcrumbs":false,"_genesis_hide_singular_image":false,"_genesis_hide_footer_widgets":false,"_genesis_custom_body_class":"","_genesis_custom_post_class":"","_genesis_layout":""},"product_cat":[180],"product_tag":[],"acf":[],"_links":{"self":[{"href":"https:\/\/koduspa.ee\/en\/wp-json\/wp\/v2\/product\/14952"}],"collection":[{"href":"https:\/\/koduspa.ee\/en\/wp-json\/wp\/v2\/product"}],"about":[{"href":"https:\/\/koduspa.ee\/en\/wp-json\/wp\/v2\/types\/product"}],"replies":[{"embeddable":true,"href":"https:\/\/koduspa.ee\/en\/wp-json\/wp\/v2\/comments?post=14952"}],"wp:featuredmedia":[{"embeddable":true,"href":"https:\/\/koduspa.ee\/en\/wp-json\/wp\/v2\/media\/14928"}],"wp:attachment":[{"href":"https:\/\/koduspa.ee\/en\/wp-json\/wp\/v2\/media?parent=14952"}],"wp:term":[{"taxonomy":"product_cat","embeddable":true,"href":"https:\/\/koduspa.ee\/en\/wp-json\/wp\/v2\/product_cat?post=14952"},{"taxonomy":"product_tag","embeddable":true,"href":"https:\/\/koduspa.ee\/en\/wp-json\/wp\/v2\/product_tag?post=14952"}],"curies":[{"name":"wp","href":"https:\/\/api.w.org\/{rel}","templated":true}]}}