{"id":14920,"date":"2024-03-25T06:20:42","date_gmt":"2024-03-25T06:20:42","guid":{"rendered":"https:\/\/koduspa.ee\/?post_type=product&#038;p=14920"},"modified":"2025-04-23T06:20:47","modified_gmt":"2025-04-23T06:20:47","slug":"cariitti-ce-100-tahtkujuline-klaaskiust-kimp","status":"publish","type":"product","link":"https:\/\/koduspa.ee\/en\/pood\/valgustid-en\/cariitti-ce-100-tahtkujuline-klaaskiust-kimp\/","title":{"rendered":"Klaaskiud kipm CE 100 t\u00e4htkujuline"},"content":{"rendered":"<h6><span style=\"color: #000000;\">100-kiuline klaaskiust kimp sauna valgustamiseks.<\/span><\/h6>\n<h6><span style=\"color: #000000;\">Klaaskiud on kauakestev, vastupidav valik saunavalgustuseks.\u00a0<\/span><\/h6>\n<h6><span style=\"color: #000000;\">T\u00f6\u00f6temperatuur on -50 \u00baC kuni +180 \u00baC. Kiud on v\u00e4ga paindlik ja kergesti k\u00e4sitletav.<\/span><\/h6>\n<h6><span style=\"color: #000000;\">Selle valgusjuhtivus on v\u00e4ga hea ja see ei vanane. <\/span><\/h6>\n<h6><span style=\"color: #000000;\">Klaasplast valgustus on ainus asi, mida saab kerise kohale lakke paigaldada.<\/span><\/h6>\n<h6><span style=\"color: #000000;\">See kimp on m\u00f5eldud sauna t\u00e4histaeva loomiseks.<\/span><\/h6>\n<h6><span style=\"color: #000000;\">Kiu suurus \u00f8 1 mm (S-Flex 1, B1);\u00a0<\/span><\/h6>\n<h6><span style=\"color: #000000;\">pikkused:<\/span><\/h6>\n<ul>\n<li>\n<h6><span style=\"color: #000000;\">25 x 2,0 m<\/span><\/h6>\n<\/li>\n<li>\n<h6><span style=\"color: #000000;\">50 x 2,5 m<\/span><\/h6>\n<\/li>\n<li>\n<h6><span style=\"color: #000000;\">25 x 3,0 m<\/span><\/h6>\n<\/li>\n<\/ul>\n<h6><span style=\"color: #000000;\">Lisaks kiukimbule on vaja projektorit. <\/span><\/h6>\n<h6><strong><span style=\"color: #000000;\">Pange t\u00e4hele, et projektorid VPL10 ja VPL25 ei sobi selle komplekti valgustamiseks. <\/span><\/strong><\/h6>\n<h6><strong><span style=\"color: #000000;\">Paigaldusjuhend:<\/span><\/strong><\/h6>\n<p><a href=\"https:\/\/www.cariitti.fi\/app\/uploads\/2017\/06\/asennusohje-kuidun-asennus.pdf\">https:\/\/www.cariitti.fi\/app\/uploads\/2017\/06\/asennusohje-kuidun-asennus.pdf<\/a><\/p>\n","protected":false},"excerpt":{"rendered":"<p>100-kiuline klaaskiust kimp sauna valgustamiseks. Klaaskiud on kauakestev, vastupidav valik saunavalgustuseks.\u00a0 T\u00f6\u00f6temperatuur on -50 \u00baC kuni +180 \u00baC. Kiud on v\u00e4ga paindlik ja kergesti k\u00e4sitletav. Selle valgusjuhtivus on v\u00e4ga hea ja see ei vanane. Klaasplast valgustus on ainus asi, mida saab kerise kohale lakke paigaldada. See kimp on m\u00f5eldud sauna t\u00e4histaeva loomiseks. Kiu suurus \u00f8 [&hellip;]<\/p>\n","protected":false},"featured_media":14921,"comment_status":"open","ping_status":"closed","template":"","meta":{"_acf_changed":false,"_genesis_hide_title":false,"_genesis_hide_breadcrumbs":false,"_genesis_hide_singular_image":false,"_genesis_hide_footer_widgets":false,"_genesis_custom_body_class":"","_genesis_custom_post_class":"","_genesis_layout":""},"product_brand":[],"product_cat":[180],"product_tag":[],"class_list":{"0":"post-14920","1":"product","2":"type-product","3":"status-publish","4":"has-post-thumbnail","6":"product_cat-valgustid","7":"entry","8":"override","10":"first","11":"instock","12":"shipping-taxable","13":"purchasable","14":"product-type-simple"},"acf":[],"_links":{"self":[{"href":"https:\/\/koduspa.ee\/en\/wp-json\/wp\/v2\/product\/14920","targetHints":{"allow":["GET"]}}],"collection":[{"href":"https:\/\/koduspa.ee\/en\/wp-json\/wp\/v2\/product"}],"about":[{"href":"https:\/\/koduspa.ee\/en\/wp-json\/wp\/v2\/types\/product"}],"replies":[{"embeddable":true,"href":"https:\/\/koduspa.ee\/en\/wp-json\/wp\/v2\/comments?post=14920"}],"wp:featuredmedia":[{"embeddable":true,"href":"https:\/\/koduspa.ee\/en\/wp-json\/wp\/v2\/media\/14921"}],"wp:attachment":[{"href":"https:\/\/koduspa.ee\/en\/wp-json\/wp\/v2\/media?parent=14920"}],"wp:term":[{"taxonomy":"product_brand","embeddable":true,"href":"https:\/\/koduspa.ee\/en\/wp-json\/wp\/v2\/product_brand?post=14920"},{"taxonomy":"product_cat","embeddable":true,"href":"https:\/\/koduspa.ee\/en\/wp-json\/wp\/v2\/product_cat?post=14920"},{"taxonomy":"product_tag","embeddable":true,"href":"https:\/\/koduspa.ee\/en\/wp-json\/wp\/v2\/product_tag?post=14920"}],"curies":[{"name":"wp","href":"https:\/\/api.w.org\/{rel}","templated":true}]}}