{"id":14889,"date":"2024-03-21T11:38:12","date_gmt":"2024-03-21T11:38:12","guid":{"rendered":"https:\/\/koduspa.ee\/?post_type=product&#038;p=14889"},"modified":"2025-04-23T06:49:37","modified_gmt":"2025-04-23T06:49:37","slug":"cariitti-fantasia","status":"publish","type":"product","link":"https:\/\/koduspa.ee\/en\/pood\/valgustid-en\/cariitti-fantasia\/","title":{"rendered":"CARIITTI Fantasia"},"content":{"rendered":"<h6><span style=\"color: #000000;\">Fantasia on purustatud klaassein, mis on nagu tahvel.<\/span><\/h6>\n<h6><span style=\"color: #000000;\">\u00a0Valgustab kahe 6 mm\u00a0<a style=\"color: #000000;\" href=\"https:\/\/www.cariitti.fi\/tuotteet\/kalusteet-valokuidulle\/f602-fantasian-kuitunippu-2-x-3-m\/\" target=\"_blank\" rel=\"noopener noreferrer\">kiuga<\/a> mida saab paigaldada\u00a0 sauna elektrikerise taha.<\/span><\/h6>\n<h6><span style=\"color: #000000;\">T\u00f5eliselt ilus ja teraapiline element, mille olemust on kerge valgusega muuta.\u00a0<\/span><\/h6>\n<h6><span style=\"color: #000000;\">Olenevalt kasutatavast projektorist saate oma soovi j\u00e4rgi <\/span><\/h6>\n<h6><span style=\"color: #000000;\">rakendada helki v\u00f5i v\u00e4rvimuutusefekte. <\/span><\/h6>\n<h6><span style=\"color: #000000;\">T\u00e4iesti ereda valge valgusega tuleb meelde purustatud j\u00e4\u00e4.<\/span><\/h6>\n<h6><span style=\"color: #000000;\">Valige ise, v\u00f5imalusi on palju!<\/span><\/h6>\n<h6><span style=\"color: #000000;\">M\u00f5\u00f5dud: 1000 x 500 x 35 mm.<\/span><\/h6>\n<h6><strong><span style=\"color: #ff0000;\">NB! Fantasia paigaldamisel j\u00e4rgige kerisetootja ohutuskaugusi.<\/span><\/strong><\/h6>\n<h6><strong><span style=\"color: #000000;\">Paigaldusjuhend:<\/span><\/strong><\/h6>\n<h6><span style=\"color: #000000;\">https:\/\/www.cariitti.fi\/app\/uploads\/2017\/06\/fantasia-1589017.pdf<\/span><\/h6>\n","protected":false},"excerpt":{"rendered":"<p>Fantasia on purustatud klaassein, mis on nagu tahvel. \u00a0Valgustab kahe 6 mm\u00a0kiuga mida saab paigaldada\u00a0 sauna elektrikerise taha. T\u00f5eliselt ilus ja teraapiline element, mille olemust on kerge valgusega muuta.\u00a0 Olenevalt kasutatavast projektorist saate oma soovi j\u00e4rgi rakendada helki v\u00f5i v\u00e4rvimuutusefekte. T\u00e4iesti ereda valge valgusega tuleb meelde purustatud j\u00e4\u00e4. Valige ise, v\u00f5imalusi on palju! M\u00f5\u00f5dud: 1000 [&hellip;]<\/p>\n","protected":false},"featured_media":14893,"comment_status":"open","ping_status":"closed","template":"","meta":{"_acf_changed":false,"_genesis_hide_title":false,"_genesis_hide_breadcrumbs":false,"_genesis_hide_singular_image":false,"_genesis_hide_footer_widgets":false,"_genesis_custom_body_class":"","_genesis_custom_post_class":"","_genesis_layout":""},"product_brand":[],"product_cat":[180],"product_tag":[],"class_list":{"0":"post-14889","1":"product","2":"type-product","3":"status-publish","4":"has-post-thumbnail","6":"product_cat-valgustid","7":"entry","8":"override","10":"first","11":"instock","12":"shipping-taxable","13":"purchasable","14":"product-type-simple"},"acf":[],"_links":{"self":[{"href":"https:\/\/koduspa.ee\/en\/wp-json\/wp\/v2\/product\/14889","targetHints":{"allow":["GET"]}}],"collection":[{"href":"https:\/\/koduspa.ee\/en\/wp-json\/wp\/v2\/product"}],"about":[{"href":"https:\/\/koduspa.ee\/en\/wp-json\/wp\/v2\/types\/product"}],"replies":[{"embeddable":true,"href":"https:\/\/koduspa.ee\/en\/wp-json\/wp\/v2\/comments?post=14889"}],"wp:featuredmedia":[{"embeddable":true,"href":"https:\/\/koduspa.ee\/en\/wp-json\/wp\/v2\/media\/14893"}],"wp:attachment":[{"href":"https:\/\/koduspa.ee\/en\/wp-json\/wp\/v2\/media?parent=14889"}],"wp:term":[{"taxonomy":"product_brand","embeddable":true,"href":"https:\/\/koduspa.ee\/en\/wp-json\/wp\/v2\/product_brand?post=14889"},{"taxonomy":"product_cat","embeddable":true,"href":"https:\/\/koduspa.ee\/en\/wp-json\/wp\/v2\/product_cat?post=14889"},{"taxonomy":"product_tag","embeddable":true,"href":"https:\/\/koduspa.ee\/en\/wp-json\/wp\/v2\/product_tag?post=14889"}],"curies":[{"name":"wp","href":"https:\/\/api.w.org\/{rel}","templated":true}]}}