{"id":14881,"date":"2024-03-21T11:29:11","date_gmt":"2024-03-21T11:29:11","guid":{"rendered":"https:\/\/koduspa.ee\/?post_type=product&#038;p=14881"},"modified":"2025-04-23T07:22:27","modified_gmt":"2025-04-23T07:22:27","slug":"cariitti-lamp-lh-100","status":"publish","type":"product","link":"https:\/\/koduspa.ee\/en\/pood\/valgustid\/cariitti-lamp-lh-100\/","title":{"rendered":"Seinavalgusti LH-100"},"content":{"rendered":"<h6><span style=\"color: #000000;\">Lambi materjaliks on poleeritud roostevaba teras ja satiinklaas.\u00a0<\/span><\/h6>\n<h6><span style=\"color: #000000;\">Valgustab \u00fche LED-i v\u00f5i \u00fche 2-4 mm kiuga.<\/span><\/h6>\n<ul>\n<li>\n<h6><span style=\"color: #000000;\">Roostevaba teras<\/span><\/h6>\n<\/li>\n<li>\n<h6><span style=\"color: #000000;\">Satiinklaas<\/span><\/h6>\n<\/li>\n<li>\n<h6><span style=\"color: #000000;\">Kinnitusava \u00d8 12 mm<\/span><\/h6>\n<\/li>\n<li>\n<h6><span style=\"color: #000000;\">Kaasas pigistatav laiendush\u00fclss<\/span><\/h6>\n<\/li>\n<\/ul>\n<h6><strong><span style=\"color: #000000;\">Paigaldusjuhend:<\/span><\/strong><\/h6>\n<h6><a href=\"https:\/\/www.cariitti.fi\/app\/uploads\/2017\/06\/Majakka-kuituversio-1545802.pdf\"><span style=\"color: #000000;\">https:\/\/www.cariitti.fi\/app\/uploads\/2017\/06\/Majakka-kuituversio-1545802.pdf<\/span><\/a><\/h6>\n","protected":false},"excerpt":{"rendered":"<p>Lambi materjaliks on poleeritud roostevaba teras ja satiinklaas.\u00a0 Valgustab \u00fche LED-i v\u00f5i \u00fche 2-4 mm kiuga. Roostevaba teras Satiinklaas Kinnitusava \u00d8 12 mm Kaasas pigistatav laiendush\u00fclss Paigaldusjuhend: https:\/\/www.cariitti.fi\/app\/uploads\/2017\/06\/Majakka-kuituversio-1545802.pdf<\/p>\n","protected":false},"featured_media":14882,"comment_status":"open","ping_status":"closed","template":"","meta":{"_acf_changed":false,"_genesis_hide_title":false,"_genesis_hide_breadcrumbs":false,"_genesis_hide_singular_image":false,"_genesis_hide_footer_widgets":false,"_genesis_custom_body_class":"","_genesis_custom_post_class":"","_genesis_layout":""},"product_cat":[180],"product_tag":[],"acf":[],"_links":{"self":[{"href":"https:\/\/koduspa.ee\/en\/wp-json\/wp\/v2\/product\/14881"}],"collection":[{"href":"https:\/\/koduspa.ee\/en\/wp-json\/wp\/v2\/product"}],"about":[{"href":"https:\/\/koduspa.ee\/en\/wp-json\/wp\/v2\/types\/product"}],"replies":[{"embeddable":true,"href":"https:\/\/koduspa.ee\/en\/wp-json\/wp\/v2\/comments?post=14881"}],"wp:featuredmedia":[{"embeddable":true,"href":"https:\/\/koduspa.ee\/en\/wp-json\/wp\/v2\/media\/14882"}],"wp:attachment":[{"href":"https:\/\/koduspa.ee\/en\/wp-json\/wp\/v2\/media?parent=14881"}],"wp:term":[{"taxonomy":"product_cat","embeddable":true,"href":"https:\/\/koduspa.ee\/en\/wp-json\/wp\/v2\/product_cat?post=14881"},{"taxonomy":"product_tag","embeddable":true,"href":"https:\/\/koduspa.ee\/en\/wp-json\/wp\/v2\/product_tag?post=14881"}],"curies":[{"name":"wp","href":"https:\/\/api.w.org\/{rel}","templated":true}]}}