{"id":14753,"date":"2024-03-21T06:26:22","date_gmt":"2024-03-21T06:26:22","guid":{"rendered":"https:\/\/koduspa.ee\/?post_type=product&#038;p=14753"},"modified":"2025-04-23T08:17:54","modified_gmt":"2025-04-23T08:17:54","slug":"cariitti-saunavalgusti-komplekt-vpl10-e161","status":"publish","type":"product","link":"https:\/\/koduspa.ee\/en\/pood\/valgustid-en\/cariitti-saunavalgusti-komplekt-vpl10-e161\/","title":{"rendered":"Saunavalgusti komplekt VPL10-E161"},"content":{"rendered":"<h6><span style=\"color: #000000;\">Saunavalgusti komplekt 16 kiuga, 1 W LED projektor (IP55).<\/span><\/h6>\n<h6><span style=\"color: #000000;\">1 W LED projektoriga varustatud saunavalgustite komplekt garanteerib <\/span><\/h6>\n<h6><span style=\"color: #000000;\">madala energiakulu ja v\u00e4ga pika kasutusea.\u00a0<\/span><\/h6>\n<h6><span style=\"color: #000000;\">T\u00e4iesti vaiksed, madala kuumusega LED-projektorid on spetsiaalselt <\/span><\/h6>\n<h6><span style=\"color: #000000;\">disainitud sauna valgustamiseks.\u00a0<\/span><\/h6>\n<h6><span style=\"color: #000000;\">See sari sobib v\u00e4ikese ca 2m2 sauna valgustamiseks.<\/span><\/h6>\n<ul>\n<li>\n<h6><span style=\"color: #000000;\">Pole h\u00e4mardatav<\/span><\/h6>\n<\/li>\n<li>\n<h6><span style=\"color: #000000;\">230V \/ 1W \/ 350mA<\/span><\/h6>\n<\/li>\n<li>\n<h6><span style=\"color: #000000;\">3000 K \/ Ra &gt;85<\/span><\/h6>\n<\/li>\n<li>\n<h6><span style=\"color: #000000;\">Projektori kaitseklass IP55, paigaldatav sauna riiuli alla, max.\u00a080 cm p\u00f5randast.<\/span><\/h6>\n<\/li>\n<li>\n<h6><span style=\"color: #000000;\">Projektori m\u00f5\u00f5dud: \u00d8 30 mm, pikkus 85 mm, paigalduskarp 85 x 85 mm.<\/span><\/h6>\n<\/li>\n<li>\n<h6><span style=\"color: #000000;\">Kaasas soojendusl\u00e4\u00e4ts<\/span><\/h6>\n<\/li>\n<li>\n<h6><span style=\"color: #000000;\">S-flex 1,5 (B1,5) kiudude pikkused: 5 x 1,5 m, 6 x 2,0 m ja 5 x 2,5 m<\/span><\/h6>\n<\/li>\n<\/ul>\n<h6><span style=\"color: #000000;\">See sari sobib v\u00e4ga h\u00e4sti v\u00e4ikeste saunade valgustamiseks.<\/span><\/h6>\n<h6><span style=\"color: #000000;\">Sarja kiud on klaasist ja taluvad 180\u00b0C kuumust. <\/span><\/h6>\n<h6><span style=\"color: #000000;\">Sarja kiud sobivad paigaldamiseks nii laudadele kui lakke.<\/span><\/h6>\n<h6><span style=\"color: #000000;\">\u00a0Projektori paigaldusk\u00f5rgus max.\u00a070 cm p\u00f5randast.<\/span><\/h6>\n<h6><span style=\"color: #ff0000;\">\u00a0<strong>NB! Kiudu ei tohi l\u00f5igata!\u00a0<\/strong><\/span><\/h6>\n<h6><strong><span style=\"color: #000000;\">Paigaldusjuhend:<\/span><\/strong><\/h6>\n<div><a href=\"https:\/\/www.cariitti.fi\/app\/uploads\/2023\/03\/vpl10_ip55_versio_2021-1_e.pdf\">https:\/\/www.cariitti.fi\/app\/uploads\/2023\/03\/vpl10_ip55_versio_2021-1_e.pdf<\/a><\/div>\n<div><a href=\"https:\/\/www.cariitti.fi\/app\/uploads\/2017\/06\/asennusohje-kuidun-asennus.pdf\">https:\/\/www.cariitti.fi\/app\/uploads\/2017\/06\/asennusohje-kuidun-asennus.pdf<\/a><\/div>\n<div><\/div>\n","protected":false},"excerpt":{"rendered":"<p>Saunavalgusti komplekt 16 kiuga, 1 W LED projektor (IP55). 1 W LED projektoriga varustatud saunavalgustite komplekt garanteerib madala energiakulu ja v\u00e4ga pika kasutusea.\u00a0 T\u00e4iesti vaiksed, madala kuumusega LED-projektorid on spetsiaalselt disainitud sauna valgustamiseks.\u00a0 See sari sobib v\u00e4ikese ca 2m2 sauna valgustamiseks. Pole h\u00e4mardatav 230V \/ 1W \/ 350mA 3000 K \/ Ra &gt;85 Projektori kaitseklass [&hellip;]<\/p>\n","protected":false},"featured_media":14754,"comment_status":"open","ping_status":"closed","template":"","meta":{"_acf_changed":false,"_genesis_hide_title":false,"_genesis_hide_breadcrumbs":false,"_genesis_hide_singular_image":false,"_genesis_hide_footer_widgets":false,"_genesis_custom_body_class":"","_genesis_custom_post_class":"","_genesis_layout":""},"product_brand":[],"product_cat":[180],"product_tag":[],"class_list":{"0":"post-14753","1":"product","2":"type-product","3":"status-publish","4":"has-post-thumbnail","6":"product_cat-valgustid","7":"entry","8":"override","10":"first","11":"instock","12":"shipping-taxable","13":"purchasable","14":"product-type-simple"},"acf":[],"_links":{"self":[{"href":"https:\/\/koduspa.ee\/en\/wp-json\/wp\/v2\/product\/14753","targetHints":{"allow":["GET"]}}],"collection":[{"href":"https:\/\/koduspa.ee\/en\/wp-json\/wp\/v2\/product"}],"about":[{"href":"https:\/\/koduspa.ee\/en\/wp-json\/wp\/v2\/types\/product"}],"replies":[{"embeddable":true,"href":"https:\/\/koduspa.ee\/en\/wp-json\/wp\/v2\/comments?post=14753"}],"wp:featuredmedia":[{"embeddable":true,"href":"https:\/\/koduspa.ee\/en\/wp-json\/wp\/v2\/media\/14754"}],"wp:attachment":[{"href":"https:\/\/koduspa.ee\/en\/wp-json\/wp\/v2\/media?parent=14753"}],"wp:term":[{"taxonomy":"product_brand","embeddable":true,"href":"https:\/\/koduspa.ee\/en\/wp-json\/wp\/v2\/product_brand?post=14753"},{"taxonomy":"product_cat","embeddable":true,"href":"https:\/\/koduspa.ee\/en\/wp-json\/wp\/v2\/product_cat?post=14753"},{"taxonomy":"product_tag","embeddable":true,"href":"https:\/\/koduspa.ee\/en\/wp-json\/wp\/v2\/product_tag?post=14753"}],"curies":[{"name":"wp","href":"https:\/\/api.w.org\/{rel}","templated":true}]}}