{"id":14667,"date":"2024-03-19T09:28:35","date_gmt":"2024-03-19T09:28:35","guid":{"rendered":"https:\/\/koduspa.ee\/?post_type=product&#038;p=14667"},"modified":"2025-04-23T06:10:44","modified_gmt":"2025-04-23T06:10:44","slug":"cariiti-tahistaeva-komplekt-vpl30t-300-sadeleva-efektiga","status":"publish","type":"product","link":"https:\/\/koduspa.ee\/en\/pood\/valgustid-en\/cariiti-tahistaeva-komplekt-vpl30t-300-sadeleva-efektiga\/","title":{"rendered":"T\u00c4HISTAEVA KOMPLEKT VPL30T-300 s\u00e4deleva efektiga"},"content":{"rendered":"<h6><span style=\"color: #000000;\">300 kiudu ja s\u00e4deleva efektiga VPL30T projektor.<\/span><\/h6>\n<h6><span style=\"color: #000000;\">T\u00e4histaeva suurus on ca 6-10 m\u00b2.<\/span><\/h6>\n<h6><span style=\"color: #000000;\">Sarja kiud on plastikust ja taluvad 80 \u00b0C kuumust.\u00a0<\/span><\/h6>\n<h6><span style=\"color: #000000;\">Sarja kiude ei tohi paigaldada leilisauna,<\/span><\/h6>\n<h6><span style=\"color: #000000;\">sobib auru- ja infrapunasauna, mille temperatuur on alla 80 \u00b0C.<\/span><\/h6>\n<h6><span style=\"color: #000000;\">Projektor on varustatud s\u00e4deleva efektiga,<\/span><\/h6>\n<h6><span style=\"color: #000000;\">mis paneb t\u00e4hed aeglaselt vilkuma.<\/span><\/h6>\n<h6><span style=\"color: #000000;\">See s\u00e4delev efekt on k\u00f5ige l\u00e4hemal t\u00f5elisele t\u00e4histaevale,<\/span><\/h6>\n<h6><span style=\"color: #000000;\">kus t\u00e4hed kergelt heledamaks ja tuhmuvad ilma korrap\u00e4rase r\u00fctmita.\u00a0<\/span><\/h6>\n<h6><span style=\"color: #000000;\">Projektori valgusallikaks on eredad LED-id (4000 K) k\u00fclm valgus.<\/span><\/h6>\n<h6><span style=\"color: #000000;\">T\u00e4ielik paigaldusvalmis komplekt sisaldab projektorit ja kiudude komplekti.\u00a0<\/span><\/h6>\n<h6><span style=\"color: #000000;\">Kiu suurus on \u00f8 0,75 mm, kiudude kogused ja pikkused on j\u00e4rgmised;<\/span><\/h6>\n<ul>\n<li>\n<h6><span style=\"color: #000000;\">75 x 3,0 m<\/span><\/h6>\n<\/li>\n<li>\n<h6><span style=\"color: #000000;\">75 x 3,5 m<\/span><\/h6>\n<\/li>\n<li>\n<h6><span style=\"color: #000000;\">75 x 4,0 m<\/span><\/h6>\n<\/li>\n<li>\n<h6><span style=\"color: #000000;\">75 x 4,5 m<\/span><\/h6>\n<\/li>\n<\/ul>\n<h6><strong><span style=\"color: #000000;\"><span style=\"color: #ff0000;\">NB! Kasutatav liim Epoksiid v\u00f5i vees lahustuv puiduliim.<\/span><\/span><\/strong><\/h6>\n<div>\n<h6><span style=\"color: #000000;\">K\u00f5igi muude liimide kasutamine v\u00f5ib kiude kahjustada.<\/span><\/h6>\n<h6><strong><span style=\"color: #000000;\">Paigaldusjuhend:<\/span><\/strong><\/h6>\n<h6><span style=\"color: #000000;\"><a style=\"color: #000000;\" href=\"https:\/\/www.cariitti.fi\/app\/uploads\/2017\/06\/asennusohje-tahtitaivas.pdf\">https:\/\/www.cariitti.fi\/app\/uploads\/2017\/06\/asennusohje-tahtitaivas.pdf<\/a><\/span><\/h6>\n<h6><span style=\"color: #000000;\">https:\/\/www.cariitti.fi\/app\/uploads\/2017\/06\/asennusohje_vpl30_t_kt_ct_nl_fl.pdf<\/span><\/h6>\n<\/div>\n","protected":false},"excerpt":{"rendered":"<p>300 kiudu ja s\u00e4deleva efektiga VPL30T projektor. T\u00e4histaeva suurus on ca 6-10 m\u00b2. Sarja kiud on plastikust ja taluvad 80 \u00b0C kuumust.\u00a0 Sarja kiude ei tohi paigaldada leilisauna, sobib auru- ja infrapunasauna, mille temperatuur on alla 80 \u00b0C. Projektor on varustatud s\u00e4deleva efektiga, mis paneb t\u00e4hed aeglaselt vilkuma. See s\u00e4delev efekt on k\u00f5ige l\u00e4hemal t\u00f5elisele [&hellip;]<\/p>\n","protected":false},"featured_media":14647,"comment_status":"open","ping_status":"closed","template":"","meta":{"_acf_changed":false,"_genesis_hide_title":false,"_genesis_hide_breadcrumbs":false,"_genesis_hide_singular_image":false,"_genesis_hide_footer_widgets":false,"_genesis_custom_body_class":"","_genesis_custom_post_class":"","_genesis_layout":""},"product_brand":[],"product_cat":[180],"product_tag":[],"class_list":{"0":"post-14667","1":"product","2":"type-product","3":"status-publish","4":"has-post-thumbnail","6":"product_cat-valgustid","7":"entry","8":"override","10":"first","11":"instock","12":"shipping-taxable","13":"purchasable","14":"product-type-simple"},"acf":[],"_links":{"self":[{"href":"https:\/\/koduspa.ee\/en\/wp-json\/wp\/v2\/product\/14667","targetHints":{"allow":["GET"]}}],"collection":[{"href":"https:\/\/koduspa.ee\/en\/wp-json\/wp\/v2\/product"}],"about":[{"href":"https:\/\/koduspa.ee\/en\/wp-json\/wp\/v2\/types\/product"}],"replies":[{"embeddable":true,"href":"https:\/\/koduspa.ee\/en\/wp-json\/wp\/v2\/comments?post=14667"}],"wp:featuredmedia":[{"embeddable":true,"href":"https:\/\/koduspa.ee\/en\/wp-json\/wp\/v2\/media\/14647"}],"wp:attachment":[{"href":"https:\/\/koduspa.ee\/en\/wp-json\/wp\/v2\/media?parent=14667"}],"wp:term":[{"taxonomy":"product_brand","embeddable":true,"href":"https:\/\/koduspa.ee\/en\/wp-json\/wp\/v2\/product_brand?post=14667"},{"taxonomy":"product_cat","embeddable":true,"href":"https:\/\/koduspa.ee\/en\/wp-json\/wp\/v2\/product_cat?post=14667"},{"taxonomy":"product_tag","embeddable":true,"href":"https:\/\/koduspa.ee\/en\/wp-json\/wp\/v2\/product_tag?post=14667"}],"curies":[{"name":"wp","href":"https:\/\/api.w.org\/{rel}","templated":true}]}}