{"id":14432,"date":"2023-11-07T13:22:44","date_gmt":"2023-11-07T13:22:44","guid":{"rendered":"https:\/\/koduspa.ee\/?post_type=product&#038;p=14432"},"modified":"2024-03-27T07:13:23","modified_gmt":"2024-03-27T07:13:23","slug":"ratik-tylo-70x150cm","status":"publish","type":"product","link":"https:\/\/koduspa.ee\/en\/pood\/aksessuaarid-en\/ratik-tylo-70x150cm\/","title":{"rendered":"SAUNAR\u00c4TIK TYL\u00d6 70x150cm"},"content":{"rendered":"<div class=\"row\">\n<div class=\"col-12\">\n<h6 class=\"ng-star-inserted\"><span style=\"font-size: 16px; color: #000000;\">Pehme 100% puuvillast vannilina, <\/span><\/h6>\n<h6 class=\"ng-star-inserted\"><span style=\"font-size: 16px; color: #000000;\">mis on suure imavusega ja kuivab kiiresti. <\/span><\/h6>\n<h6 class=\"ng-star-inserted\"><span style=\"font-size: 16px; color: #000000;\">R\u00e4tik on valge, l\u00fchikestel k\u00fclgedel meresiniste<\/span><\/h6>\n<h6 class=\"ng-star-inserted\"><span style=\"font-size: 16px; color: #000000;\"> kontrastsete triipudega ja kootud Tyl\u00f6 logoga.<\/span><\/h6>\n<h6 class=\"ng-star-inserted\"><span style=\"font-size: 16px; color: #000000;\">Aasad nii l\u00fchikesel kui ka pikemal k\u00fcljel h\u00f5lpsaks riputamiseks. <\/span><\/h6>\n<h6 class=\"ng-star-inserted\"><span style=\"font-size: 16px; color: #000000;\">Materjal: 100% puuvill.<\/span><\/h6>\n<h6 class=\"ng-star-inserted\"><span style=\"font-size: 16px; color: #000000;\">Suurus: 70&#215;150 cm.<\/span><\/h6>\n<\/div>\n<\/div>\n","protected":false},"excerpt":{"rendered":"<p>Pehme 100% puuvillast vannilina, mis on suure imavusega ja kuivab kiiresti. R\u00e4tik on valge, l\u00fchikestel k\u00fclgedel meresiniste kontrastsete triipudega ja kootud Tyl\u00f6 logoga. Aasad nii l\u00fchikesel kui ka pikemal k\u00fcljel h\u00f5lpsaks riputamiseks. Materjal: 100% puuvill. Suurus: 70&#215;150 cm.<\/p>\n","protected":false},"featured_media":14433,"comment_status":"open","ping_status":"closed","template":"","meta":{"_acf_changed":false,"_genesis_hide_title":false,"_genesis_hide_breadcrumbs":false,"_genesis_hide_singular_image":false,"_genesis_hide_footer_widgets":false,"_genesis_custom_body_class":"","_genesis_custom_post_class":"","_genesis_layout":""},"product_brand":[],"product_cat":[184],"product_tag":[],"class_list":{"0":"post-14432","1":"product","2":"type-product","3":"status-publish","4":"has-post-thumbnail","6":"product_cat-aksessuaarid","7":"entry","8":"override","10":"first","11":"instock","12":"shipping-taxable","13":"purchasable","14":"product-type-simple"},"acf":[],"_links":{"self":[{"href":"https:\/\/koduspa.ee\/en\/wp-json\/wp\/v2\/product\/14432","targetHints":{"allow":["GET"]}}],"collection":[{"href":"https:\/\/koduspa.ee\/en\/wp-json\/wp\/v2\/product"}],"about":[{"href":"https:\/\/koduspa.ee\/en\/wp-json\/wp\/v2\/types\/product"}],"replies":[{"embeddable":true,"href":"https:\/\/koduspa.ee\/en\/wp-json\/wp\/v2\/comments?post=14432"}],"wp:featuredmedia":[{"embeddable":true,"href":"https:\/\/koduspa.ee\/en\/wp-json\/wp\/v2\/media\/14433"}],"wp:attachment":[{"href":"https:\/\/koduspa.ee\/en\/wp-json\/wp\/v2\/media?parent=14432"}],"wp:term":[{"taxonomy":"product_brand","embeddable":true,"href":"https:\/\/koduspa.ee\/en\/wp-json\/wp\/v2\/product_brand?post=14432"},{"taxonomy":"product_cat","embeddable":true,"href":"https:\/\/koduspa.ee\/en\/wp-json\/wp\/v2\/product_cat?post=14432"},{"taxonomy":"product_tag","embeddable":true,"href":"https:\/\/koduspa.ee\/en\/wp-json\/wp\/v2\/product_tag?post=14432"}],"curies":[{"name":"wp","href":"https:\/\/api.w.org\/{rel}","templated":true}]}}