{"id":14384,"date":"2023-11-07T07:19:13","date_gmt":"2023-11-07T07:19:13","guid":{"rendered":"https:\/\/koduspa.ee\/?post_type=product&#038;p=14384"},"modified":"2025-11-21T08:17:19","modified_gmt":"2025-11-21T08:17:19","slug":"luhta-sauna-pingi-kate-150x45cm","status":"publish","type":"product","link":"https:\/\/koduspa.ee\/en\/pood\/aksessuaarid-en\/luhta-sauna-pingi-kate-150x45cm\/","title":{"rendered":"LUHTA SAUNA PINGI KATE 150x45cm"},"content":{"rendered":"<div class=\"row\">\n<div class=\"col-12\"><\/div>\n<\/div>\n<div class=\"row ng-star-inserted\">\n<div class=\"col-12\">\n<h6 class=\"mb-0\"><span style=\"color: #000000;\"><span style=\"font-size: 16px;\">Sauna pingi kattel on graafiline kootud kontrollmuster. <\/span><\/span><\/h6>\n<h6 class=\"mb-0\"><span style=\"color: #000000;\"><span style=\"font-size: 16px;\">Ruutu saunatooted on korralik ja imav puuvilla-linase segu, <\/span><\/span><\/h6>\n<h6 class=\"mb-0\"><span style=\"color: #000000;\"><span style=\"font-size: 16px;\">mis muutub kasutamisega ainult paremaks. <\/span><\/span><\/h6>\n<h6 class=\"mb-0\"><span style=\"color: #000000;\"><span style=\"font-size: 16px;\">MATERJAL 40% LI 60% puuvill.<\/span><\/span><\/h6>\n<h6 class=\"mb-0\"><span style=\"color: #000000;\"><span style=\"font-size: 16px;\"> Puuvill: Lihtsalt kasutatav ja tuttav looduslik materjal. <\/span><\/span><\/h6>\n<h6 class=\"mb-0\"><span style=\"color: #000000;\"><span style=\"font-size: 16px;\">Lina: On vastupidav ja v\u00e4ga h\u00e4sti kuivav looduslik materjal. <\/span><\/span><\/h6>\n<h6 class=\"mb-0\"><span style=\"color: #000000;\"><span style=\"font-size: 16px;\">OMADUSED: Suurus: 150 x 45cm. <\/span><span style=\"font-size: 16px;\">V\u00e4rvitud l\u00f5ng\/linasegu. <\/span><\/span><\/h6>\n<h6 class=\"mb-0\"><span style=\"color: #000000;\"><span style=\"font-size: 16px;\">Toode on keemiliselt testitud ja \u00d6ko-Tex sertifikaadiga.<\/span><\/span><\/h6>\n<\/div>\n<\/div>\n","protected":false},"excerpt":{"rendered":"<p>Sauna pingi kattel on graafiline kootud kontrollmuster. Ruutu saunatooted on korralik ja imav puuvilla-linase segu, mis muutub kasutamisega ainult paremaks. MATERJAL 40% LI 60% puuvill. Puuvill: Lihtsalt kasutatav ja tuttav looduslik materjal. Lina: On vastupidav ja v\u00e4ga h\u00e4sti kuivav looduslik materjal. OMADUSED: Suurus: 150 x 45cm. V\u00e4rvitud l\u00f5ng\/linasegu. Toode on keemiliselt testitud ja \u00d6ko-Tex sertifikaadiga.<\/p>\n","protected":false},"featured_media":14385,"comment_status":"open","ping_status":"closed","template":"","meta":{"_acf_changed":false,"_genesis_hide_title":false,"_genesis_hide_breadcrumbs":false,"_genesis_hide_singular_image":false,"_genesis_hide_footer_widgets":false,"_genesis_custom_body_class":"","_genesis_custom_post_class":"","_genesis_layout":""},"product_brand":[],"product_cat":[184],"product_tag":[],"class_list":{"0":"post-14384","1":"product","2":"type-product","3":"status-publish","4":"has-post-thumbnail","6":"product_cat-aksessuaarid","7":"entry","8":"override","10":"first","11":"instock","12":"shipping-taxable","13":"purchasable","14":"product-type-simple"},"acf":[],"_links":{"self":[{"href":"https:\/\/koduspa.ee\/en\/wp-json\/wp\/v2\/product\/14384","targetHints":{"allow":["GET"]}}],"collection":[{"href":"https:\/\/koduspa.ee\/en\/wp-json\/wp\/v2\/product"}],"about":[{"href":"https:\/\/koduspa.ee\/en\/wp-json\/wp\/v2\/types\/product"}],"replies":[{"embeddable":true,"href":"https:\/\/koduspa.ee\/en\/wp-json\/wp\/v2\/comments?post=14384"}],"wp:featuredmedia":[{"embeddable":true,"href":"https:\/\/koduspa.ee\/en\/wp-json\/wp\/v2\/media\/14385"}],"wp:attachment":[{"href":"https:\/\/koduspa.ee\/en\/wp-json\/wp\/v2\/media?parent=14384"}],"wp:term":[{"taxonomy":"product_brand","embeddable":true,"href":"https:\/\/koduspa.ee\/en\/wp-json\/wp\/v2\/product_brand?post=14384"},{"taxonomy":"product_cat","embeddable":true,"href":"https:\/\/koduspa.ee\/en\/wp-json\/wp\/v2\/product_cat?post=14384"},{"taxonomy":"product_tag","embeddable":true,"href":"https:\/\/koduspa.ee\/en\/wp-json\/wp\/v2\/product_tag?post=14384"}],"curies":[{"name":"wp","href":"https:\/\/api.w.org\/{rel}","templated":true}]}}