{"id":14221,"date":"2023-09-20T09:26:08","date_gmt":"2023-09-20T09:26:08","guid":{"rendered":"https:\/\/koduspa.ee\/?post_type=product&#038;p=14221"},"modified":"2025-10-29T07:03:26","modified_gmt":"2025-10-29T07:03:26","slug":"elektrikeris-tylo-crown-6-elite-must","status":"publish","type":"product","link":"https:\/\/koduspa.ee\/en\/pood\/tylo-elektrikerised-en\/elektrikeris-tylo-crown-6-elite-must\/","title":{"rendered":"ELEKTRIKERIS CROWN 6 ELITE MUST"},"content":{"rendered":"<h6><span style=\"color: #000000;\">Keris on kergesti paigutatav sauna. <\/span><\/h6>\n<h6><span style=\"color: #000000;\">P\u00f5randal seisvat seadet on oma kitsaste 40 cm laiuste k\u00fclgedega lihtne paigutada nurka, <\/span><\/h6>\n<h6><span style=\"color: #000000;\">vastu seina v\u00f5i vastu klaasist esik\u00fclge. <\/span><\/h6>\n<h6><span style=\"color: #000000;\">Standardvarustuses kasutatakse juhuslike p\u00f5letuste eest<\/span><\/h6>\n<h6><span style=\"color: #000000;\"> kaitsmiseks ainulaadset Thermosafe\u2122 puutekaitset. <\/span><\/h6>\n<h6><span style=\"color: #000000;\">Seadmel on sisseehitatud valgustus. Kaasas juhtpaneel Elite wifi v\u00f5imalusega.<\/span><\/h6>\n<h6><span style=\"color: #000000;\">M\u00f5\u00f5t S365xL365xK806mm<\/span><\/h6>\n<h6><span style=\"color: #000000;\">6,6 kW, saunaruumile 4-6m3,\u00a0<\/span><\/h6>\n<h6><span style=\"color: #000000;\">OHUTUSKAUGUS:K\u00fclg\/sein 50mm, lagi 1900mm.\u00a0<\/span><\/h6>\n<h6><span style=\"color: #000000;\">Paigaldus- ja kasutusjuhend:<\/span><\/h6>\n<p><a href=\"https:\/\/s3-eu-west-1.amazonaws.com\/gung-images-bucket-ireland\/tylo\/pim-item\/61002000\/2900%205500%20CROWN%20ELITE%20installation.pdf\">https:\/\/s3-eu-west-1.amazonaws.com\/gung-images-bucket-ireland\/tylo\/pim-item\/61002000\/2900%205500%20CROWN%20ELITE%20installation.pdf<\/a><\/p>\n<p><a href=\"https:\/\/s3-eu-west-1.amazonaws.com\/gung-images-bucket-ireland\/tylo\/pim-item\/61002000\/2900%205510%20CROWN%20ELITE%20User%20guide.pdf\">https:\/\/s3-eu-west-1.amazonaws.com\/gung-images-bucket-ireland\/tylo\/pim-item\/61002000\/2900%205510%20CROWN%20ELITE%20User%20guide.pdf<\/a><\/p>\n<p><a href=\"https:\/\/s3-eu-west-1.amazonaws.com\/gung-images-bucket-ireland\/tylo\/pim-item\/61002000\/2900%205540%20lift%20out%20Crown.pdf\">https:\/\/s3-eu-west-1.amazonaws.com\/gung-images-bucket-ireland\/tylo\/pim-item\/61002000\/2900%205540%20lift%20out%20Crown.pdf<\/a><\/p>\n<p>&nbsp;<\/p>\n","protected":false},"excerpt":{"rendered":"<p>Keris on kergesti paigutatav sauna. P\u00f5randal seisvat seadet on oma kitsaste 40 cm laiuste k\u00fclgedega lihtne paigutada nurka, vastu seina v\u00f5i vastu klaasist esik\u00fclge. Standardvarustuses kasutatakse juhuslike p\u00f5letuste eest kaitsmiseks ainulaadset Thermosafe\u2122 puutekaitset. Seadmel on sisseehitatud valgustus. Kaasas juhtpaneel Elite wifi v\u00f5imalusega. M\u00f5\u00f5t S365xL365xK806mm 6,6 kW, saunaruumile 4-6m3,\u00a0 OHUTUSKAUGUS:K\u00fclg\/sein 50mm, lagi 1900mm.\u00a0 Paigaldus- ja kasutusjuhend: [&hellip;]<\/p>\n","protected":false},"featured_media":14225,"comment_status":"open","ping_status":"closed","template":"","meta":{"_acf_changed":false,"_genesis_hide_title":false,"_genesis_hide_breadcrumbs":false,"_genesis_hide_singular_image":false,"_genesis_hide_footer_widgets":false,"_genesis_custom_body_class":"","_genesis_custom_post_class":"","_genesis_layout":""},"product_brand":[],"product_cat":[173],"product_tag":[],"class_list":{"0":"post-14221","1":"product","2":"type-product","3":"status-publish","4":"has-post-thumbnail","6":"product_cat-tylo-elektrikerised","7":"entry","8":"override","10":"first","11":"instock","12":"shipping-taxable","13":"purchasable","14":"product-type-simple"},"acf":[],"_links":{"self":[{"href":"https:\/\/koduspa.ee\/en\/wp-json\/wp\/v2\/product\/14221","targetHints":{"allow":["GET"]}}],"collection":[{"href":"https:\/\/koduspa.ee\/en\/wp-json\/wp\/v2\/product"}],"about":[{"href":"https:\/\/koduspa.ee\/en\/wp-json\/wp\/v2\/types\/product"}],"replies":[{"embeddable":true,"href":"https:\/\/koduspa.ee\/en\/wp-json\/wp\/v2\/comments?post=14221"}],"wp:featuredmedia":[{"embeddable":true,"href":"https:\/\/koduspa.ee\/en\/wp-json\/wp\/v2\/media\/14225"}],"wp:attachment":[{"href":"https:\/\/koduspa.ee\/en\/wp-json\/wp\/v2\/media?parent=14221"}],"wp:term":[{"taxonomy":"product_brand","embeddable":true,"href":"https:\/\/koduspa.ee\/en\/wp-json\/wp\/v2\/product_brand?post=14221"},{"taxonomy":"product_cat","embeddable":true,"href":"https:\/\/koduspa.ee\/en\/wp-json\/wp\/v2\/product_cat?post=14221"},{"taxonomy":"product_tag","embeddable":true,"href":"https:\/\/koduspa.ee\/en\/wp-json\/wp\/v2\/product_tag?post=14221"}],"curies":[{"name":"wp","href":"https:\/\/api.w.org\/{rel}","templated":true}]}}