{"id":14206,"date":"2023-09-19T12:36:21","date_gmt":"2023-09-19T12:36:21","guid":{"rendered":"https:\/\/koduspa.ee\/?post_type=product&#038;p=14206"},"modified":"2024-04-06T13:10:43","modified_gmt":"2024-04-06T13:10:43","slug":"saunasisu-ribi-180x180-lepp","status":"publish","type":"product","link":"https:\/\/koduspa.ee\/en\/pood\/saunaruumid-en\/saunasisu-ribi-180x180-lepp\/","title":{"rendered":"TYL\u00d6 SAUNASISU RIBI 180X180 LEPP"},"content":{"rendered":"<h6><span style=\"color: #000000;\">Kohandatud interj\u00f6\u00f6r 28x28mm lepa liistudes Sauna Reflection 180&#215;180 jaoks. <\/span><\/h6>\n<h6><span style=\"color: #000000;\">Interj\u00f6\u00f6r koosneb kahest pingist m\u00f5\u00f5tmetega 376x1644mm ja 434x1644mm. <\/span><\/h6>\n<h6><span style=\"color: #000000;\">Pinkidel lasergraveeritud logo. <\/span><\/h6>\n<h6><span style=\"color: #000000;\">Sauna Reflection Rib ruumis on interj\u00f6\u00f6ri kronsteinid, <\/span><\/h6>\n<h6><span style=\"color: #000000;\">mis h\u00f5lbustavad kokkupanekut. <\/span><\/h6>\n<h6><span style=\"color: #000000;\">Kaasas on 1876 mm pikkune Neoon LED-iga seljatugi.<\/span><\/h6>\n","protected":false},"excerpt":{"rendered":"<p>Kohandatud interj\u00f6\u00f6r 28x28mm lepa liistudes Sauna Reflection 180&#215;180 jaoks. Interj\u00f6\u00f6r koosneb kahest pingist m\u00f5\u00f5tmetega 376x1644mm ja 434x1644mm. Pinkidel lasergraveeritud logo. Sauna Reflection Rib ruumis on interj\u00f6\u00f6ri kronsteinid, mis h\u00f5lbustavad kokkupanekut. Kaasas on 1876 mm pikkune Neoon LED-iga seljatugi.<\/p>\n","protected":false},"featured_media":14207,"comment_status":"open","ping_status":"closed","template":"","meta":{"_acf_changed":false,"_genesis_hide_title":false,"_genesis_hide_breadcrumbs":false,"_genesis_hide_singular_image":false,"_genesis_hide_footer_widgets":false,"_genesis_custom_body_class":"","_genesis_custom_post_class":"","_genesis_layout":""},"product_brand":[],"product_cat":[174],"product_tag":[],"class_list":{"0":"post-14206","1":"product","2":"type-product","3":"status-publish","4":"has-post-thumbnail","6":"product_cat-saunaruumid","7":"entry","8":"override","10":"first","11":"instock","12":"shipping-taxable","13":"purchasable","14":"product-type-simple"},"acf":[],"_links":{"self":[{"href":"https:\/\/koduspa.ee\/en\/wp-json\/wp\/v2\/product\/14206","targetHints":{"allow":["GET"]}}],"collection":[{"href":"https:\/\/koduspa.ee\/en\/wp-json\/wp\/v2\/product"}],"about":[{"href":"https:\/\/koduspa.ee\/en\/wp-json\/wp\/v2\/types\/product"}],"replies":[{"embeddable":true,"href":"https:\/\/koduspa.ee\/en\/wp-json\/wp\/v2\/comments?post=14206"}],"wp:featuredmedia":[{"embeddable":true,"href":"https:\/\/koduspa.ee\/en\/wp-json\/wp\/v2\/media\/14207"}],"wp:attachment":[{"href":"https:\/\/koduspa.ee\/en\/wp-json\/wp\/v2\/media?parent=14206"}],"wp:term":[{"taxonomy":"product_brand","embeddable":true,"href":"https:\/\/koduspa.ee\/en\/wp-json\/wp\/v2\/product_brand?post=14206"},{"taxonomy":"product_cat","embeddable":true,"href":"https:\/\/koduspa.ee\/en\/wp-json\/wp\/v2\/product_cat?post=14206"},{"taxonomy":"product_tag","embeddable":true,"href":"https:\/\/koduspa.ee\/en\/wp-json\/wp\/v2\/product_tag?post=14206"}],"curies":[{"name":"wp","href":"https:\/\/api.w.org\/{rel}","templated":true}]}}