{"id":14117,"date":"2023-09-06T07:22:19","date_gmt":"2023-09-06T07:22:19","guid":{"rendered":"https:\/\/koduspa.ee\/?post_type=product&#038;p=14117"},"modified":"2026-01-28T07:31:45","modified_gmt":"2026-01-28T07:31:45","slug":"tylo-saunapadi-2-tk","status":"publish","type":"product","link":"https:\/\/koduspa.ee\/en\/pood\/aksessuaarid-en\/tylo-saunapadi-2-tk\/","title":{"rendered":"ISTUMISALUS TYL\u00d6 2 TK"},"content":{"rendered":"<h6><span style=\"color: #000000;\">Istuge mugavalt Tyl\u00f6 saunapadjaga.<\/span><\/h6>\n<h6><span style=\"color: #000000;\"> Saunapadi on valmistatud 100% puuvillast <\/span><\/h6>\n<h6><span style=\"color: #000000;\">ning sisaldab polstriga istmepatja ja pestavat padjap\u00fc\u00fcri. <\/span><\/h6>\n<h6><span style=\"color: #000000;\">Padja m\u00f5\u00f5dud on 555x445x15mm.<\/span><\/h6>\n<h6><span style=\"color: #000000;\"> Halli v\u00e4rvi logo &#8220;Tyl\u00f6&#8221;, all paremasse serva tikitud. <\/span><\/h6>\n<h6><span style=\"color: #000000;\">Masinpestav 40\u00b0C juures, et puhastada probleemivabalt. <\/span><\/h6>\n<h6><\/h6>\n","protected":false},"excerpt":{"rendered":"<p>Istuge mugavalt Tyl\u00f6 saunapadjaga. Saunapadi on valmistatud 100% puuvillast ning sisaldab polstriga istmepatja ja pestavat padjap\u00fc\u00fcri. Padja m\u00f5\u00f5dud on 555x445x15mm. Halli v\u00e4rvi logo &#8220;Tyl\u00f6&#8221;, all paremasse serva tikitud. Masinpestav 40\u00b0C juures, et puhastada probleemivabalt.<\/p>\n","protected":false},"featured_media":14124,"comment_status":"open","ping_status":"closed","template":"","meta":{"_acf_changed":false,"_genesis_hide_title":false,"_genesis_hide_breadcrumbs":false,"_genesis_hide_singular_image":false,"_genesis_hide_footer_widgets":false,"_genesis_custom_body_class":"","_genesis_custom_post_class":"","_genesis_layout":""},"product_brand":[],"product_cat":[184],"product_tag":[],"class_list":{"0":"post-14117","1":"product","2":"type-product","3":"status-publish","4":"has-post-thumbnail","6":"product_cat-aksessuaarid","7":"entry","8":"override","10":"first","11":"instock","12":"shipping-taxable","13":"purchasable","14":"product-type-simple"},"acf":[],"_links":{"self":[{"href":"https:\/\/koduspa.ee\/en\/wp-json\/wp\/v2\/product\/14117","targetHints":{"allow":["GET"]}}],"collection":[{"href":"https:\/\/koduspa.ee\/en\/wp-json\/wp\/v2\/product"}],"about":[{"href":"https:\/\/koduspa.ee\/en\/wp-json\/wp\/v2\/types\/product"}],"replies":[{"embeddable":true,"href":"https:\/\/koduspa.ee\/en\/wp-json\/wp\/v2\/comments?post=14117"}],"wp:featuredmedia":[{"embeddable":true,"href":"https:\/\/koduspa.ee\/en\/wp-json\/wp\/v2\/media\/14124"}],"wp:attachment":[{"href":"https:\/\/koduspa.ee\/en\/wp-json\/wp\/v2\/media?parent=14117"}],"wp:term":[{"taxonomy":"product_brand","embeddable":true,"href":"https:\/\/koduspa.ee\/en\/wp-json\/wp\/v2\/product_brand?post=14117"},{"taxonomy":"product_cat","embeddable":true,"href":"https:\/\/koduspa.ee\/en\/wp-json\/wp\/v2\/product_cat?post=14117"},{"taxonomy":"product_tag","embeddable":true,"href":"https:\/\/koduspa.ee\/en\/wp-json\/wp\/v2\/product_tag?post=14117"}],"curies":[{"name":"wp","href":"https:\/\/api.w.org\/{rel}","templated":true}]}}