{"id":14054,"date":"2023-08-22T08:08:52","date_gmt":"2023-08-22T08:08:52","guid":{"rendered":"https:\/\/koduspa.ee\/?post_type=product&#038;p=14054"},"modified":"2023-11-08T10:29:28","modified_gmt":"2023-11-08T10:29:28","slug":"saunauks-tylo-dgm-720x2100","status":"publish","type":"product","link":"https:\/\/koduspa.ee\/en\/pood\/pakkumised-en\/saunauks-tylo-dgm-720x2100\/","title":{"rendered":"L\u00d5PUM\u00dc\u00dcK SAUNAUKS TYL\u00d6 DGM 720X2100"},"content":{"rendered":"<h6><span style=\"color: #000000;\">Saunauks kolme hingega,<\/span><\/h6>\n<h6><span style=\"color: #000000;\">magnetist uksesulgur, klaas pronks.<\/span><\/h6>\n","protected":false},"excerpt":{"rendered":"<p>Saunauks kolme hingega, magnetist uksesulgur, klaas pronks.<\/p>\n","protected":false},"featured_media":13726,"comment_status":"open","ping_status":"closed","template":"","meta":{"_acf_changed":false,"_genesis_hide_title":false,"_genesis_hide_breadcrumbs":false,"_genesis_hide_singular_image":false,"_genesis_hide_footer_widgets":false,"_genesis_custom_body_class":"","_genesis_custom_post_class":"","_genesis_layout":""},"product_brand":[],"product_cat":[171],"product_tag":[],"class_list":{"0":"post-14054","1":"product","2":"type-product","3":"status-publish","4":"has-post-thumbnail","6":"product_cat-pakkumised","7":"entry","8":"override","10":"first","11":"instock","12":"sale","13":"shipping-taxable","14":"purchasable","15":"product-type-simple"},"acf":[],"_links":{"self":[{"href":"https:\/\/koduspa.ee\/en\/wp-json\/wp\/v2\/product\/14054","targetHints":{"allow":["GET"]}}],"collection":[{"href":"https:\/\/koduspa.ee\/en\/wp-json\/wp\/v2\/product"}],"about":[{"href":"https:\/\/koduspa.ee\/en\/wp-json\/wp\/v2\/types\/product"}],"replies":[{"embeddable":true,"href":"https:\/\/koduspa.ee\/en\/wp-json\/wp\/v2\/comments?post=14054"}],"wp:featuredmedia":[{"embeddable":true,"href":"https:\/\/koduspa.ee\/en\/wp-json\/wp\/v2\/media\/13726"}],"wp:attachment":[{"href":"https:\/\/koduspa.ee\/en\/wp-json\/wp\/v2\/media?parent=14054"}],"wp:term":[{"taxonomy":"product_brand","embeddable":true,"href":"https:\/\/koduspa.ee\/en\/wp-json\/wp\/v2\/product_brand?post=14054"},{"taxonomy":"product_cat","embeddable":true,"href":"https:\/\/koduspa.ee\/en\/wp-json\/wp\/v2\/product_cat?post=14054"},{"taxonomy":"product_tag","embeddable":true,"href":"https:\/\/koduspa.ee\/en\/wp-json\/wp\/v2\/product_tag?post=14054"}],"curies":[{"name":"wp","href":"https:\/\/api.w.org\/{rel}","templated":true}]}}