{"id":13868,"date":"2023-07-12T08:59:29","date_gmt":"2023-07-12T08:59:29","guid":{"rendered":"https:\/\/koduspa.ee\/?post_type=product&#038;p=13868"},"modified":"2024-04-06T13:01:07","modified_gmt":"2024-04-06T13:01:07","slug":"lavepakk-dgb-dgl-8-uksele","status":"publish","type":"product","link":"https:\/\/koduspa.ee\/en\/pood\/uksed\/lavepakk-dgb-dgl-8-uksele\/","title":{"rendered":"TYL\u00d6 L\u00c4VEPAKK DGB \/ DGL 8 UKSELE"},"content":{"rendered":"<h6><span style=\"color: #000000;\">M\u00e4nnipuidust, laius 728mm, s\u00fcgavus 92mm, k\u00f5rgus 30mm.<\/span><\/h6>\n","protected":false},"excerpt":{"rendered":"<p>M\u00e4nnipuidust, laius 728mm, s\u00fcgavus 92mm, k\u00f5rgus 30mm.<\/p>\n","protected":false},"featured_media":13850,"comment_status":"open","ping_status":"closed","template":"","meta":{"_acf_changed":false,"_genesis_hide_title":false,"_genesis_hide_breadcrumbs":false,"_genesis_hide_singular_image":false,"_genesis_hide_footer_widgets":false,"_genesis_custom_body_class":"","_genesis_custom_post_class":"","_genesis_layout":""},"product_brand":[],"product_cat":[369],"product_tag":[],"class_list":{"0":"post-13868","1":"product","2":"type-product","3":"status-publish","4":"has-post-thumbnail","6":"product_cat-uksed","7":"entry","8":"override","10":"first","11":"instock","12":"shipping-taxable","13":"purchasable","14":"product-type-simple"},"acf":[],"_links":{"self":[{"href":"https:\/\/koduspa.ee\/en\/wp-json\/wp\/v2\/product\/13868","targetHints":{"allow":["GET"]}}],"collection":[{"href":"https:\/\/koduspa.ee\/en\/wp-json\/wp\/v2\/product"}],"about":[{"href":"https:\/\/koduspa.ee\/en\/wp-json\/wp\/v2\/types\/product"}],"replies":[{"embeddable":true,"href":"https:\/\/koduspa.ee\/en\/wp-json\/wp\/v2\/comments?post=13868"}],"wp:featuredmedia":[{"embeddable":true,"href":"https:\/\/koduspa.ee\/en\/wp-json\/wp\/v2\/media\/13850"}],"wp:attachment":[{"href":"https:\/\/koduspa.ee\/en\/wp-json\/wp\/v2\/media?parent=13868"}],"wp:term":[{"taxonomy":"product_brand","embeddable":true,"href":"https:\/\/koduspa.ee\/en\/wp-json\/wp\/v2\/product_brand?post=13868"},{"taxonomy":"product_cat","embeddable":true,"href":"https:\/\/koduspa.ee\/en\/wp-json\/wp\/v2\/product_cat?post=13868"},{"taxonomy":"product_tag","embeddable":true,"href":"https:\/\/koduspa.ee\/en\/wp-json\/wp\/v2\/product_tag?post=13868"}],"curies":[{"name":"wp","href":"https:\/\/api.w.org\/{rel}","templated":true}]}}