{"id":13753,"date":"2023-07-11T09:11:26","date_gmt":"2023-07-11T09:11:26","guid":{"rendered":"https:\/\/koduspa.ee\/?post_type=product&#038;p=13753"},"modified":"2024-04-06T10:30:46","modified_gmt":"2024-04-06T10:30:46","slug":"aurusauna-uks-60g-labipaistev-klaas","status":"publish","type":"product","link":"https:\/\/koduspa.ee\/en\/pood\/uksed\/aurusauna-uks-60g-labipaistev-klaas\/","title":{"rendered":"TYL\u00d6 AURUSAUNA UKS 60G L\u00c4BIPAISTEV KLAAS"},"content":{"rendered":"<h6><span style=\"color: #000000;\">Aurusauna uks karastatud turvaklaasist. <\/span><\/h6>\n<h6><span style=\"color: #000000;\">Magnetribaga sulgur ja alumiiniumist kaitseraam ukselehe \u00fcmber. <\/span><\/h6>\n<h6><span style=\"color: #000000;\">Drenaa\u017eiriba allosas ja seda saab paigaldada vasaku- v\u00f5i paremak\u00e4eliseks ukseks. <\/span><\/h6>\n<h6><span style=\"color: #000000;\">Koos l\u00e4vega. V\u00e4lisraami m\u00f5\u00f5dud 1870x778x60mm, sissep\u00e4\u00e4suava 670mm.<\/span><\/h6>\n<p><a href=\"https:\/\/s3-eu-west-1.amazonaws.com\/gung-images-bucket-ireland\/tylo\/2900%200611%20Steam%20Door%2060G%20101G.pdf\">https:\/\/s3-eu-west-1.amazonaws.com\/gung-images-bucket-ireland\/tylo\/2900%200611%20Steam%20Door%2060G%20101G.pdf<\/a><\/p>\n","protected":false},"excerpt":{"rendered":"<p>Aurusauna uks karastatud turvaklaasist. Magnetribaga sulgur ja alumiiniumist kaitseraam ukselehe \u00fcmber. Drenaa\u017eiriba allosas ja seda saab paigaldada vasaku- v\u00f5i paremak\u00e4eliseks ukseks. Koos l\u00e4vega. V\u00e4lisraami m\u00f5\u00f5dud 1870x778x60mm, sissep\u00e4\u00e4suava 670mm. https:\/\/s3-eu-west-1.amazonaws.com\/gung-images-bucket-ireland\/tylo\/2900%200611%20Steam%20Door%2060G%20101G.pdf<\/p>\n","protected":false},"featured_media":13754,"comment_status":"open","ping_status":"closed","template":"","meta":{"_acf_changed":false,"_genesis_hide_title":false,"_genesis_hide_breadcrumbs":false,"_genesis_hide_singular_image":false,"_genesis_hide_footer_widgets":false,"_genesis_custom_body_class":"","_genesis_custom_post_class":"","_genesis_layout":""},"product_cat":[369],"product_tag":[],"acf":[],"_links":{"self":[{"href":"https:\/\/koduspa.ee\/en\/wp-json\/wp\/v2\/product\/13753"}],"collection":[{"href":"https:\/\/koduspa.ee\/en\/wp-json\/wp\/v2\/product"}],"about":[{"href":"https:\/\/koduspa.ee\/en\/wp-json\/wp\/v2\/types\/product"}],"replies":[{"embeddable":true,"href":"https:\/\/koduspa.ee\/en\/wp-json\/wp\/v2\/comments?post=13753"}],"wp:featuredmedia":[{"embeddable":true,"href":"https:\/\/koduspa.ee\/en\/wp-json\/wp\/v2\/media\/13754"}],"wp:attachment":[{"href":"https:\/\/koduspa.ee\/en\/wp-json\/wp\/v2\/media?parent=13753"}],"wp:term":[{"taxonomy":"product_cat","embeddable":true,"href":"https:\/\/koduspa.ee\/en\/wp-json\/wp\/v2\/product_cat?post=13753"},{"taxonomy":"product_tag","embeddable":true,"href":"https:\/\/koduspa.ee\/en\/wp-json\/wp\/v2\/product_tag?post=13753"}],"curies":[{"name":"wp","href":"https:\/\/api.w.org\/{rel}","templated":true}]}}