{"id":13589,"date":"2023-05-09T07:40:53","date_gmt":"2023-05-09T07:40:53","guid":{"rendered":"https:\/\/koduspa.ee\/?post_type=product&#038;p=13589"},"modified":"2025-02-19T08:14:51","modified_gmt":"2025-02-19T08:14:51","slug":"finesse-sauna-ja-aurusauna-aroom-apelsin-mandarin-250ml","status":"publish","type":"product","link":"https:\/\/koduspa.ee\/en\/pood\/saunaaroomid-olid-en\/finesse-sauna-ja-aurusauna-aroom-apelsin-mandarin-250ml\/","title":{"rendered":"FINESSE SAUNA- JA AURUSAUNA AROOM APELSIN-MANDARIN 250ml"},"content":{"rendered":"<h6><span style=\"color: #000000;\">Sauna- ja aurusaunakontsentraat apelsin &#8211; mandariin oma <\/span><\/h6>\n<h6><span style=\"color: #000000;\">magusa v\u00e4rske l\u00f5hnaga m\u00f5jub kosutavalt ja kasulikult, <\/span><\/h6>\n<h6><span style=\"color: #000000;\">tugevdab ja ergutab vereringet.<\/span><\/h6>\n<ul>\n<li>\n<h6><span style=\"color: #000000;\">L\u00f5hn: apelsin, mandariin<\/span><\/h6>\n<\/li>\n<li>\n<h6><span style=\"color: #000000;\">L\u00f5hna kirjeldus: puidune, balsamico, erootiline<\/span><\/h6>\n<\/li>\n<li>\n<h6><span style=\"color: #000000;\">L\u00f5hnaefekt: magusate mandariinide ja v\u00e4rskete apelsinide koostis<\/span><\/h6>\n<\/li>\n<li>\n<h6><span style=\"color: #000000;\">Soovitatav annus: 10 kuni 20 ml liitri infusioonivee kohta<\/span><\/h6>\n<h6><span style=\"color: #000000;\">Tootja Chemoform AG &#8211; Saksamaa.<\/span><\/h6>\n<\/li>\n<\/ul>\n","protected":false},"excerpt":{"rendered":"<p>Sauna- ja aurusaunakontsentraat apelsin &#8211; mandariin oma magusa v\u00e4rske l\u00f5hnaga m\u00f5jub kosutavalt ja kasulikult, tugevdab ja ergutab vereringet. L\u00f5hn: apelsin, mandariin L\u00f5hna kirjeldus: puidune, balsamico, erootiline L\u00f5hnaefekt: magusate mandariinide ja v\u00e4rskete apelsinide koostis Soovitatav annus: 10 kuni 20 ml liitri infusioonivee kohta Tootja Chemoform AG &#8211; Saksamaa.<\/p>\n","protected":false},"featured_media":13590,"comment_status":"open","ping_status":"closed","template":"","meta":{"_acf_changed":false,"_genesis_hide_title":false,"_genesis_hide_breadcrumbs":false,"_genesis_hide_singular_image":false,"_genesis_hide_footer_widgets":false,"_genesis_custom_body_class":"","_genesis_custom_post_class":"","_genesis_layout":""},"product_brand":[],"product_cat":[362],"product_tag":[],"class_list":{"0":"post-13589","1":"product","2":"type-product","3":"status-publish","4":"has-post-thumbnail","6":"product_cat-saunaaroomid-olid","7":"entry","8":"override","10":"first","11":"instock","12":"shipping-taxable","13":"purchasable","14":"product-type-simple"},"acf":[],"_links":{"self":[{"href":"https:\/\/koduspa.ee\/en\/wp-json\/wp\/v2\/product\/13589","targetHints":{"allow":["GET"]}}],"collection":[{"href":"https:\/\/koduspa.ee\/en\/wp-json\/wp\/v2\/product"}],"about":[{"href":"https:\/\/koduspa.ee\/en\/wp-json\/wp\/v2\/types\/product"}],"replies":[{"embeddable":true,"href":"https:\/\/koduspa.ee\/en\/wp-json\/wp\/v2\/comments?post=13589"}],"wp:featuredmedia":[{"embeddable":true,"href":"https:\/\/koduspa.ee\/en\/wp-json\/wp\/v2\/media\/13590"}],"wp:attachment":[{"href":"https:\/\/koduspa.ee\/en\/wp-json\/wp\/v2\/media?parent=13589"}],"wp:term":[{"taxonomy":"product_brand","embeddable":true,"href":"https:\/\/koduspa.ee\/en\/wp-json\/wp\/v2\/product_brand?post=13589"},{"taxonomy":"product_cat","embeddable":true,"href":"https:\/\/koduspa.ee\/en\/wp-json\/wp\/v2\/product_cat?post=13589"},{"taxonomy":"product_tag","embeddable":true,"href":"https:\/\/koduspa.ee\/en\/wp-json\/wp\/v2\/product_tag?post=13589"}],"curies":[{"name":"wp","href":"https:\/\/api.w.org\/{rel}","templated":true}]}}