{"id":13573,"date":"2023-05-09T07:10:20","date_gmt":"2023-05-09T07:10:20","guid":{"rendered":"https:\/\/koduspa.ee\/?post_type=product&#038;p=13573"},"modified":"2026-03-13T05:58:57","modified_gmt":"2026-03-13T05:58:57","slug":"sauna-ja-aurusaunaaroom-kuuseokas-250ml","status":"publish","type":"product","link":"https:\/\/koduspa.ee\/en\/pood\/saunaaroomid-olid-en\/sauna-ja-aurusaunaaroom-kuuseokas-250ml\/","title":{"rendered":"FINESSE SAUNA- JA AURUSAUNAAROOM KUUSEOKAS 250ml"},"content":{"rendered":"<h6><span style=\"color: #000000;\">Puidu vaigu l\u00f5hnaga kontsentraadi kuuseokas on tasakaalustava,<\/span><\/h6>\n<h6><span style=\"color: #000000;\"> tugevdava ja keskendumisv\u00f5imet t\u00f5stva toimega.<\/span><\/h6>\n<ul>\n<li>\n<h6><span style=\"color: #000000;\">L\u00f5hn: kuuseokas<\/span><\/h6>\n<\/li>\n<li>\n<h6><span style=\"color: #000000;\">L\u00f5hna kirjeldus: puidune, vaigune, v\u00e4rske<\/span><\/h6>\n<\/li>\n<li>\n<h6><span style=\"color: #000000;\">L\u00f5hnaefekt: tasakaalustav, tugevdav ja keskendumist suurendav<\/span><\/h6>\n<\/li>\n<li>\n<h6><span style=\"color: #000000;\">Soovitatav annus: 10 kuni 20 ml liitri infusioonivee kohta<\/span><\/h6>\n<h6><span style=\"color: #000000;\">Tootja Chemoform AG &#8211; Saksamaa.<\/span><\/h6>\n<\/li>\n<\/ul>\n","protected":false},"excerpt":{"rendered":"<p>Puidu vaigu l\u00f5hnaga kontsentraadi kuuseokas on tasakaalustava, tugevdava ja keskendumisv\u00f5imet t\u00f5stva toimega. L\u00f5hn: kuuseokas L\u00f5hna kirjeldus: puidune, vaigune, v\u00e4rske L\u00f5hnaefekt: tasakaalustav, tugevdav ja keskendumist suurendav Soovitatav annus: 10 kuni 20 ml liitri infusioonivee kohta Tootja Chemoform AG &#8211; Saksamaa.<\/p>\n","protected":false},"featured_media":13574,"comment_status":"open","ping_status":"closed","template":"","meta":{"_acf_changed":false,"_genesis_hide_title":false,"_genesis_hide_breadcrumbs":false,"_genesis_hide_singular_image":false,"_genesis_hide_footer_widgets":false,"_genesis_custom_body_class":"","_genesis_custom_post_class":"","_genesis_layout":""},"product_brand":[],"product_cat":[362],"product_tag":[],"class_list":{"0":"post-13573","1":"product","2":"type-product","3":"status-publish","4":"has-post-thumbnail","6":"product_cat-saunaaroomid-olid","7":"entry","8":"override","10":"first","11":"outofstock","12":"shipping-taxable","13":"purchasable","14":"product-type-simple"},"acf":[],"_links":{"self":[{"href":"https:\/\/koduspa.ee\/en\/wp-json\/wp\/v2\/product\/13573","targetHints":{"allow":["GET"]}}],"collection":[{"href":"https:\/\/koduspa.ee\/en\/wp-json\/wp\/v2\/product"}],"about":[{"href":"https:\/\/koduspa.ee\/en\/wp-json\/wp\/v2\/types\/product"}],"replies":[{"embeddable":true,"href":"https:\/\/koduspa.ee\/en\/wp-json\/wp\/v2\/comments?post=13573"}],"wp:featuredmedia":[{"embeddable":true,"href":"https:\/\/koduspa.ee\/en\/wp-json\/wp\/v2\/media\/13574"}],"wp:attachment":[{"href":"https:\/\/koduspa.ee\/en\/wp-json\/wp\/v2\/media?parent=13573"}],"wp:term":[{"taxonomy":"product_brand","embeddable":true,"href":"https:\/\/koduspa.ee\/en\/wp-json\/wp\/v2\/product_brand?post=13573"},{"taxonomy":"product_cat","embeddable":true,"href":"https:\/\/koduspa.ee\/en\/wp-json\/wp\/v2\/product_cat?post=13573"},{"taxonomy":"product_tag","embeddable":true,"href":"https:\/\/koduspa.ee\/en\/wp-json\/wp\/v2\/product_tag?post=13573"}],"curies":[{"name":"wp","href":"https:\/\/api.w.org\/{rel}","templated":true}]}}