{"id":13518,"date":"2023-04-18T11:24:44","date_gmt":"2023-04-18T11:24:44","guid":{"rendered":"https:\/\/koduspa.ee\/?post_type=product&#038;p=13518"},"modified":"2025-11-21T08:35:44","modified_gmt":"2025-11-21T08:35:44","slug":"peatugi-lepp","status":"publish","type":"product","link":"https:\/\/koduspa.ee\/en\/pood\/aksessuaarid-en\/peatugi-lepp\/","title":{"rendered":"TYL\u00d6 PEATUGI PUIDUST LEPP"},"content":{"rendered":"<h6><span style=\"color: #000000;\">Lisage oma saunakogemusele luksust peatoega, <\/span><\/h6>\n<h6><span style=\"color: #000000;\">mis v\u00f5imaldab teil saunas mugavalt l\u00f5\u00f5gastuda. <\/span><\/h6>\n<h6><span style=\"color: #000000;\">Seljapoole n\u00f5jatudes ootate t\u00e4iendavat tuge ja mugavat pehmendust,<\/span><\/h6>\n<h6><span style=\"color: #000000;\"> mis tagab teile mugava saunam\u00f5nu.<\/span><\/h6>\n<h6><span style=\"color: #000000;\"> Saunapadi on valmistatud kvaliteetsest ja vastupidavast materjalist, <\/span><\/h6>\n<h6><span style=\"color: #000000;\">mist\u00f5ttu on see ideaalne kasutamiseks niiskes keskkonnas. <\/span><\/h6>\n<h6><span style=\"color: #000000;\">Seda on p\u00e4rast kasutamist lihtne teisaldada ja puhastada, <\/span><\/h6>\n<h6><span style=\"color: #000000;\">mist\u00f5ttu on see praktiline ja stiilne tarvik, mida on lihtne hooldada. <\/span><\/h6>\n<h6><span style=\"color: #000000;\">M\u00f5\u00f5t S270xL375xK80mm.<\/span><\/h6>\n","protected":false},"excerpt":{"rendered":"<p>Lisage oma saunakogemusele luksust peatoega, mis v\u00f5imaldab teil saunas mugavalt l\u00f5\u00f5gastuda. Seljapoole n\u00f5jatudes ootate t\u00e4iendavat tuge ja mugavat pehmendust, mis tagab teile mugava saunam\u00f5nu. Saunapadi on valmistatud kvaliteetsest ja vastupidavast materjalist, mist\u00f5ttu on see ideaalne kasutamiseks niiskes keskkonnas. Seda on p\u00e4rast kasutamist lihtne teisaldada ja puhastada, mist\u00f5ttu on see praktiline ja stiilne tarvik, mida on [&hellip;]<\/p>\n","protected":false},"featured_media":13519,"comment_status":"open","ping_status":"closed","template":"","meta":{"_acf_changed":false,"_genesis_hide_title":false,"_genesis_hide_breadcrumbs":false,"_genesis_hide_singular_image":false,"_genesis_hide_footer_widgets":false,"_genesis_custom_body_class":"","_genesis_custom_post_class":"","_genesis_layout":""},"product_brand":[],"product_cat":[184],"product_tag":[],"class_list":{"0":"post-13518","1":"product","2":"type-product","3":"status-publish","4":"has-post-thumbnail","6":"product_cat-aksessuaarid","7":"entry","8":"override","10":"first","11":"onbackorder","12":"shipping-taxable","13":"purchasable","14":"product-type-simple"},"acf":[],"_links":{"self":[{"href":"https:\/\/koduspa.ee\/en\/wp-json\/wp\/v2\/product\/13518","targetHints":{"allow":["GET"]}}],"collection":[{"href":"https:\/\/koduspa.ee\/en\/wp-json\/wp\/v2\/product"}],"about":[{"href":"https:\/\/koduspa.ee\/en\/wp-json\/wp\/v2\/types\/product"}],"replies":[{"embeddable":true,"href":"https:\/\/koduspa.ee\/en\/wp-json\/wp\/v2\/comments?post=13518"}],"wp:featuredmedia":[{"embeddable":true,"href":"https:\/\/koduspa.ee\/en\/wp-json\/wp\/v2\/media\/13519"}],"wp:attachment":[{"href":"https:\/\/koduspa.ee\/en\/wp-json\/wp\/v2\/media?parent=13518"}],"wp:term":[{"taxonomy":"product_brand","embeddable":true,"href":"https:\/\/koduspa.ee\/en\/wp-json\/wp\/v2\/product_brand?post=13518"},{"taxonomy":"product_cat","embeddable":true,"href":"https:\/\/koduspa.ee\/en\/wp-json\/wp\/v2\/product_cat?post=13518"},{"taxonomy":"product_tag","embeddable":true,"href":"https:\/\/koduspa.ee\/en\/wp-json\/wp\/v2\/product_tag?post=13518"}],"curies":[{"name":"wp","href":"https:\/\/api.w.org\/{rel}","templated":true}]}}