{"id":13513,"date":"2023-04-18T11:19:27","date_gmt":"2023-04-18T11:19:27","guid":{"rendered":"https:\/\/koduspa.ee\/?post_type=product&#038;p=13513"},"modified":"2025-11-21T08:36:39","modified_gmt":"2025-11-21T08:36:39","slug":"peatugi-reguleeritav-lepp","status":"publish","type":"product","link":"https:\/\/koduspa.ee\/en\/pood\/aksessuaarid-en\/peatugi-reguleeritav-lepp\/","title":{"rendered":"TYL\u00d6 PEATUGI PUIDUST REGULEERITAV LEPP"},"content":{"rendered":"<h6><span style=\"color: #000000;\">Reguleeritav peatugi \u2013 ideaalne lahendus neile, <\/span><\/h6>\n<h6><span style=\"color: #000000;\">kes soovivad oma saunakogemuses veelgi rohkem<\/span><\/h6>\n<h6><span style=\"color: #000000;\"> paindlikkust ja kohandamist! <\/span><\/h6>\n<h6><span style=\"color: #000000;\">Mitme reguleerimisv\u00f5imalusega saate peaalust h\u00f5lpsalt reguleerida, <\/span><\/h6>\n<h6><span style=\"color: #000000;\">et leida oma pea ja kaela jaoks ideaalne asend, <\/span><\/h6>\n<h6><span style=\"color: #000000;\">pakkudes t\u00e4iendavat tuge ja mugavust, <\/span><\/h6>\n<h6><span style=\"color: #000000;\">et saaksite saunas mugavalt l\u00f5\u00f5gastuda. <\/span><\/h6>\n<h6><span style=\"color: #000000;\">Peatugi on valmistatud kvaliteetsest ja vastupidavast materjalist,<\/span><\/h6>\n<h6><span style=\"color: #000000;\"> mist\u00f5ttu on see ideaalne kasutamiseks niiskes keskkonnas. <\/span><\/h6>\n<h6><span style=\"color: #000000;\">Seda on p\u00e4rast kasutamist lihtne teisaldada ja puhastada, <\/span><\/h6>\n<h6><span style=\"color: #000000;\">mist\u00f5ttu on see praktiline ja stiilne tarvik, mida on lihtne hooldada. <\/span><\/h6>\n<h6><span style=\"color: #000000;\">M\u00f5\u00f5t S375xL425xK70mm.<\/span><\/h6>\n","protected":false},"excerpt":{"rendered":"<p>Reguleeritav peatugi \u2013 ideaalne lahendus neile, kes soovivad oma saunakogemuses veelgi rohkem paindlikkust ja kohandamist! Mitme reguleerimisv\u00f5imalusega saate peaalust h\u00f5lpsalt reguleerida, et leida oma pea ja kaela jaoks ideaalne asend, pakkudes t\u00e4iendavat tuge ja mugavust, et saaksite saunas mugavalt l\u00f5\u00f5gastuda. Peatugi on valmistatud kvaliteetsest ja vastupidavast materjalist, mist\u00f5ttu on see ideaalne kasutamiseks niiskes keskkonnas. Seda [&hellip;]<\/p>\n","protected":false},"featured_media":13514,"comment_status":"open","ping_status":"closed","template":"","meta":{"_acf_changed":false,"_genesis_hide_title":false,"_genesis_hide_breadcrumbs":false,"_genesis_hide_singular_image":false,"_genesis_hide_footer_widgets":false,"_genesis_custom_body_class":"","_genesis_custom_post_class":"","_genesis_layout":""},"product_brand":[],"product_cat":[184],"product_tag":[],"class_list":{"0":"post-13513","1":"product","2":"type-product","3":"status-publish","4":"has-post-thumbnail","6":"product_cat-aksessuaarid","7":"entry","8":"override","10":"first","11":"onbackorder","12":"shipping-taxable","13":"purchasable","14":"product-type-simple"},"acf":[],"_links":{"self":[{"href":"https:\/\/koduspa.ee\/en\/wp-json\/wp\/v2\/product\/13513","targetHints":{"allow":["GET"]}}],"collection":[{"href":"https:\/\/koduspa.ee\/en\/wp-json\/wp\/v2\/product"}],"about":[{"href":"https:\/\/koduspa.ee\/en\/wp-json\/wp\/v2\/types\/product"}],"replies":[{"embeddable":true,"href":"https:\/\/koduspa.ee\/en\/wp-json\/wp\/v2\/comments?post=13513"}],"wp:featuredmedia":[{"embeddable":true,"href":"https:\/\/koduspa.ee\/en\/wp-json\/wp\/v2\/media\/13514"}],"wp:attachment":[{"href":"https:\/\/koduspa.ee\/en\/wp-json\/wp\/v2\/media?parent=13513"}],"wp:term":[{"taxonomy":"product_brand","embeddable":true,"href":"https:\/\/koduspa.ee\/en\/wp-json\/wp\/v2\/product_brand?post=13513"},{"taxonomy":"product_cat","embeddable":true,"href":"https:\/\/koduspa.ee\/en\/wp-json\/wp\/v2\/product_cat?post=13513"},{"taxonomy":"product_tag","embeddable":true,"href":"https:\/\/koduspa.ee\/en\/wp-json\/wp\/v2\/product_tag?post=13513"}],"curies":[{"name":"wp","href":"https:\/\/api.w.org\/{rel}","templated":true}]}}