{"id":13132,"date":"2023-04-03T10:10:11","date_gmt":"2023-04-03T10:10:11","guid":{"rendered":"https:\/\/koduspa.ee\/?post_type=product&#038;p=13132"},"modified":"2025-10-27T12:09:34","modified_gmt":"2025-10-27T12:09:34","slug":"saunavalgus-siluettiline-1900-haab","status":"publish","type":"product","link":"https:\/\/koduspa.ee\/en\/pood\/tylo-valgustid\/saunavalgus-siluettiline-1900-haab\/","title":{"rendered":"TYL\u00d6 SAUNAVALGUS SILUETT LINE 1900 HAAB"},"content":{"rendered":"<h6 class=\"ng-star-inserted\"><span style=\"font-size: 16px; color: #000000;\">Minimalistlik Silhouette Line on saadaval erinevates suurustes, <\/span><\/h6>\n<h6 class=\"ng-star-inserted\"><span style=\"font-size: 16px; color: #000000;\">mis v\u00f5imaldab teil kombineerida ja luua oma ainulaadse saunavalgustuse. <\/span><\/h6>\n<h6 class=\"ng-star-inserted\"><span style=\"font-size: 16px; color: #000000;\">Silhouette Line&#8217;i saab p\u00f6\u00f6rata 360 kraadi, luues l\u00f5putuid kombinatsioone, <\/span><\/h6>\n<h6 class=\"ng-star-inserted\"><span style=\"font-size: 16px; color: #000000;\">mis sobivad teie ruumi meeleoluga. <\/span><\/h6>\n<h6 class=\"ng-star-inserted\"><span style=\"font-size: 16px; color: #000000;\">Valgustus on saunakindel ja talub saunatemperatuure. <\/span><\/h6>\n<h6 class=\"ng-star-inserted\"><span style=\"font-size: 16px; color: #000000;\">Valikuline IR-silma juhtseade, mida on lihtne h\u00e4mardada ja juhitakse k\u00e4eliigutusega. <\/span><\/h6>\n<h6 class=\"ng-star-inserted\"><span style=\"font-size: 16px; color: #000000;\">Haava puidust, h\u00e4mardatav h\u00e4mardatava trafoga,<\/span><\/h6>\n<h6 class=\"ng-star-inserted\"><span style=\"font-size: 16px; color: #000000;\">kombineeritav IR-silmaga lihtsaks j\u00e4lgimiseks.<\/span><\/h6>\n<h6 class=\"ng-star-inserted\"><span style=\"color: #000000;\"><span style=\"font-size: 16px;\">P<\/span><span style=\"font-size: 16px;\">uit on looduslik materjal ning v\u00f5ib esineda v\u00e4rvi ja tekstuuri erinevusi. <\/span><\/span><\/h6>\n<h6 class=\"ng-star-inserted\"><span style=\"font-size: 16px; color: #000000;\">Tehnilised andmed:<\/span><\/h6>\n<h6><a href=\"https:\/\/s3-eu-west-1.amazonaws.com\/gung-images-bucket-ireland\/tylo\/pim-item\/90011200\/2900%203200%20Silhoutte%20Line.pdf\">https:\/\/s3-eu-west-1.amazonaws.com\/gung-images-bucket-ireland\/tylo\/pim-item\/90011200\/2900%203200%20Silhoutte%20Line.pdf<\/a><\/h6>\n","protected":false},"excerpt":{"rendered":"<p>Minimalistlik Silhouette Line on saadaval erinevates suurustes, mis v\u00f5imaldab teil kombineerida ja luua oma ainulaadse saunavalgustuse. Silhouette Line&#8217;i saab p\u00f6\u00f6rata 360 kraadi, luues l\u00f5putuid kombinatsioone, mis sobivad teie ruumi meeleoluga. Valgustus on saunakindel ja talub saunatemperatuure. Valikuline IR-silma juhtseade, mida on lihtne h\u00e4mardada ja juhitakse k\u00e4eliigutusega. Haava puidust, h\u00e4mardatav h\u00e4mardatava trafoga, kombineeritav IR-silmaga lihtsaks j\u00e4lgimiseks. [&hellip;]<\/p>\n","protected":false},"featured_media":13120,"comment_status":"open","ping_status":"closed","template":"","meta":{"_acf_changed":false,"_genesis_hide_title":false,"_genesis_hide_breadcrumbs":false,"_genesis_hide_singular_image":false,"_genesis_hide_footer_widgets":false,"_genesis_custom_body_class":"","_genesis_custom_post_class":"","_genesis_layout":""},"product_brand":[],"product_cat":[372],"product_tag":[],"class_list":{"0":"post-13132","1":"product","2":"type-product","3":"status-publish","4":"has-post-thumbnail","6":"product_cat-tylo-valgustid","7":"entry","8":"override","10":"first","11":"instock","12":"shipping-taxable","13":"purchasable","14":"product-type-simple"},"acf":[],"_links":{"self":[{"href":"https:\/\/koduspa.ee\/en\/wp-json\/wp\/v2\/product\/13132","targetHints":{"allow":["GET"]}}],"collection":[{"href":"https:\/\/koduspa.ee\/en\/wp-json\/wp\/v2\/product"}],"about":[{"href":"https:\/\/koduspa.ee\/en\/wp-json\/wp\/v2\/types\/product"}],"replies":[{"embeddable":true,"href":"https:\/\/koduspa.ee\/en\/wp-json\/wp\/v2\/comments?post=13132"}],"wp:featuredmedia":[{"embeddable":true,"href":"https:\/\/koduspa.ee\/en\/wp-json\/wp\/v2\/media\/13120"}],"wp:attachment":[{"href":"https:\/\/koduspa.ee\/en\/wp-json\/wp\/v2\/media?parent=13132"}],"wp:term":[{"taxonomy":"product_brand","embeddable":true,"href":"https:\/\/koduspa.ee\/en\/wp-json\/wp\/v2\/product_brand?post=13132"},{"taxonomy":"product_cat","embeddable":true,"href":"https:\/\/koduspa.ee\/en\/wp-json\/wp\/v2\/product_cat?post=13132"},{"taxonomy":"product_tag","embeddable":true,"href":"https:\/\/koduspa.ee\/en\/wp-json\/wp\/v2\/product_tag?post=13132"}],"curies":[{"name":"wp","href":"https:\/\/api.w.org\/{rel}","templated":true}]}}