{"id":13095,"date":"2023-04-03T09:15:18","date_gmt":"2023-04-03T09:15:18","guid":{"rendered":"https:\/\/koduspa.ee\/?post_type=product&#038;p=13095"},"modified":"2025-10-27T12:12:57","modified_gmt":"2025-10-27T12:12:57","slug":"saunavalgus-siluetisormus-600-haab","status":"publish","type":"product","link":"https:\/\/koduspa.ee\/en\/pood\/tylo-valgustid\/saunavalgus-siluetisormus-600-haab\/","title":{"rendered":"TYL\u00d6 SAUNAVALGUS SILUETT RING 600 HAAB"},"content":{"rendered":"<div class=\"row\">\n<div class=\"col-12\">\n<h6 class=\"ng-star-inserted\"><span style=\"font-size: 16px; color: #000000;\">Silhouette Ringi elegantne disain annab pehme \u00fcmbritseva valguse, <\/span><\/h6>\n<h6 class=\"ng-star-inserted\"><span style=\"font-size: 16px; color: #000000;\">mis loob t\u00e4iusliku atmosf\u00e4\u00e4ri igas saunaruumis. <\/span><\/h6>\n<h6 class=\"ng-star-inserted\"><span style=\"font-size: 16px; color: #000000;\">L\u00f5putute v\u00f5imalustega saab seda riputada ripatsina v\u00f5i seinale,<\/span><\/h6>\n<h6 class=\"ng-star-inserted\"><span style=\"font-size: 16px; color: #000000;\"> enda jaoks h\u00f5\u00f5gudes v\u00f5i koos teiste sama sarja valgustitega. <\/span><\/h6>\n<h6 class=\"ng-star-inserted\"><span style=\"font-size: 16px; color: #000000;\">Valgustus on saunakindel ja talub saunatemperatuure. <\/span><\/h6>\n<h6 class=\"ng-star-inserted\"><span style=\"font-size: 16px; color: #000000;\">Valikuline IR-silma juhtseade, <\/span><\/h6>\n<h6 class=\"ng-star-inserted\"><span style=\"font-size: 16px; color: #000000;\">mida on lihtne h\u00e4mardada ja juhitakse k\u00e4eliigutusega. <\/span><\/h6>\n<h6 class=\"ng-star-inserted\"><span style=\"font-size: 16px; color: #000000;\">Haava puidust, h\u00e4mardatav, lihtsaks j\u00e4lgimiseks kombinerida IR-silmaga. <\/span><\/h6>\n<h6 class=\"ng-star-inserted\"><span style=\"font-size: 16px; color: #000000;\">12W, pinge 12V DC<\/span><\/h6>\n<h6 class=\"ng-star-inserted\"><span style=\"color: #000000;\">Puit on looduslik materjal <\/span><\/h6>\n<h6 class=\"ng-star-inserted\"><span style=\"color: #000000;\">ning v\u00e4rvis ja tekstuuris v\u00f5ib esineda erinevusi.<\/span><\/h6>\n<h6><span style=\"color: #000000;\">Tehnilised andmed:<\/span><\/h6>\n<\/div>\n<p><a href=\"https:\/\/s3-eu-west-1.amazonaws.com\/gung-images-bucket-ireland\/tylo\/pim-item\/90011220\/2900%203210%20Silhoutte%20Ring.pdf\">https:\/\/s3-eu-west-1.amazonaws.com\/gung-images-bucket-ireland\/tylo\/pim-item\/90011220\/2900%203210%20Silhoutte%20Ring.pdf<\/a><\/p>\n<\/div>\n","protected":false},"excerpt":{"rendered":"<p>Silhouette Ringi elegantne disain annab pehme \u00fcmbritseva valguse, mis loob t\u00e4iusliku atmosf\u00e4\u00e4ri igas saunaruumis. L\u00f5putute v\u00f5imalustega saab seda riputada ripatsina v\u00f5i seinale, enda jaoks h\u00f5\u00f5gudes v\u00f5i koos teiste sama sarja valgustitega. Valgustus on saunakindel ja talub saunatemperatuure. Valikuline IR-silma juhtseade, mida on lihtne h\u00e4mardada ja juhitakse k\u00e4eliigutusega. Haava puidust, h\u00e4mardatav, lihtsaks j\u00e4lgimiseks kombinerida IR-silmaga. 12W, [&hellip;]<\/p>\n","protected":false},"featured_media":13105,"comment_status":"open","ping_status":"closed","template":"","meta":{"_acf_changed":false,"_genesis_hide_title":false,"_genesis_hide_breadcrumbs":false,"_genesis_hide_singular_image":false,"_genesis_hide_footer_widgets":false,"_genesis_custom_body_class":"","_genesis_custom_post_class":"","_genesis_layout":""},"product_brand":[],"product_cat":[372],"product_tag":[],"class_list":{"0":"post-13095","1":"product","2":"type-product","3":"status-publish","4":"has-post-thumbnail","6":"product_cat-tylo-valgustid","7":"entry","8":"override","10":"first","11":"instock","12":"shipping-taxable","13":"purchasable","14":"product-type-simple"},"acf":[],"_links":{"self":[{"href":"https:\/\/koduspa.ee\/en\/wp-json\/wp\/v2\/product\/13095","targetHints":{"allow":["GET"]}}],"collection":[{"href":"https:\/\/koduspa.ee\/en\/wp-json\/wp\/v2\/product"}],"about":[{"href":"https:\/\/koduspa.ee\/en\/wp-json\/wp\/v2\/types\/product"}],"replies":[{"embeddable":true,"href":"https:\/\/koduspa.ee\/en\/wp-json\/wp\/v2\/comments?post=13095"}],"wp:featuredmedia":[{"embeddable":true,"href":"https:\/\/koduspa.ee\/en\/wp-json\/wp\/v2\/media\/13105"}],"wp:attachment":[{"href":"https:\/\/koduspa.ee\/en\/wp-json\/wp\/v2\/media?parent=13095"}],"wp:term":[{"taxonomy":"product_brand","embeddable":true,"href":"https:\/\/koduspa.ee\/en\/wp-json\/wp\/v2\/product_brand?post=13095"},{"taxonomy":"product_cat","embeddable":true,"href":"https:\/\/koduspa.ee\/en\/wp-json\/wp\/v2\/product_cat?post=13095"},{"taxonomy":"product_tag","embeddable":true,"href":"https:\/\/koduspa.ee\/en\/wp-json\/wp\/v2\/product_tag?post=13095"}],"curies":[{"name":"wp","href":"https:\/\/api.w.org\/{rel}","templated":true}]}}