{"id":12891,"date":"2023-03-10T09:07:07","date_gmt":"2023-03-10T09:07:07","guid":{"rendered":"https:\/\/koduspa.ee\/?post_type=product&#038;p=12891"},"modified":"2026-01-14T05:49:57","modified_gmt":"2026-01-14T05:49:57","slug":"finesse-massaazioli-mandel-vanilli-1l","status":"publish","type":"product","link":"https:\/\/koduspa.ee\/en\/pood\/kehahooldus\/finesse-massaazioli-mandel-vanilli-1l\/","title":{"rendered":"FINESSE MASSAA\u017dI\u00d5LI MANDEL VANILLI 1L"},"content":{"rendered":"<h6><span style=\"color: #000000;\">Finesse massaa\u017ei\u00f5li iseloomustab eriti hea ja kauakestev libisemisv\u00f5ime. <\/span><\/h6>\n<h6><span style=\"color: #000000;\">Erinevate baas\u00f5lide segu jojoba\u00f5liga,<\/span><\/h6>\n<h6><span style=\"color: #000000;\">lipiidid ja toitev E-vitamiin loovad koos <\/span><\/h6>\n<h6><span style=\"color: #000000;\">eriti meeldiva naha silumise.<\/span><\/h6>\n","protected":false},"excerpt":{"rendered":"<p>Finesse massaa\u017ei\u00f5li iseloomustab eriti hea ja kauakestev libisemisv\u00f5ime. Erinevate baas\u00f5lide segu jojoba\u00f5liga, lipiidid ja toitev E-vitamiin loovad koos eriti meeldiva naha silumise.<\/p>\n","protected":false},"featured_media":12887,"comment_status":"open","ping_status":"closed","template":"","meta":{"_acf_changed":false,"_genesis_hide_title":false,"_genesis_hide_breadcrumbs":false,"_genesis_hide_singular_image":false,"_genesis_hide_footer_widgets":false,"_genesis_custom_body_class":"","_genesis_custom_post_class":"","_genesis_layout":""},"product_brand":[],"product_cat":[365],"product_tag":[],"class_list":{"0":"post-12891","1":"product","2":"type-product","3":"status-publish","4":"has-post-thumbnail","6":"product_cat-kehahooldus","7":"entry","8":"override","10":"first","11":"instock","12":"shipping-taxable","13":"purchasable","14":"product-type-simple"},"acf":[],"_links":{"self":[{"href":"https:\/\/koduspa.ee\/en\/wp-json\/wp\/v2\/product\/12891","targetHints":{"allow":["GET"]}}],"collection":[{"href":"https:\/\/koduspa.ee\/en\/wp-json\/wp\/v2\/product"}],"about":[{"href":"https:\/\/koduspa.ee\/en\/wp-json\/wp\/v2\/types\/product"}],"replies":[{"embeddable":true,"href":"https:\/\/koduspa.ee\/en\/wp-json\/wp\/v2\/comments?post=12891"}],"wp:featuredmedia":[{"embeddable":true,"href":"https:\/\/koduspa.ee\/en\/wp-json\/wp\/v2\/media\/12887"}],"wp:attachment":[{"href":"https:\/\/koduspa.ee\/en\/wp-json\/wp\/v2\/media?parent=12891"}],"wp:term":[{"taxonomy":"product_brand","embeddable":true,"href":"https:\/\/koduspa.ee\/en\/wp-json\/wp\/v2\/product_brand?post=12891"},{"taxonomy":"product_cat","embeddable":true,"href":"https:\/\/koduspa.ee\/en\/wp-json\/wp\/v2\/product_cat?post=12891"},{"taxonomy":"product_tag","embeddable":true,"href":"https:\/\/koduspa.ee\/en\/wp-json\/wp\/v2\/product_tag?post=12891"}],"curies":[{"name":"wp","href":"https:\/\/api.w.org\/{rel}","templated":true}]}}