{"id":12881,"date":"2023-03-10T08:51:21","date_gmt":"2023-03-10T08:51:21","guid":{"rendered":"https:\/\/koduspa.ee\/?post_type=product&#038;p=12881"},"modified":"2025-07-03T08:13:02","modified_gmt":"2025-07-03T08:13:02","slug":"hammam-vahu-kontsentraat-sidrun-muskus-10l","status":"publish","type":"product","link":"https:\/\/koduspa.ee\/en\/pood\/kehahooldus\/hammam-vahu-kontsentraat-sidrun-muskus-10l\/","title":{"rendered":"KEHASEEP \/ HAMMAM VAHU KONTSENTRAAT SIDRUN &#8211; MUSKAAT 10L"},"content":{"rendered":"<h6><span style=\"color: #000000;\">Vee baasil seep-vaht keha pesemiseks. neutraalne pH koos niisutajaga,<\/span><\/h6>\n<h6><span style=\"color: #000000;\"> sobib ka tundlikule nahat\u00fc\u00fcbile, kookospalmi\u00f5liga. <\/span><\/h6>\n<h6><span style=\"color: #000000;\">Lahjendada 1:10\u00a0<\/span><\/h6>\n<h6><span style=\"color: #000000;\">Tootja Chemoform AG &#8211; Saksamaa.<\/span><\/h6>\n","protected":false},"excerpt":{"rendered":"<p>Vee baasil seep-vaht keha pesemiseks. neutraalne pH koos niisutajaga, sobib ka tundlikule nahat\u00fc\u00fcbile, kookospalmi\u00f5liga. Lahjendada 1:10\u00a0 Tootja Chemoform AG &#8211; Saksamaa.<\/p>\n","protected":false},"featured_media":12882,"comment_status":"open","ping_status":"closed","template":"","meta":{"_acf_changed":false,"_genesis_hide_title":false,"_genesis_hide_breadcrumbs":false,"_genesis_hide_singular_image":false,"_genesis_hide_footer_widgets":false,"_genesis_custom_body_class":"","_genesis_custom_post_class":"","_genesis_layout":""},"product_brand":[],"product_cat":[365],"product_tag":[],"class_list":{"0":"post-12881","1":"product","2":"type-product","3":"status-publish","4":"has-post-thumbnail","6":"product_cat-kehahooldus","7":"entry","8":"override","10":"first","11":"instock","12":"shipping-taxable","13":"purchasable","14":"product-type-simple"},"acf":[],"_links":{"self":[{"href":"https:\/\/koduspa.ee\/en\/wp-json\/wp\/v2\/product\/12881","targetHints":{"allow":["GET"]}}],"collection":[{"href":"https:\/\/koduspa.ee\/en\/wp-json\/wp\/v2\/product"}],"about":[{"href":"https:\/\/koduspa.ee\/en\/wp-json\/wp\/v2\/types\/product"}],"replies":[{"embeddable":true,"href":"https:\/\/koduspa.ee\/en\/wp-json\/wp\/v2\/comments?post=12881"}],"wp:featuredmedia":[{"embeddable":true,"href":"https:\/\/koduspa.ee\/en\/wp-json\/wp\/v2\/media\/12882"}],"wp:attachment":[{"href":"https:\/\/koduspa.ee\/en\/wp-json\/wp\/v2\/media?parent=12881"}],"wp:term":[{"taxonomy":"product_brand","embeddable":true,"href":"https:\/\/koduspa.ee\/en\/wp-json\/wp\/v2\/product_brand?post=12881"},{"taxonomy":"product_cat","embeddable":true,"href":"https:\/\/koduspa.ee\/en\/wp-json\/wp\/v2\/product_cat?post=12881"},{"taxonomy":"product_tag","embeddable":true,"href":"https:\/\/koduspa.ee\/en\/wp-json\/wp\/v2\/product_tag?post=12881"}],"curies":[{"name":"wp","href":"https:\/\/api.w.org\/{rel}","templated":true}]}}