{"id":12672,"date":"2023-02-14T07:19:51","date_gmt":"2023-02-14T07:19:51","guid":{"rendered":"https:\/\/koduspa.ee\/?post_type=product&#038;p=12672"},"modified":"2025-08-29T10:30:45","modified_gmt":"2025-08-29T10:30:45","slug":"elektrikeris-helo-vienna-8-kw-kroom","status":"publish","type":"product","link":"https:\/\/koduspa.ee\/en\/pood\/pakkumised-en\/elektrikeris-helo-vienna-8-kw-kroom\/","title":{"rendered":"L\u00d5PUM\u00dc\u00dcK! ELEKTRIKERIS HELO VIENNA 8 kW KROOM"},"content":{"rendered":"<p><span class=\"Y2IQFc\" lang=\"et\" style=\"color: #000000;\">Keris on seinale paigaldatav,<br \/>\nseega vabastab\u00a0 saunaruumis v\u00e4\u00e4rtuslikku ruumi.<br \/>\nOn mitmek\u00fclgne ja lihtne kasutada.<br \/>\nSelle kerise populaarsuseks on uuenduslikud omadused.<br \/>\nKerise kiviruumid on reguleeritavad kahele erinevale tasemele,<br \/>\n12 v\u00f5i 20 kg kivi jaoks. V\u00e4iksem arv kive k\u00fctab sauna kiiresti,<br \/>\nsuurem hulk kive toodab ideaalset ja pehmet nauditavat leili.<br \/>\nKeris v\u00f5imsus 8,0 kW, pakub t\u00f5husat leili 8-12 kuupmeetrise saunaruumi jaoks,<br \/>\nsisseehitatud termostaat ja taimer,<br \/>\nmillel on 9-tunnine eelvaliku ala ajastamiseks ja 0\u20133-tunnine k\u00fctteaeg.<\/span><\/p>\n<p><span class=\"Y2IQFc\" lang=\"et\" style=\"color: #000000;\">Kerise m\u00f5\u00f5t 420x615x270mm.<\/span><\/p>\n<p><span class=\"Y2IQFc\" lang=\"et\" style=\"color: #000000;\">Pinge 1 230-240V 1N\/2~,<\/span><\/p>\n<p><span class=\"Y2IQFc\" lang=\"et\" style=\"color: #000000;\">Pinge 2 230V 3~,\u00a0<\/span><\/p>\n<p><span style=\"color: #000000;\"><span class=\"Y2IQFc\" lang=\"et\">Pinge 3<\/span><span class=\"Y2IQFc\" lang=\"et\">400-415V 3N~<\/span><\/span><\/p>\n<p><span class=\"Y2IQFc\" lang=\"et\"><span style=\"color: #000000;\">Nuppudega, manuaalne juhtimine.<\/span><br \/>\n<\/span><\/p>\n<p>&nbsp;<\/p>\n","protected":false},"excerpt":{"rendered":"<p>Keris on seinale paigaldatav, seega vabastab\u00a0 saunaruumis v\u00e4\u00e4rtuslikku ruumi. On mitmek\u00fclgne ja lihtne kasutada. Selle kerise populaarsuseks on uuenduslikud omadused. Kerise kiviruumid on reguleeritavad kahele erinevale tasemele, 12 v\u00f5i 20 kg kivi jaoks. V\u00e4iksem arv kive k\u00fctab sauna kiiresti, suurem hulk kive toodab ideaalset ja pehmet nauditavat leili. Keris v\u00f5imsus 8,0 kW, pakub t\u00f5husat leili [&hellip;]<\/p>\n","protected":false},"featured_media":12673,"comment_status":"open","ping_status":"closed","template":"","meta":{"_acf_changed":false,"_genesis_hide_title":false,"_genesis_hide_breadcrumbs":false,"_genesis_hide_singular_image":false,"_genesis_hide_footer_widgets":false,"_genesis_custom_body_class":"","_genesis_custom_post_class":"","_genesis_layout":""},"product_brand":[],"product_cat":[171],"product_tag":[],"class_list":{"0":"post-12672","1":"product","2":"type-product","3":"status-publish","4":"has-post-thumbnail","6":"product_cat-pakkumised","7":"entry","8":"override","10":"first","11":"instock","12":"sale","13":"shipping-taxable","14":"purchasable","15":"product-type-simple"},"acf":[],"_links":{"self":[{"href":"https:\/\/koduspa.ee\/en\/wp-json\/wp\/v2\/product\/12672","targetHints":{"allow":["GET"]}}],"collection":[{"href":"https:\/\/koduspa.ee\/en\/wp-json\/wp\/v2\/product"}],"about":[{"href":"https:\/\/koduspa.ee\/en\/wp-json\/wp\/v2\/types\/product"}],"replies":[{"embeddable":true,"href":"https:\/\/koduspa.ee\/en\/wp-json\/wp\/v2\/comments?post=12672"}],"wp:featuredmedia":[{"embeddable":true,"href":"https:\/\/koduspa.ee\/en\/wp-json\/wp\/v2\/media\/12673"}],"wp:attachment":[{"href":"https:\/\/koduspa.ee\/en\/wp-json\/wp\/v2\/media?parent=12672"}],"wp:term":[{"taxonomy":"product_brand","embeddable":true,"href":"https:\/\/koduspa.ee\/en\/wp-json\/wp\/v2\/product_brand?post=12672"},{"taxonomy":"product_cat","embeddable":true,"href":"https:\/\/koduspa.ee\/en\/wp-json\/wp\/v2\/product_cat?post=12672"},{"taxonomy":"product_tag","embeddable":true,"href":"https:\/\/koduspa.ee\/en\/wp-json\/wp\/v2\/product_tag?post=12672"}],"curies":[{"name":"wp","href":"https:\/\/api.w.org\/{rel}","templated":true}]}}