{"id":11712,"date":"2022-07-11T08:58:34","date_gmt":"2022-07-11T08:58:34","guid":{"rendered":"https:\/\/koduspa.ee\/?post_type=product&#038;p=11712"},"modified":"2024-04-05T10:07:44","modified_gmt":"2024-04-05T10:07:44","slug":"auru-dusikabiin-vista-130-dco-kroom","status":"publish","type":"product","link":"https:\/\/koduspa.ee\/en\/pood\/saunaruumid-en\/auru-dusikabiin-vista-130-dco-kroom\/","title":{"rendered":"TYL\u00d6 AURU DU\u0160IKABIIN VISTA 130 DCO KROOM"},"content":{"rendered":"<h6><span style=\"color: #000000;\">Steam Vista 130 DCO on valmistatud mattmustade alumiiniumprofiilide ja <\/span><\/h6>\n<h6><span style=\"color: #000000;\">8 mm karastatud suitsuklaasiga.<\/span><\/h6>\n<h6><span style=\"color: #000000;\"> Aurukabiini lagi koosneb HPL-st (k\u00f5rgsurvelaminaadist), millel on isoleeritud vahts\u00fcdamik, <\/span><\/h6>\n<h6><span style=\"color: #000000;\">et minimeerida kondensaadi tilkumist tavap\u00e4rasel kasutamisel. <\/span><\/h6>\n<h6><span style=\"color: #000000;\">Uksehinged ja -lingid on saksa tootjalt Pauli. <\/span><\/h6>\n<h6><span style=\"color: #000000;\">Uksel on magnetsulgur. Kabiin on varustatud du\u0161iga. <\/span><\/h6>\n<h6><span style=\"color: #000000;\">Aurupaneel on s\u00fcvistatud tagaseina ja <\/span><\/h6>\n<h6><span style=\"color: #000000;\">valmistatud 8mm mustast karastatud klaasist.\u00a0<\/span><\/h6>\n<h6><span style=\"color: #000000;\">Klaasi taga on sisseehitatud neoon LED valgustus.\u00a0<\/span><\/h6>\n<h6><span style=\"color: #000000;\">Juhtpaneel Elite Cloud on komplektis, mis paigaldatakse otse klaasile.<\/span><\/h6>\n<h6><span style=\"color: #000000;\">\u00a0Auru hakkab tootma 2 minuti p\u00e4rast ning peagi on saavutatud mugav ja soe temperatuur.\u00a0<\/span><\/h6>\n<h6><span style=\"color: #000000;\">Termostaat, segisti ja k\u00e4sidu\u0161\u0161 on paigaldatud paneeli. <\/span><\/h6>\n<h6><span style=\"color: #000000;\">Auruotsik on vaikne, otsik on omakorda kaetud turvaklaasist kattega,<\/span><\/h6>\n<h6><span style=\"color: #000000;\">mis muudab auruotsiku turvaliseks.<\/span><\/h6>\n<h6><span style=\"color: #000000;\"> Auruotsik on varustatud v\u00e4ikese l\u00f5hnan\u00f5uga.<\/span><\/h6>\n<h6><span style=\"color: #000000;\"> Kabiini m\u00f5\u00f5t S900 x L1300 x K2130mm. <\/span><\/h6>\n<h6><span style=\"color: #000000;\">Lisavarustusena saadaval aurukabiini m\u00f6\u00f6bel (nt. riiul, pink).<\/span><\/h6>\n<h6><a href=\"https:\/\/s3-eu-west-1.amazonaws.com\/gung-images-bucket-ireland\/tylo\/pim-item\/96076520\/2900%203011%20VISTA%20DC%20monteringsanvisning.pdf\"><span style=\"color: #000000;\">https:\/\/s3-eu-west-1.amazonaws.com\/gung-images-bucket-ireland\/tylo\/pim-item\/96076520\/2900%203011%20VISTA%20DC%20monteringsanvisning.pdf<\/span><\/a><\/h6>\n","protected":false},"excerpt":{"rendered":"<p>Steam Vista 130 DCO on valmistatud mattmustade alumiiniumprofiilide ja 8 mm karastatud suitsuklaasiga. Aurukabiini lagi koosneb HPL-st (k\u00f5rgsurvelaminaadist), millel on isoleeritud vahts\u00fcdamik, et minimeerida kondensaadi tilkumist tavap\u00e4rasel kasutamisel. Uksehinged ja -lingid on saksa tootjalt Pauli. Uksel on magnetsulgur. Kabiin on varustatud du\u0161iga. Aurupaneel on s\u00fcvistatud tagaseina ja valmistatud 8mm mustast karastatud klaasist.\u00a0 Klaasi taga on [&hellip;]<\/p>\n","protected":false},"featured_media":11713,"comment_status":"open","ping_status":"closed","template":"","meta":{"_acf_changed":false,"_genesis_hide_title":false,"_genesis_hide_breadcrumbs":false,"_genesis_hide_singular_image":false,"_genesis_hide_footer_widgets":false,"_genesis_custom_body_class":"","_genesis_custom_post_class":"","_genesis_layout":""},"product_brand":[],"product_cat":[174],"product_tag":[],"class_list":{"0":"post-11712","1":"product","2":"type-product","3":"status-publish","4":"has-post-thumbnail","6":"product_cat-saunaruumid","7":"entry","8":"override","10":"first","11":"instock","12":"shipping-taxable","13":"purchasable","14":"product-type-simple"},"acf":[],"_links":{"self":[{"href":"https:\/\/koduspa.ee\/en\/wp-json\/wp\/v2\/product\/11712","targetHints":{"allow":["GET"]}}],"collection":[{"href":"https:\/\/koduspa.ee\/en\/wp-json\/wp\/v2\/product"}],"about":[{"href":"https:\/\/koduspa.ee\/en\/wp-json\/wp\/v2\/types\/product"}],"replies":[{"embeddable":true,"href":"https:\/\/koduspa.ee\/en\/wp-json\/wp\/v2\/comments?post=11712"}],"wp:featuredmedia":[{"embeddable":true,"href":"https:\/\/koduspa.ee\/en\/wp-json\/wp\/v2\/media\/11713"}],"wp:attachment":[{"href":"https:\/\/koduspa.ee\/en\/wp-json\/wp\/v2\/media?parent=11712"}],"wp:term":[{"taxonomy":"product_brand","embeddable":true,"href":"https:\/\/koduspa.ee\/en\/wp-json\/wp\/v2\/product_brand?post=11712"},{"taxonomy":"product_cat","embeddable":true,"href":"https:\/\/koduspa.ee\/en\/wp-json\/wp\/v2\/product_cat?post=11712"},{"taxonomy":"product_tag","embeddable":true,"href":"https:\/\/koduspa.ee\/en\/wp-json\/wp\/v2\/product_tag?post=11712"}],"curies":[{"name":"wp","href":"https:\/\/api.w.org\/{rel}","templated":true}]}}