{"id":11627,"date":"2022-06-28T07:12:36","date_gmt":"2022-06-28T07:12:36","guid":{"rendered":"https:\/\/koduspa.ee\/?post_type=product&#038;p=11627"},"modified":"2024-04-06T12:54:18","modified_gmt":"2024-04-06T12:54:18","slug":"aurusaunaruum-panacea-2117-must","status":"publish","type":"product","link":"https:\/\/koduspa.ee\/en\/pood\/saunaruumid-en\/aurusaunaruum-panacea-2117-must\/","title":{"rendered":"TYL\u00d6 AURUSAUNARUUM PANACEA 2117 MUST"},"content":{"rendered":"<div class=\"row\">\n<div class=\"col-12\">\n<h6><span style=\"font-size: 16px; color: #000000;\">Eksklusiivse disainiga aurusaun, mis sobib enamiku keskkondadega. <\/span><\/h6>\n<h6><span style=\"color: #000000;\"><span style=\"font-size: 16px;\">Lihtne paigaldada, s<\/span><span style=\"font-size: 16px;\">einad on karastatud turvaklaasist,<\/span><\/span><\/h6>\n<h6><span style=\"color: #000000;\"><span style=\"font-size: 16px;\">profiilid on tugevalt mustaks v\u00e4rvitud. <\/span><span style=\"font-size: 16px;\">Isoleeritud laeosad, <\/span><\/span><\/h6>\n<h6><span style=\"font-size: 16px; color: #000000;\">mis takistavad laest vee tilkumist ja v\u00e4hendavad k\u00fctteaega. <\/span><\/h6>\n<h6><span style=\"font-size: 16px; color: #000000;\">Spetsiaalselt disainitud p\u00f5randaraam, mis muudab ruumi kergesti puhastatavaks.<\/span><\/h6>\n<h6><span style=\"color: #000000;\"><span style=\"font-size: 16px;\">\u00a0<\/span><span style=\"font-size: 16px;\">Auruotsik tagab auru sujuva hajutamise ja sellel on v\u00e4ga madal m\u00fcratase.\u00a0<\/span><\/span><\/h6>\n<h6><span style=\"font-size: 16px; color: #000000;\">RGB-valgustusega motiiviosa, mis tekitab hubase tunde. <\/span><\/h6>\n<h6><span style=\"font-size: 16px; color: #000000;\">M\u00f5\u00f5t 2125x1725x2090mm<\/span><\/h6>\n<h6><span style=\"font-size: 16px; color: #000000;\">Saunapingid ei kuulu komplekti.<\/span><\/h6>\n<h6><a href=\"https:\/\/s3-eu-west-1.amazonaws.com\/gung-images-bucket-ireland\/tylo\/2900%202800%20Panacea%201717%20user%20guide.pdf\">https:\/\/s3-eu-west-1.amazonaws.com\/gung-images-bucket-ireland\/tylo\/2900%202800%20Panacea%201717%20user%20guide.pdf<\/a><\/h6>\n<\/div>\n<\/div>\n<h6 class=\"result-shield-container tlid-copy-target\" tabindex=\"0\"><a href=\"https:\/\/s3-eu-west-1.amazonaws.com\/gung-images-bucket-ireland\/tylo\/Panacea%20tech%20info.pdf\">https:\/\/s3-eu-west-1.amazonaws.com\/gung-images-bucket-ireland\/tylo\/Panacea%20tech%20info.pdf<\/a><\/h6>\n","protected":false},"excerpt":{"rendered":"<p>Eksklusiivse disainiga aurusaun, mis sobib enamiku keskkondadega. Lihtne paigaldada, seinad on karastatud turvaklaasist, profiilid on tugevalt mustaks v\u00e4rvitud. Isoleeritud laeosad, mis takistavad laest vee tilkumist ja v\u00e4hendavad k\u00fctteaega. Spetsiaalselt disainitud p\u00f5randaraam, mis muudab ruumi kergesti puhastatavaks. \u00a0Auruotsik tagab auru sujuva hajutamise ja sellel on v\u00e4ga madal m\u00fcratase.\u00a0 RGB-valgustusega motiiviosa, mis tekitab hubase tunde. M\u00f5\u00f5t 2125x1725x2090mm [&hellip;]<\/p>\n","protected":false},"featured_media":11628,"comment_status":"open","ping_status":"closed","template":"","meta":{"_acf_changed":false,"_genesis_hide_title":false,"_genesis_hide_breadcrumbs":false,"_genesis_hide_singular_image":false,"_genesis_hide_footer_widgets":false,"_genesis_custom_body_class":"","_genesis_custom_post_class":"","_genesis_layout":""},"product_brand":[],"product_cat":[174],"product_tag":[],"class_list":{"0":"post-11627","1":"product","2":"type-product","3":"status-publish","4":"has-post-thumbnail","6":"product_cat-saunaruumid","7":"entry","8":"override","10":"first","11":"instock","12":"shipping-taxable","13":"purchasable","14":"product-type-simple"},"acf":[],"_links":{"self":[{"href":"https:\/\/koduspa.ee\/en\/wp-json\/wp\/v2\/product\/11627","targetHints":{"allow":["GET"]}}],"collection":[{"href":"https:\/\/koduspa.ee\/en\/wp-json\/wp\/v2\/product"}],"about":[{"href":"https:\/\/koduspa.ee\/en\/wp-json\/wp\/v2\/types\/product"}],"replies":[{"embeddable":true,"href":"https:\/\/koduspa.ee\/en\/wp-json\/wp\/v2\/comments?post=11627"}],"wp:featuredmedia":[{"embeddable":true,"href":"https:\/\/koduspa.ee\/en\/wp-json\/wp\/v2\/media\/11628"}],"wp:attachment":[{"href":"https:\/\/koduspa.ee\/en\/wp-json\/wp\/v2\/media?parent=11627"}],"wp:term":[{"taxonomy":"product_brand","embeddable":true,"href":"https:\/\/koduspa.ee\/en\/wp-json\/wp\/v2\/product_brand?post=11627"},{"taxonomy":"product_cat","embeddable":true,"href":"https:\/\/koduspa.ee\/en\/wp-json\/wp\/v2\/product_cat?post=11627"},{"taxonomy":"product_tag","embeddable":true,"href":"https:\/\/koduspa.ee\/en\/wp-json\/wp\/v2\/product_tag?post=11627"}],"curies":[{"name":"wp","href":"https:\/\/api.w.org\/{rel}","templated":true}]}}