{"id":11506,"date":"2022-06-08T11:31:44","date_gmt":"2022-06-08T11:31:44","guid":{"rendered":"https:\/\/koduspa.ee\/?post_type=product&#038;p=11506"},"modified":"2024-04-03T08:20:32","modified_gmt":"2024-04-03T08:20:32","slug":"elektrikeris-huum-core-bk-6kw","status":"publish","type":"product","link":"https:\/\/koduspa.ee\/en\/pood\/huum-elektrikerised-en\/elektrikeris-huum-core-bk-6kw\/","title":{"rendered":"ELEKTRIKERIS HUUM CORE BK 6kW"},"content":{"rendered":"<h6><span style=\"color: #000000;\">Elektrikeris HUUM CORE BK 6kW\u00a0on paindlikke lahendusi<\/span><\/h6>\n<h6><span style=\"color: #000000;\"> pakkuv v\u00f5imas elektrikeris v\u00e4ikesaunade jaoks, <\/span><\/h6>\n<h6><span style=\"color: #000000;\">sobides ideaalselt 6-10 m\u00b3 leiliruumidesse. <\/span><\/h6>\n<h6><span style=\"color: #000000;\">Antud elektrikeris on \u00e4\u00e4rmiselt ruumis\u00e4\u00e4stlik, <\/span><\/h6>\n<h6><span style=\"color: #000000;\">selle v\u00f5ib paigaldada seinast vaid 4 cm kaugusele. <\/span><\/h6>\n<h6><span style=\"color: #000000;\">V\u00e4ikesed ohutuskaugused on saavutatud t\u00e4nu uutele <\/span><\/h6>\n<h6><span style=\"color: #000000;\">insenertehnilistele lahendustele. <\/span><\/h6>\n<h6><span style=\"color: #000000;\">Topelt-tuulutustega seinad tagavad, et kerise v\u00e4lispinna temperatuur on madal, <\/span><\/h6>\n<h6><span style=\"color: #000000;\">kuid saunakogemus ja leil on suurep\u00e4rased.<\/span><\/h6>\n<h6><span style=\"color: #000000;\">Kerise \u00fclemised n\u00e4htavale j\u00e4\u00e4vad iluliistud on musta v\u00e4rvi metallist.<\/span><\/h6>\n<h6><span style=\"color: #000000;\">Elektrikerise pealispinna saab kujundada ja viimistleda vastavalt interj\u00f6\u00f6rile. <\/span><\/h6>\n<h6><span style=\"color: #000000;\"> Pealispind on v\u00f5imalik valmistada ja viimistleda kas ise v\u00f5i <\/span><\/h6>\n<h6><span style=\"color: #000000;\">valida meie poolt pakutavate v\u00f5imaluste hulgast.<\/span><\/h6>\n<h6><span style=\"color: #000000;\">See elektrikeris mahutab 30 kilogrammi kive (ei kuulu komplekti), <\/span><\/h6>\n<h6><span style=\"color: #000000;\">mis on paras kogus v\u00e4iksema sauna leiliruumi \u00fclesk\u00fctmiseks 45-60 minutiga. <\/span><\/h6>\n<h6><span style=\"color: #000000;\">Kerise m\u00f5\u00f5t K830xL\/S400mm.<\/span><\/h6>\n<h6><span style=\"color: #000000;\">OHUTUSKAUGUS vt. kasutusjuhend:<\/span><\/h6>\n<p><a href=\"https:\/\/calor.ee\/wp-content\/uploads\/2022\/05\/huum-core-paigaldus-ja-kasutusjuhend.pdf\">https:\/\/calor.ee\/wp-content\/uploads\/2022\/05\/huum-core-paigaldus-ja-kasutusjuhend.pdf<\/a><\/p>\n","protected":false},"excerpt":{"rendered":"<p>Elektrikeris HUUM CORE BK 6kW\u00a0on paindlikke lahendusi pakkuv v\u00f5imas elektrikeris v\u00e4ikesaunade jaoks, sobides ideaalselt 6-10 m\u00b3 leiliruumidesse. Antud elektrikeris on \u00e4\u00e4rmiselt ruumis\u00e4\u00e4stlik, selle v\u00f5ib paigaldada seinast vaid 4 cm kaugusele. V\u00e4ikesed ohutuskaugused on saavutatud t\u00e4nu uutele insenertehnilistele lahendustele. Topelt-tuulutustega seinad tagavad, et kerise v\u00e4lispinna temperatuur on madal, kuid saunakogemus ja leil on suurep\u00e4rased. Kerise \u00fclemised [&hellip;]<\/p>\n","protected":false},"featured_media":11507,"comment_status":"open","ping_status":"closed","template":"","meta":{"_acf_changed":false,"_genesis_hide_title":false,"_genesis_hide_breadcrumbs":false,"_genesis_hide_singular_image":false,"_genesis_hide_footer_widgets":false,"_genesis_custom_body_class":"","_genesis_custom_post_class":"","_genesis_layout":""},"product_brand":[],"product_cat":[350],"product_tag":[],"class_list":{"0":"post-11506","1":"product","2":"type-product","3":"status-publish","4":"has-post-thumbnail","6":"product_cat-huum-elektrikerised","7":"entry","8":"override","10":"first","11":"instock","12":"shipping-taxable","13":"purchasable","14":"product-type-simple"},"acf":[],"_links":{"self":[{"href":"https:\/\/koduspa.ee\/en\/wp-json\/wp\/v2\/product\/11506","targetHints":{"allow":["GET"]}}],"collection":[{"href":"https:\/\/koduspa.ee\/en\/wp-json\/wp\/v2\/product"}],"about":[{"href":"https:\/\/koduspa.ee\/en\/wp-json\/wp\/v2\/types\/product"}],"replies":[{"embeddable":true,"href":"https:\/\/koduspa.ee\/en\/wp-json\/wp\/v2\/comments?post=11506"}],"wp:featuredmedia":[{"embeddable":true,"href":"https:\/\/koduspa.ee\/en\/wp-json\/wp\/v2\/media\/11507"}],"wp:attachment":[{"href":"https:\/\/koduspa.ee\/en\/wp-json\/wp\/v2\/media?parent=11506"}],"wp:term":[{"taxonomy":"product_brand","embeddable":true,"href":"https:\/\/koduspa.ee\/en\/wp-json\/wp\/v2\/product_brand?post=11506"},{"taxonomy":"product_cat","embeddable":true,"href":"https:\/\/koduspa.ee\/en\/wp-json\/wp\/v2\/product_cat?post=11506"},{"taxonomy":"product_tag","embeddable":true,"href":"https:\/\/koduspa.ee\/en\/wp-json\/wp\/v2\/product_tag?post=11506"}],"curies":[{"name":"wp","href":"https:\/\/api.w.org\/{rel}","templated":true}]}}