{"id":11492,"date":"2022-06-08T10:41:32","date_gmt":"2022-06-08T10:41:32","guid":{"rendered":"https:\/\/koduspa.ee\/?post_type=product&#038;p=11492"},"modified":"2026-01-14T06:21:18","modified_gmt":"2026-01-14T06:21:18","slug":"elektrikeris-huum-core-black-9kw","status":"publish","type":"product","link":"https:\/\/koduspa.ee\/en\/pood\/huum-elektrikerised\/elektrikeris-huum-core-black-9kw\/","title":{"rendered":"ELEKTRIKERIS HUUM CORE Black 9kW"},"content":{"rendered":"<h6><span style=\"color: #000000;\">CORE on paindlikke lahendusi pakkuv v\u00f5imas elektrikeris korteri sauna. <\/span><\/h6>\n<h6><span style=\"color: #000000;\">CORE\u2019i on v\u00f5imalik valida mitmesuguste \u00fcmbriste ja liistudega. <\/span><\/h6>\n<h6><span style=\"color: #000000;\">Nii sobitub see minimalistliku disainiga keris erinevate siseviimistlustega,<\/span><\/h6>\n<h6><span style=\"color: #000000;\"> mahub ka v\u00e4ga v\u00e4ikestesse saunadesse. <\/span><\/h6>\n<h6><span style=\"color: #000000;\">CORE k\u00fctab leiliruumi kiiresti kuumaks, tagades seejuures siiski meeldiva leili.<\/span><\/h6>\n<ul>\n<li>\n<h6><span style=\"color: #000000;\">erinevad \u00fcmbrised ja liistud l\u00f5ppviimistluseks<\/span><\/h6>\n<\/li>\n<li>\n<h6><span style=\"color: #000000;\">v\u00e4ga v\u00e4iksed ohutuskaugused (4 cm v\u00e4lisviimistlusest)<\/span><\/h6>\n<\/li>\n<li>\n<h6><span style=\"color: #000000;\">kiire k\u00fctmisaeg<\/span><\/h6>\n<\/li>\n<li>\n<h6><span style=\"color: #000000;\">leiliruum 9-15 m\u00b3<\/span><\/h6>\n<\/li>\n<li>\n<h6><span style=\"color: #000000;\">kivide (5-10cm) mahutavus 30kg <\/span><\/h6>\n<\/li>\n<li>\n<h6><span style=\"color: #000000;\">kerise m\u00f5\u00f5t K830xL400xS400 mm<\/span><\/h6>\n<\/li>\n<li class=\"sub-title\">\n<h6><span style=\"color: #000000;\">kaitse 16A<\/span><\/h6>\n<\/li>\n<li class=\"sub-title\">\n<h6><span style=\"color: #000000;\">Toitepinge, 3-faasiline 400 V 3N<\/span><\/h6>\n<\/li>\n<li class=\"sub-title\">\n<h6><span style=\"color: #000000;\">Toitekaabel 5 x 2,5 (N x mm\u00b2)<\/span><\/h6>\n<\/li>\n<\/ul>\n<h6><span style=\"color: #000000;\">230V 1N \u00fchenduse korral tehakse \u00fchendus analoogselt 3-faasiga.<\/span><\/h6>\n<h6><span style=\"color: #000000;\">K\u00fctteringide jaotamine peab olema tehtud enne kaitsel\u00fclitust.<\/span><\/h6>\n<h6><span style=\"color: #000000;\">Kerisejalad komplektis.<\/span><\/h6>\n<h6><span style=\"color: #000000;\">Keris vajab lisaks juhtpulti ja kuumakindlat toitekaablit (ei kuulu komplekti).<\/span><\/h6>\n<h6><span style=\"color: #000000;\">OHUTUSKAUGUSED vt. kasutusjuhend:<\/span><\/h6>\n<p><a href=\"https:\/\/huum.ee\/wp-content\/uploads\/2022\/03\/CORE_user-manual.pdf\">https:\/\/huum.ee\/wp-content\/uploads\/2022\/03\/CORE_user-manual.pdf<\/a><\/p>\n<p>&nbsp;<\/p>\n","protected":false},"excerpt":{"rendered":"<p>CORE on paindlikke lahendusi pakkuv v\u00f5imas elektrikeris korteri sauna. CORE\u2019i on v\u00f5imalik valida mitmesuguste \u00fcmbriste ja liistudega. Nii sobitub see minimalistliku disainiga keris erinevate siseviimistlustega, mahub ka v\u00e4ga v\u00e4ikestesse saunadesse. CORE k\u00fctab leiliruumi kiiresti kuumaks, tagades seejuures siiski meeldiva leili. erinevad \u00fcmbrised ja liistud l\u00f5ppviimistluseks v\u00e4ga v\u00e4iksed ohutuskaugused (4 cm v\u00e4lisviimistlusest) kiire k\u00fctmisaeg leiliruum 9-15 [&hellip;]<\/p>\n","protected":false},"featured_media":11479,"comment_status":"open","ping_status":"closed","template":"","meta":{"_acf_changed":false,"_genesis_hide_title":false,"_genesis_hide_breadcrumbs":false,"_genesis_hide_singular_image":false,"_genesis_hide_footer_widgets":false,"_genesis_custom_body_class":"","_genesis_custom_post_class":"","_genesis_layout":""},"product_cat":[350],"product_tag":[],"acf":[],"_links":{"self":[{"href":"https:\/\/koduspa.ee\/en\/wp-json\/wp\/v2\/product\/11492"}],"collection":[{"href":"https:\/\/koduspa.ee\/en\/wp-json\/wp\/v2\/product"}],"about":[{"href":"https:\/\/koduspa.ee\/en\/wp-json\/wp\/v2\/types\/product"}],"replies":[{"embeddable":true,"href":"https:\/\/koduspa.ee\/en\/wp-json\/wp\/v2\/comments?post=11492"}],"wp:featuredmedia":[{"embeddable":true,"href":"https:\/\/koduspa.ee\/en\/wp-json\/wp\/v2\/media\/11479"}],"wp:attachment":[{"href":"https:\/\/koduspa.ee\/en\/wp-json\/wp\/v2\/media?parent=11492"}],"wp:term":[{"taxonomy":"product_cat","embeddable":true,"href":"https:\/\/koduspa.ee\/en\/wp-json\/wp\/v2\/product_cat?post=11492"},{"taxonomy":"product_tag","embeddable":true,"href":"https:\/\/koduspa.ee\/en\/wp-json\/wp\/v2\/product_tag?post=11492"}],"curies":[{"name":"wp","href":"https:\/\/api.w.org\/{rel}","templated":true}]}}