{"id":11457,"date":"2022-06-08T08:16:38","date_gmt":"2022-06-08T08:16:38","guid":{"rendered":"https:\/\/koduspa.ee\/?post_type=product&#038;p=11457"},"modified":"2026-01-14T06:09:26","modified_gmt":"2026-01-14T06:09:26","slug":"elektrikeris-huum-steel-6kw","status":"publish","type":"product","link":"https:\/\/koduspa.ee\/en\/pood\/huum-elektrikerised-en\/elektrikeris-huum-steel-6kw\/","title":{"rendered":"ELEKTRIKERIS HUUM STEEL 6kW"},"content":{"rendered":"<h6><span style=\"color: #000000;\">Kompaktne ja erakordselt v\u00e4ikeste ohutuskaugustega elektrikeris STEEL <\/span><\/h6>\n<h6><span style=\"color: #000000;\">on ideaalne lahendus v\u00e4iksemate saunade jaoks. <\/span><\/h6>\n<h6><span style=\"color: #000000;\">T\u00e4nu h\u00e4sti optimeeritud \u00fclesehitusele on kerise ohutuskaugused seintest <\/span><\/h6>\n<h6><span style=\"color: #000000;\">k\u00f5igest 5 cm v\u00e4iksemate mudelite puhul ning 10 cm suuremate mudelite puhul. <\/span><\/h6>\n<h6><span style=\"color: #000000;\">Saadaval on ka veelgi kitsam 3,5 kW v\u00f5imsusega seinale kinnitatav mudel STEEL Mini, <\/span><\/h6>\n<h6><span style=\"color: #000000;\">mis sobib eriti v\u00e4ikestesse leiliruumidesse.<\/span><\/h6>\n<ul>\n<li>\n<h6><span style=\"color: #000000;\">v\u00e4ikesed ohutuskaugused<\/span><\/h6>\n<\/li>\n<li>\n<h6><span style=\"color: #000000;\">\u00f5hutunnel kerise keskel kiirendab k\u00fctmist 25% v\u00f5rra<\/span><\/h6>\n<\/li>\n<li>\n<h6><span style=\"color: #000000;\">suur kivide(3-5cm) mahutavus 150kg (ei kuulu komplekti)<\/span><\/h6>\n<\/li>\n<li>\n<h6><span style=\"color: #000000;\">roostevaba teras<\/span><\/h6>\n<\/li>\n<li>\n<h6><span style=\"color: #000000;\">garantii 5 aastat <\/span><\/h6>\n<\/li>\n<li>\n<h6><span style=\"color: #000000;\">leiliruum 6 &#8211; 10 m\u00b3<\/span><\/h6>\n<\/li>\n<li>\n<h6><span style=\"color: #000000;\">kerise m\u00f5\u00f5t K975xL\/S320\/<\/span><\/h6>\n<\/li>\n<li>\n<h6><span style=\"color: #000000;\">kaitse 10A<\/span><\/h6>\n<\/li>\n<li>\n<h6><span style=\"color: #000000;\">toitepinge, 3-faasiline 230 V 1N<\/span><\/h6>\n<\/li>\n<li>\n<h6><span style=\"color: #000000;\">toitekaabel 5 x 1,5 (N x mm\u00b2)<\/span><\/h6>\n<\/li>\n<\/ul>\n<h6><span style=\"color: #000000;\">Keris vajab lisaks juhtpulti ja kuumakindlat toitekaablit.<\/span><\/h6>\n<h6><span style=\"color: #000000;\">230V 1N \u00fchenduse korral tehakse \u00fchendus analoogselt 3-faasiga. <\/span><\/h6>\n<h6><span style=\"color: #000000;\">K\u00fctteringide jaotamine peab olema tehtud enne kaitsel\u00fclitust.<\/span><\/h6>\n<h6><span style=\"color: #000000;\">OHUTUDKAUGUS vt. kasutusjuhend:<\/span><\/h6>\n<p><a href=\"https:\/\/huum.ee\/wp-content\/uploads\/2021\/06\/STEEL_User_Manual_2021.pdf\">https:\/\/huum.ee\/wp-content\/uploads\/2021\/06\/STEEL_User_Manual_2021.pdf<\/a><\/p>\n","protected":false},"excerpt":{"rendered":"<p>Kompaktne ja erakordselt v\u00e4ikeste ohutuskaugustega elektrikeris STEEL on ideaalne lahendus v\u00e4iksemate saunade jaoks. T\u00e4nu h\u00e4sti optimeeritud \u00fclesehitusele on kerise ohutuskaugused seintest k\u00f5igest 5 cm v\u00e4iksemate mudelite puhul ning 10 cm suuremate mudelite puhul. Saadaval on ka veelgi kitsam 3,5 kW v\u00f5imsusega seinale kinnitatav mudel STEEL Mini, mis sobib eriti v\u00e4ikestesse leiliruumidesse. v\u00e4ikesed ohutuskaugused \u00f5hutunnel kerise [&hellip;]<\/p>\n","protected":false},"featured_media":11450,"comment_status":"open","ping_status":"closed","template":"","meta":{"_acf_changed":false,"_genesis_hide_title":false,"_genesis_hide_breadcrumbs":false,"_genesis_hide_singular_image":false,"_genesis_hide_footer_widgets":false,"_genesis_custom_body_class":"","_genesis_custom_post_class":"","_genesis_layout":""},"product_brand":[],"product_cat":[350],"product_tag":[],"class_list":{"0":"post-11457","1":"product","2":"type-product","3":"status-publish","4":"has-post-thumbnail","6":"product_cat-huum-elektrikerised","7":"entry","8":"override","10":"first","11":"instock","12":"shipping-taxable","13":"purchasable","14":"product-type-simple"},"acf":[],"_links":{"self":[{"href":"https:\/\/koduspa.ee\/en\/wp-json\/wp\/v2\/product\/11457","targetHints":{"allow":["GET"]}}],"collection":[{"href":"https:\/\/koduspa.ee\/en\/wp-json\/wp\/v2\/product"}],"about":[{"href":"https:\/\/koduspa.ee\/en\/wp-json\/wp\/v2\/types\/product"}],"replies":[{"embeddable":true,"href":"https:\/\/koduspa.ee\/en\/wp-json\/wp\/v2\/comments?post=11457"}],"wp:featuredmedia":[{"embeddable":true,"href":"https:\/\/koduspa.ee\/en\/wp-json\/wp\/v2\/media\/11450"}],"wp:attachment":[{"href":"https:\/\/koduspa.ee\/en\/wp-json\/wp\/v2\/media?parent=11457"}],"wp:term":[{"taxonomy":"product_brand","embeddable":true,"href":"https:\/\/koduspa.ee\/en\/wp-json\/wp\/v2\/product_brand?post=11457"},{"taxonomy":"product_cat","embeddable":true,"href":"https:\/\/koduspa.ee\/en\/wp-json\/wp\/v2\/product_cat?post=11457"},{"taxonomy":"product_tag","embeddable":true,"href":"https:\/\/koduspa.ee\/en\/wp-json\/wp\/v2\/product_tag?post=11457"}],"curies":[{"name":"wp","href":"https:\/\/api.w.org\/{rel}","templated":true}]}}