{"id":11449,"date":"2022-06-08T08:07:57","date_gmt":"2022-06-08T08:07:57","guid":{"rendered":"https:\/\/koduspa.ee\/?post_type=product&#038;p=11449"},"modified":"2026-01-14T06:07:48","modified_gmt":"2026-01-14T06:07:48","slug":"elektrikeris-huum-steel-mini-35kw","status":"publish","type":"product","link":"https:\/\/koduspa.ee\/en\/pood\/huum-elektrikerised-en\/elektrikeris-huum-steel-mini-35kw\/","title":{"rendered":"ELEKTRIKERIS HUUM STEEL Mini 3,5kW"},"content":{"rendered":"<h6><span style=\"color: #000000;\">Kompaktne ja erakordselt v\u00e4ikeste ohutuskaugustega<\/span><\/h6>\n<h6><span style=\"color: #000000;\"> elektrikeris STEEL Mini on seinale kinnitatav mudel, <\/span><\/h6>\n<h6><span style=\"color: #000000;\">mis sobib eriti v\u00e4ikestesse leiliruumidesse. <\/span><\/h6>\n<h6><span style=\"color: #000000;\">T\u00e4nu h\u00e4sti optimeeritud \u00fclesehitusele on STEEL Mini<\/span><\/h6>\n<h6><span style=\"color: #000000;\"> ohutuskaugused seintest k\u00f5igest 5 cm. <\/span><\/h6>\n<h6><span style=\"color: #000000;\">STEEL Mini on kitsam versioon STEEL kerisest.<\/span><\/h6>\n<ul>\n<li>\n<h6><span style=\"color: #000000;\">v\u00e4ikesed ohutuskaugused<\/span><\/h6>\n<\/li>\n<li>\n<h6><span style=\"color: #000000;\">\u00f5hutunnel kerise keskel kiirendab k\u00fctmist 25% v\u00f5rra<\/span><\/h6>\n<\/li>\n<li>\n<h6><span style=\"color: #000000;\">suur kivide(3-5cm) mahutavus 60kg (ei kuulu komplekti)<\/span><\/h6>\n<\/li>\n<li>\n<h6><span style=\"color: #000000;\">roostevaba teras<\/span><\/h6>\n<\/li>\n<li>\n<h6><span style=\"color: #000000;\">garantii 5 aastat <\/span><\/h6>\n<\/li>\n<li>\n<h6><span style=\"color: #000000;\">leiliruum 3,5-6 m\u00b3<\/span><\/h6>\n<\/li>\n<li>\n<h6><span style=\"color: #000000;\">kerise m\u00f5\u00f5t K975xL\/S320\/150mm <\/span><\/h6>\n<\/li>\n<li>\n<h6><span style=\"color: #000000;\">kaitse 16A<\/span><\/h6>\n<\/li>\n<li>\n<h6><span style=\"color: #000000;\">toitepinge, 1-faasiline 230 V 1N<\/span><\/h6>\n<\/li>\n<li>\n<h6><span style=\"color: #000000;\">toitekaabel 3 x 2,5 (N x mm\u00b2)<\/span><\/h6>\n<\/li>\n<li class=\"sub-title\">\n<h6><span style=\"color: #000000;\">Keris vajab lisaks juhtpulti ja kuumakindlat toitekaablit.<\/span><\/h6>\n<\/li>\n<\/ul>\n<h6>OHUTUDKAUGUS vt. kasutusjuhend:<\/h6>\n<p><a href=\"https:\/\/huum.ee\/wp-content\/uploads\/2021\/06\/STEEL_User_Manual_2021.pdf\">https:\/\/huum.ee\/wp-content\/uploads\/2021\/06\/STEEL_User_Manual_2021.pdf<\/a><\/p>\n","protected":false},"excerpt":{"rendered":"<p>Kompaktne ja erakordselt v\u00e4ikeste ohutuskaugustega elektrikeris STEEL Mini on seinale kinnitatav mudel, mis sobib eriti v\u00e4ikestesse leiliruumidesse. T\u00e4nu h\u00e4sti optimeeritud \u00fclesehitusele on STEEL Mini ohutuskaugused seintest k\u00f5igest 5 cm. STEEL Mini on kitsam versioon STEEL kerisest. v\u00e4ikesed ohutuskaugused \u00f5hutunnel kerise keskel kiirendab k\u00fctmist 25% v\u00f5rra suur kivide(3-5cm) mahutavus 60kg (ei kuulu komplekti) roostevaba teras garantii [&hellip;]<\/p>\n","protected":false},"featured_media":11450,"comment_status":"open","ping_status":"closed","template":"","meta":{"_acf_changed":false,"_genesis_hide_title":false,"_genesis_hide_breadcrumbs":false,"_genesis_hide_singular_image":false,"_genesis_hide_footer_widgets":false,"_genesis_custom_body_class":"","_genesis_custom_post_class":"","_genesis_layout":""},"product_brand":[],"product_cat":[350],"product_tag":[],"class_list":{"0":"post-11449","1":"product","2":"type-product","3":"status-publish","4":"has-post-thumbnail","6":"product_cat-huum-elektrikerised","7":"entry","8":"override","10":"first","11":"instock","12":"shipping-taxable","13":"purchasable","14":"product-type-simple"},"acf":[],"_links":{"self":[{"href":"https:\/\/koduspa.ee\/en\/wp-json\/wp\/v2\/product\/11449","targetHints":{"allow":["GET"]}}],"collection":[{"href":"https:\/\/koduspa.ee\/en\/wp-json\/wp\/v2\/product"}],"about":[{"href":"https:\/\/koduspa.ee\/en\/wp-json\/wp\/v2\/types\/product"}],"replies":[{"embeddable":true,"href":"https:\/\/koduspa.ee\/en\/wp-json\/wp\/v2\/comments?post=11449"}],"wp:featuredmedia":[{"embeddable":true,"href":"https:\/\/koduspa.ee\/en\/wp-json\/wp\/v2\/media\/11450"}],"wp:attachment":[{"href":"https:\/\/koduspa.ee\/en\/wp-json\/wp\/v2\/media?parent=11449"}],"wp:term":[{"taxonomy":"product_brand","embeddable":true,"href":"https:\/\/koduspa.ee\/en\/wp-json\/wp\/v2\/product_brand?post=11449"},{"taxonomy":"product_cat","embeddable":true,"href":"https:\/\/koduspa.ee\/en\/wp-json\/wp\/v2\/product_cat?post=11449"},{"taxonomy":"product_tag","embeddable":true,"href":"https:\/\/koduspa.ee\/en\/wp-json\/wp\/v2\/product_tag?post=11449"}],"curies":[{"name":"wp","href":"https:\/\/api.w.org\/{rel}","templated":true}]}}