{"id":11425,"date":"2022-06-08T07:33:32","date_gmt":"2022-06-08T07:33:32","guid":{"rendered":"https:\/\/koduspa.ee\/?post_type=product&#038;p=11425"},"modified":"2025-01-16T07:55:50","modified_gmt":"2025-01-16T07:55:50","slug":"kaitsepiire-huum-cliff-kerisele","status":"publish","type":"product","link":"https:\/\/koduspa.ee\/en\/pood\/huum-elektrikerise-lisatarvikud\/kaitsepiire-huum-cliff-kerisele\/","title":{"rendered":"KAITSEPIIRE HUUM CLIFF KERISELE"},"content":{"rendered":"<h6><span style=\"color: #000000;\">Kaitsepiire CLIFF keristele aitab hoiduda <\/span><\/h6>\n<h6><span style=\"color: #000000;\">kogemata kuuma kerise vastu puutumast. <\/span><\/h6>\n<h6><span style=\"color: #000000;\">Kaitsepiire on hea viis muuta saunas k\u00e4ik veelgi ohutumaks ning<\/span><\/h6>\n<h6><span style=\"color: #000000;\"> samas lisab see ka kerisele stiili.<\/span><\/h6>\n<h6><span style=\"color: #000000;\">Kaitsepiire on valmistatud heledast puidust ja <\/span><\/h6>\n<h6><span style=\"color: #000000;\">sobib j\u00e4rgmistele CLIFF keristele:<\/span><\/h6>\n<h6><span style=\"color: #000000;\">HUUM CLIFF 6kW<\/span><br \/>\n<span style=\"color: #000000;\">HUUM CLIFF 9kW<\/span><br \/>\n<span style=\"color: #000000;\">HUUM CLIFF 11kW<\/span><\/h6>\n<h6><span style=\"color: #000000;\">M\u00f5\u00f5t: 545 x 545 mm.<\/span><\/h6>\n<p><a href=\"https:\/\/huum.ee\/wp-content\/uploads\/2021\/05\/CLIFF_kaitsepiire_juhend.pdf\">https:\/\/huum.ee\/wp-content\/uploads\/2021\/05\/CLIFF_kaitsepiire_juhend.pdf<\/a><\/p>\n<p>&nbsp;<\/p>\n","protected":false},"excerpt":{"rendered":"<p>Kaitsepiire CLIFF keristele aitab hoiduda kogemata kuuma kerise vastu puutumast. Kaitsepiire on hea viis muuta saunas k\u00e4ik veelgi ohutumaks ning samas lisab see ka kerisele stiili. Kaitsepiire on valmistatud heledast puidust ja sobib j\u00e4rgmistele CLIFF keristele: HUUM CLIFF 6kW HUUM CLIFF 9kW HUUM CLIFF 11kW M\u00f5\u00f5t: 545 x 545 mm. https:\/\/huum.ee\/wp-content\/uploads\/2021\/05\/CLIFF_kaitsepiire_juhend.pdf &nbsp;<\/p>\n","protected":false},"featured_media":11426,"comment_status":"open","ping_status":"closed","template":"","meta":{"_acf_changed":false,"_genesis_hide_title":false,"_genesis_hide_breadcrumbs":false,"_genesis_hide_singular_image":false,"_genesis_hide_footer_widgets":false,"_genesis_custom_body_class":"","_genesis_custom_post_class":"","_genesis_layout":""},"product_brand":[],"product_cat":[351],"product_tag":[],"class_list":{"0":"post-11425","1":"product","2":"type-product","3":"status-publish","4":"has-post-thumbnail","6":"product_cat-huum-elektrikerise-lisatarvikud","7":"entry","8":"override","10":"first","11":"instock","12":"shipping-taxable","13":"purchasable","14":"product-type-simple"},"acf":[],"_links":{"self":[{"href":"https:\/\/koduspa.ee\/en\/wp-json\/wp\/v2\/product\/11425","targetHints":{"allow":["GET"]}}],"collection":[{"href":"https:\/\/koduspa.ee\/en\/wp-json\/wp\/v2\/product"}],"about":[{"href":"https:\/\/koduspa.ee\/en\/wp-json\/wp\/v2\/types\/product"}],"replies":[{"embeddable":true,"href":"https:\/\/koduspa.ee\/en\/wp-json\/wp\/v2\/comments?post=11425"}],"wp:featuredmedia":[{"embeddable":true,"href":"https:\/\/koduspa.ee\/en\/wp-json\/wp\/v2\/media\/11426"}],"wp:attachment":[{"href":"https:\/\/koduspa.ee\/en\/wp-json\/wp\/v2\/media?parent=11425"}],"wp:term":[{"taxonomy":"product_brand","embeddable":true,"href":"https:\/\/koduspa.ee\/en\/wp-json\/wp\/v2\/product_brand?post=11425"},{"taxonomy":"product_cat","embeddable":true,"href":"https:\/\/koduspa.ee\/en\/wp-json\/wp\/v2\/product_cat?post=11425"},{"taxonomy":"product_tag","embeddable":true,"href":"https:\/\/koduspa.ee\/en\/wp-json\/wp\/v2\/product_tag?post=11425"}],"curies":[{"name":"wp","href":"https:\/\/api.w.org\/{rel}","templated":true}]}}