{"id":11408,"date":"2022-06-08T06:57:49","date_gmt":"2022-06-08T06:57:49","guid":{"rendered":"https:\/\/koduspa.ee\/?post_type=product&#038;p=11408"},"modified":"2026-01-13T09:32:20","modified_gmt":"2026-01-13T09:32:20","slug":"elektrikeris-huum-cliff-mini-35kw","status":"publish","type":"product","link":"https:\/\/koduspa.ee\/en\/pood\/huum-elektrikerised-en\/elektrikeris-huum-cliff-mini-35kw\/","title":{"rendered":"ELEKTRIKERIS HUUM CLIFF Mini 3,5kW"},"content":{"rendered":"<h6><span style=\"color: #000000;\">Kompaktne ja erakordselt v\u00e4ikeste ohutuskaugustega <\/span><\/h6>\n<h6><span style=\"color: #000000;\">elektrikeris CLIFF Mini on seinale kinnitatav mudel, <\/span><\/h6>\n<h6><span style=\"color: #000000;\">mis sobib eriti v\u00e4ikestesse leiliruumidesse.\u00a0<\/span><\/h6>\n<h6><span style=\"color: #000000;\">T\u00e4nu h\u00e4sti optimeeritud \u00fclesehitusele on <\/span><\/h6>\n<h6><span style=\"color: #000000;\">CLIFF Mini ohutuskaugused seintest k\u00f5igest 6 cm. <\/span><\/h6>\n<h6><span style=\"color: #000000;\">CLIFF Mini on kitsam versioon CLIFF kerisest.<\/span><\/h6>\n<ul>\n<li>\n<h6><span style=\"color: #000000;\">v\u00e4ikesed ohutuskaugused<\/span><\/h6>\n<\/li>\n<li>\n<h6><span style=\"color: #000000;\">\u00f5hutunnel kerise keskel kiirendab k\u00fctmist 25% v\u00f5rra<\/span><\/h6>\n<\/li>\n<li>\n<h6><span style=\"color: #000000;\">suur kivide (3-5cm) mahutavus 60kg (ei kuulu komplekti)<\/span><\/h6>\n<\/li>\n<li>\n<h6><span style=\"color: #000000;\">roostevaba teras<\/span><\/h6>\n<\/li>\n<li>\n<h6><span style=\"color: #000000;\">garantii 5 aastat<\/span><\/h6>\n<\/li>\n<li>\n<h6><span style=\"color: #000000;\">leiliruumile 3,5 &#8211; 6m3<\/span><\/h6>\n<\/li>\n<li>\n<h6><span style=\"color: #000000;\">kerise m\u00f5\u00f5t K975xL\/S270\/160mm<\/span><\/h6>\n<\/li>\n<li>\n<h6><span style=\"color: #000000;\">kaitse 16A<\/span><\/h6>\n<\/li>\n<li>\n<h6><span style=\"color: #000000;\">toitepinge 1 faasiline 230 V 1N<\/span><\/h6>\n<\/li>\n<li>\n<h6><span style=\"color: #000000;\">toitekaabel 3 x 2,5 (N x mm\u00b2)<\/span><\/h6>\n<h6 class=\"sub-title\"><span style=\"color: #000000;\">Keris vajab lisaks juhtpulti ja kuumakindlat toitekaablit (ei kuulu komplekti).<\/span><\/h6>\n<h6 class=\"sub-title\"><span style=\"color: #000000;\">OHUTUSKAUGUSED vt. kasutusjuhend:<\/span><\/h6>\n<p><a href=\"https:\/\/huum.ee\/wp-content\/uploads\/2021\/06\/CLIFF_User_Manual_2021.pdf\">https:\/\/huum.ee\/wp-content\/uploads\/2021\/06\/CLIFF_User_Manual_2021.pdf<\/a><\/li>\n<\/ul>\n","protected":false},"excerpt":{"rendered":"<p>Kompaktne ja erakordselt v\u00e4ikeste ohutuskaugustega elektrikeris CLIFF Mini on seinale kinnitatav mudel, mis sobib eriti v\u00e4ikestesse leiliruumidesse.\u00a0 T\u00e4nu h\u00e4sti optimeeritud \u00fclesehitusele on CLIFF Mini ohutuskaugused seintest k\u00f5igest 6 cm. CLIFF Mini on kitsam versioon CLIFF kerisest. v\u00e4ikesed ohutuskaugused \u00f5hutunnel kerise keskel kiirendab k\u00fctmist 25% v\u00f5rra suur kivide (3-5cm) mahutavus 60kg (ei kuulu komplekti) roostevaba teras [&hellip;]<\/p>\n","protected":false},"featured_media":11409,"comment_status":"open","ping_status":"closed","template":"","meta":{"_acf_changed":false,"_genesis_hide_title":false,"_genesis_hide_breadcrumbs":false,"_genesis_hide_singular_image":false,"_genesis_hide_footer_widgets":false,"_genesis_custom_body_class":"","_genesis_custom_post_class":"","_genesis_layout":""},"product_brand":[],"product_cat":[350],"product_tag":[],"class_list":{"0":"post-11408","1":"product","2":"type-product","3":"status-publish","4":"has-post-thumbnail","6":"product_cat-huum-elektrikerised","7":"entry","8":"override","10":"first","11":"instock","12":"shipping-taxable","13":"purchasable","14":"product-type-simple"},"acf":[],"_links":{"self":[{"href":"https:\/\/koduspa.ee\/en\/wp-json\/wp\/v2\/product\/11408","targetHints":{"allow":["GET"]}}],"collection":[{"href":"https:\/\/koduspa.ee\/en\/wp-json\/wp\/v2\/product"}],"about":[{"href":"https:\/\/koduspa.ee\/en\/wp-json\/wp\/v2\/types\/product"}],"replies":[{"embeddable":true,"href":"https:\/\/koduspa.ee\/en\/wp-json\/wp\/v2\/comments?post=11408"}],"wp:featuredmedia":[{"embeddable":true,"href":"https:\/\/koduspa.ee\/en\/wp-json\/wp\/v2\/media\/11409"}],"wp:attachment":[{"href":"https:\/\/koduspa.ee\/en\/wp-json\/wp\/v2\/media?parent=11408"}],"wp:term":[{"taxonomy":"product_brand","embeddable":true,"href":"https:\/\/koduspa.ee\/en\/wp-json\/wp\/v2\/product_brand?post=11408"},{"taxonomy":"product_cat","embeddable":true,"href":"https:\/\/koduspa.ee\/en\/wp-json\/wp\/v2\/product_cat?post=11408"},{"taxonomy":"product_tag","embeddable":true,"href":"https:\/\/koduspa.ee\/en\/wp-json\/wp\/v2\/product_tag?post=11408"}],"curies":[{"name":"wp","href":"https:\/\/api.w.org\/{rel}","templated":true}]}}