{"id":11394,"date":"2022-06-07T12:51:37","date_gmt":"2022-06-07T12:51:37","guid":{"rendered":"https:\/\/koduspa.ee\/?post_type=product&#038;p=11394"},"modified":"2026-01-14T07:13:57","modified_gmt":"2026-01-14T07:13:57","slug":"kuumaalus-huum-hive-wood-kerisele-s","status":"publish","type":"product","link":"https:\/\/koduspa.ee\/en\/pood\/huum-puukerise-lisatarvikud-en\/kuumaalus-huum-hive-wood-kerisele-s\/","title":{"rendered":"KUUMAALUS HIVE WOOD 17 PUUKERISELE"},"content":{"rendered":"<h6><span style=\"color: #000000;\">Kuumaalus L on m\u00f5eldud kasutamiseks leiliruumides, <\/span><\/h6>\n<h6><span style=\"color: #000000;\">kus\u00a0 puukeris paigaldatakse puitp\u00f5randale<\/span><\/h6>\n<h6><span style=\"color: #000000;\"> v\u00f5i m\u00f5nele muule p\u00f5levast materjalist p\u00f5randale. <\/span><\/h6>\n<h6><span style=\"color: #000000;\">Lisaks soovitame seda kasutada ka siis, <\/span><\/h6>\n<h6><span style=\"color: #000000;\">kui p\u00f5randas (kerise all) on vesip\u00f5randak\u00fctte torustik. <\/span><\/h6>\n<h6><span style=\"color: #000000;\">Kuumaalus kaitseb nii p\u00f5levast materjalist p\u00f5randat kui torustikku.<\/span><\/h6>\n<h6><span style=\"color: #000000;\">Kuumaalusel on reguleeritavad jalad ja <\/span><\/h6>\n<h6><span style=\"color: #000000;\">selle maksimaalne kandev\u00f5ime on 300 kilogrammi.<\/span><\/h6>\n<h6><span style=\"color: #000000;\">NB! Kuumaalus L ei sobi pikendatud koldega\u00a0 LS puukerisele!<\/span><\/h6>\n<p>&nbsp;<\/p>\n","protected":false},"excerpt":{"rendered":"<p>Kuumaalus L on m\u00f5eldud kasutamiseks leiliruumides, kus\u00a0 puukeris paigaldatakse puitp\u00f5randale v\u00f5i m\u00f5nele muule p\u00f5levast materjalist p\u00f5randale. Lisaks soovitame seda kasutada ka siis, kui p\u00f5randas (kerise all) on vesip\u00f5randak\u00fctte torustik. Kuumaalus kaitseb nii p\u00f5levast materjalist p\u00f5randat kui torustikku. Kuumaalusel on reguleeritavad jalad ja selle maksimaalne kandev\u00f5ime on 300 kilogrammi. NB! Kuumaalus L ei sobi pikendatud koldega\u00a0 [&hellip;]<\/p>\n","protected":false},"featured_media":11395,"comment_status":"open","ping_status":"closed","template":"","meta":{"_acf_changed":false,"_genesis_hide_title":false,"_genesis_hide_breadcrumbs":false,"_genesis_hide_singular_image":false,"_genesis_hide_footer_widgets":false,"_genesis_custom_body_class":"","_genesis_custom_post_class":"","_genesis_layout":""},"product_brand":[],"product_cat":[359],"product_tag":[],"class_list":{"0":"post-11394","1":"product","2":"type-product","3":"status-publish","4":"has-post-thumbnail","6":"product_cat-huum-puukerise-lisatarvikud","7":"entry","8":"override","10":"first","11":"instock","12":"shipping-taxable","13":"purchasable","14":"product-type-simple"},"acf":[],"_links":{"self":[{"href":"https:\/\/koduspa.ee\/en\/wp-json\/wp\/v2\/product\/11394","targetHints":{"allow":["GET"]}}],"collection":[{"href":"https:\/\/koduspa.ee\/en\/wp-json\/wp\/v2\/product"}],"about":[{"href":"https:\/\/koduspa.ee\/en\/wp-json\/wp\/v2\/types\/product"}],"replies":[{"embeddable":true,"href":"https:\/\/koduspa.ee\/en\/wp-json\/wp\/v2\/comments?post=11394"}],"wp:featuredmedia":[{"embeddable":true,"href":"https:\/\/koduspa.ee\/en\/wp-json\/wp\/v2\/media\/11395"}],"wp:attachment":[{"href":"https:\/\/koduspa.ee\/en\/wp-json\/wp\/v2\/media?parent=11394"}],"wp:term":[{"taxonomy":"product_brand","embeddable":true,"href":"https:\/\/koduspa.ee\/en\/wp-json\/wp\/v2\/product_brand?post=11394"},{"taxonomy":"product_cat","embeddable":true,"href":"https:\/\/koduspa.ee\/en\/wp-json\/wp\/v2\/product_cat?post=11394"},{"taxonomy":"product_tag","embeddable":true,"href":"https:\/\/koduspa.ee\/en\/wp-json\/wp\/v2\/product_tag?post=11394"}],"curies":[{"name":"wp","href":"https:\/\/api.w.org\/{rel}","templated":true}]}}