{"id":11343,"date":"2022-06-07T11:34:35","date_gmt":"2022-06-07T11:34:35","guid":{"rendered":"https:\/\/koduspa.ee\/?post_type=product&#038;p=11343"},"modified":"2026-01-14T06:35:14","modified_gmt":"2026-01-14T06:35:14","slug":"puukuttega-keris-huum-hive-wood-13","status":"publish","type":"product","link":"https:\/\/koduspa.ee\/en\/pood\/huum-puukerised-en\/puukuttega-keris-huum-hive-wood-13\/","title":{"rendered":"PUUK\u00dcTTEGA KERIS HUUM HIVE Wood 13"},"content":{"rendered":"<h6><span style=\"color: #000000;\">HIVE Wood 13 kW on viinud iidsed saunaehitamise tarkused uuele tasemele. <\/span><\/h6>\n<h6><span style=\"color: #000000;\">Puuk\u00fcttekerise k\u00f5ige tundlikum osa, leegil\u00f5ikaja,<\/span><\/h6>\n<h6><span style=\"color: #000000;\"> on valmistatud 5 mm paksusest roostevabast terasest ja<\/span><\/h6>\n<h6><span style=\"color: #000000;\"> on seet\u00f5ttu erakordselt vastupidav. <\/span><\/h6>\n<h6><span style=\"color: #000000;\">HIVE Wood on saadaval ka koldepikendusega (LS), <\/span><\/h6>\n<h6><span style=\"color: #000000;\">mis v\u00f5imaldab kerist k\u00fctta k\u00f5rvalasuvast ruumist.<\/span><\/h6>\n<h6><span style=\"color: #000000;\">Suur kivide mahutavus, t\u00f6\u00f6deldud ainult looduslike \u00f5lidega.<\/span><\/h6>\n<h6><span style=\"color: #000000;\">Garantii 5 aastat<\/span><\/h6>\n<h6><span style=\"color: #000000;\">Sobib saunaruumile 6 &#8211; 13m3\u00a0<\/span><\/h6>\n<h6><span style=\"color: #000000;\">Kerisekivi mahutavus 90kg <\/span><span style=\"color: #000000;\">(ei kuulu komplekti)<\/span><\/h6>\n<h6><span style=\"color: #000000;\">Kerise m\u00f5\u00f5t K750xL450xS460mm<\/span><\/h6>\n<h6><span style=\"color: #000000;\">K\u00fcttepuude pikkus max 30cm<\/span><\/h6>\n<h6><span style=\"color: #000000;\">Suitsul\u00f5\u00f5r (\u2300) 115mm<\/span><\/h6>\n<h6 class=\"sub-title\"><span style=\"color: #000000;\">OHUTUSKAUGUSED vt. kasutusjuhend.<\/span><\/h6>\n<p><a href=\"https:\/\/huum.ee\/wp-content\/uploads\/2019\/03\/HIVE_Wood_User_Manual_2022.pdf\">https:\/\/huum.ee\/wp-content\/uploads\/2019\/03\/HIVE_Wood_User_Manual_2022.pdf<\/a><\/p>\n","protected":false},"excerpt":{"rendered":"<p>HIVE Wood 13 kW on viinud iidsed saunaehitamise tarkused uuele tasemele. Puuk\u00fcttekerise k\u00f5ige tundlikum osa, leegil\u00f5ikaja, on valmistatud 5 mm paksusest roostevabast terasest ja on seet\u00f5ttu erakordselt vastupidav. HIVE Wood on saadaval ka koldepikendusega (LS), mis v\u00f5imaldab kerist k\u00fctta k\u00f5rvalasuvast ruumist. Suur kivide mahutavus, t\u00f6\u00f6deldud ainult looduslike \u00f5lidega. Garantii 5 aastat Sobib saunaruumile 6 &#8211; [&hellip;]<\/p>\n","protected":false},"featured_media":11344,"comment_status":"open","ping_status":"closed","template":"","meta":{"_acf_changed":false,"_genesis_hide_title":false,"_genesis_hide_breadcrumbs":false,"_genesis_hide_singular_image":false,"_genesis_hide_footer_widgets":false,"_genesis_custom_body_class":"","_genesis_custom_post_class":"","_genesis_layout":""},"product_brand":[],"product_cat":[356],"product_tag":[],"class_list":{"0":"post-11343","1":"product","2":"type-product","3":"status-publish","4":"has-post-thumbnail","6":"product_cat-huum-puukerised","7":"entry","8":"override","10":"first","11":"instock","12":"shipping-taxable","13":"purchasable","14":"product-type-simple"},"acf":[],"_links":{"self":[{"href":"https:\/\/koduspa.ee\/en\/wp-json\/wp\/v2\/product\/11343","targetHints":{"allow":["GET"]}}],"collection":[{"href":"https:\/\/koduspa.ee\/en\/wp-json\/wp\/v2\/product"}],"about":[{"href":"https:\/\/koduspa.ee\/en\/wp-json\/wp\/v2\/types\/product"}],"replies":[{"embeddable":true,"href":"https:\/\/koduspa.ee\/en\/wp-json\/wp\/v2\/comments?post=11343"}],"wp:featuredmedia":[{"embeddable":true,"href":"https:\/\/koduspa.ee\/en\/wp-json\/wp\/v2\/media\/11344"}],"wp:attachment":[{"href":"https:\/\/koduspa.ee\/en\/wp-json\/wp\/v2\/media?parent=11343"}],"wp:term":[{"taxonomy":"product_brand","embeddable":true,"href":"https:\/\/koduspa.ee\/en\/wp-json\/wp\/v2\/product_brand?post=11343"},{"taxonomy":"product_cat","embeddable":true,"href":"https:\/\/koduspa.ee\/en\/wp-json\/wp\/v2\/product_cat?post=11343"},{"taxonomy":"product_tag","embeddable":true,"href":"https:\/\/koduspa.ee\/en\/wp-json\/wp\/v2\/product_tag?post=11343"}],"curies":[{"name":"wp","href":"https:\/\/api.w.org\/{rel}","templated":true}]}}