{"id":11248,"date":"2022-06-07T08:04:55","date_gmt":"2022-06-07T08:04:55","guid":{"rendered":"https:\/\/koduspa.ee\/?post_type=product&#038;p=11248"},"modified":"2026-01-13T09:30:37","modified_gmt":"2026-01-13T09:30:37","slug":"elektrikeris-huum-hive-15kw","status":"publish","type":"product","link":"https:\/\/koduspa.ee\/en\/pood\/huum-elektrikerised-en\/elektrikeris-huum-hive-15kw\/","title":{"rendered":"ELEKTRIKERIS HUUM HIVE 15kW"},"content":{"rendered":"<h6><span style=\"color: #000000;\">HIVE elektrikeris on elegantne lahendus suuremate saunade jaoks, <\/span><\/h6>\n<h6><span style=\"color: #000000;\">n\u00e4iteks spaades ja spordiklubides. <\/span><\/h6>\n<h6><span style=\"color: #000000;\">HIVE mahutab kuni 270 kg kive, mis tagavad <\/span><\/h6>\n<h6><span style=\"color: #000000;\">kauakestva kuuma leili ka suuremale seltskonnale, <\/span><\/h6>\n<h6><span style=\"color: #000000;\">tegemata seejuures j\u00e4releandmisi disainis.<\/span><\/h6>\n<h6><span style=\"color: #000000;\">Sobib saunaruumile 15 &#8211; 30m<strong>\u00b3\u00a0<\/strong><\/span><\/h6>\n<h6><span style=\"color: #000000;\">Kerise kivikaal 270kg (ei kuulu komplekti)<\/span><\/h6>\n<h6><span style=\"color: #000000;\">Kerise m\u00f5\u00f5t K750 x L560mm<\/span><\/h6>\n<h6><span style=\"color: #000000;\">V\u00f5imsus 25A<\/span><\/h6>\n<h6><span style=\"color: #000000;\">Toitepinge, 3-faasiline 400 V 3N<\/span><\/h6>\n<h6><span style=\"color: #000000;\">Toitekaabel 5 x 4 (N x mm\u00b2)<\/span><\/h6>\n<div class=\"text\">\n<h6><span style=\"color: #000000;\">230V 1N \u00fchenduse korral tehakse \u00fchendus analoogselt 3-faasiga.<\/span><\/h6>\n<h6><span style=\"color: #000000;\">K\u00fctteringide jaotamine peab olema tehtud enne kaitsel\u00fclitust.<\/span><\/h6>\n<h6><span style=\"color: #000000;\">Reguleeritavad kerisejalad kaasas.<\/span><\/h6>\n<h6 class=\"sub-title\"><span style=\"color: #000000;\">Keris vajab lisaks juhtpulti ja\u00a0kuumakindlat toitekaablit.<\/span><\/h6>\n<h6><span style=\"color: #000000;\">Ohutuskaugus vt. kasutusjuhendist.<\/span><\/h6>\n<h6><a href=\"https:\/\/huum.ee\/wp-content\/uploads\/2019\/04\/HIVE_User_Manual_2022.pdf\"><span style=\"color: #000000;\">https:\/\/huum.ee\/wp-content\/uploads\/2019\/04\/HIVE_User_Manual_2022.pdf<\/span><\/a><\/h6>\n<\/div>\n","protected":false},"excerpt":{"rendered":"<p>HIVE elektrikeris on elegantne lahendus suuremate saunade jaoks, n\u00e4iteks spaades ja spordiklubides. HIVE mahutab kuni 270 kg kive, mis tagavad kauakestva kuuma leili ka suuremale seltskonnale, tegemata seejuures j\u00e4releandmisi disainis. Sobib saunaruumile 15 &#8211; 30m\u00b3\u00a0 Kerise kivikaal 270kg (ei kuulu komplekti) Kerise m\u00f5\u00f5t K750 x L560mm V\u00f5imsus 25A Toitepinge, 3-faasiline 400 V 3N Toitekaabel 5 [&hellip;]<\/p>\n","protected":false},"featured_media":11238,"comment_status":"open","ping_status":"closed","template":"","meta":{"_acf_changed":false,"_genesis_hide_title":false,"_genesis_hide_breadcrumbs":false,"_genesis_hide_singular_image":false,"_genesis_hide_footer_widgets":false,"_genesis_custom_body_class":"","_genesis_custom_post_class":"","_genesis_layout":""},"product_brand":[],"product_cat":[350],"product_tag":[],"class_list":{"0":"post-11248","1":"product","2":"type-product","3":"status-publish","4":"has-post-thumbnail","6":"product_cat-huum-elektrikerised","7":"entry","8":"override","10":"first","11":"instock","12":"shipping-taxable","13":"purchasable","14":"product-type-simple"},"acf":[],"_links":{"self":[{"href":"https:\/\/koduspa.ee\/en\/wp-json\/wp\/v2\/product\/11248","targetHints":{"allow":["GET"]}}],"collection":[{"href":"https:\/\/koduspa.ee\/en\/wp-json\/wp\/v2\/product"}],"about":[{"href":"https:\/\/koduspa.ee\/en\/wp-json\/wp\/v2\/types\/product"}],"replies":[{"embeddable":true,"href":"https:\/\/koduspa.ee\/en\/wp-json\/wp\/v2\/comments?post=11248"}],"wp:featuredmedia":[{"embeddable":true,"href":"https:\/\/koduspa.ee\/en\/wp-json\/wp\/v2\/media\/11238"}],"wp:attachment":[{"href":"https:\/\/koduspa.ee\/en\/wp-json\/wp\/v2\/media?parent=11248"}],"wp:term":[{"taxonomy":"product_brand","embeddable":true,"href":"https:\/\/koduspa.ee\/en\/wp-json\/wp\/v2\/product_brand?post=11248"},{"taxonomy":"product_cat","embeddable":true,"href":"https:\/\/koduspa.ee\/en\/wp-json\/wp\/v2\/product_cat?post=11248"},{"taxonomy":"product_tag","embeddable":true,"href":"https:\/\/koduspa.ee\/en\/wp-json\/wp\/v2\/product_tag?post=11248"}],"curies":[{"name":"wp","href":"https:\/\/api.w.org\/{rel}","templated":true}]}}