{"id":10948,"date":"2022-05-09T10:15:16","date_gmt":"2022-05-09T10:15:16","guid":{"rendered":"https:\/\/koduspa.ee\/?post_type=product&#038;p=10948"},"modified":"2024-04-08T09:00:58","modified_gmt":"2024-04-08T09:00:58","slug":"vihmaduss-ring","status":"publish","type":"product","link":"https:\/\/koduspa.ee\/en\/pood\/saunaruumid-en\/vihmaduss-ring\/","title":{"rendered":"TYL\u00d6 VIHMADU\u0160\u0160 RING"},"content":{"rendered":"<h6><span style=\"color: #000000;\">Vihmadu\u0161\u0161 Stellale kroomitud, \u00fcmmargune. <\/span><\/h6>\n<h6><span style=\"color: #000000;\">Lisa 96076085, seina k\u00fc\u00fcnarnukk.<\/span><\/h6>\n","protected":false},"excerpt":{"rendered":"<p>Vihmadu\u0161\u0161 Stellale kroomitud, \u00fcmmargune. Lisa 96076085, seina k\u00fc\u00fcnarnukk.<\/p>\n","protected":false},"featured_media":10949,"comment_status":"open","ping_status":"closed","template":"","meta":{"_acf_changed":false,"_genesis_hide_title":false,"_genesis_hide_breadcrumbs":false,"_genesis_hide_singular_image":false,"_genesis_hide_footer_widgets":false,"_genesis_custom_body_class":"","_genesis_custom_post_class":"","_genesis_layout":""},"product_brand":[],"product_cat":[174],"product_tag":[],"class_list":{"0":"post-10948","1":"product","2":"type-product","3":"status-publish","4":"has-post-thumbnail","6":"product_cat-saunaruumid","7":"entry","8":"override","10":"first","11":"instock","12":"shipping-taxable","13":"purchasable","14":"product-type-simple"},"acf":[],"_links":{"self":[{"href":"https:\/\/koduspa.ee\/en\/wp-json\/wp\/v2\/product\/10948","targetHints":{"allow":["GET"]}}],"collection":[{"href":"https:\/\/koduspa.ee\/en\/wp-json\/wp\/v2\/product"}],"about":[{"href":"https:\/\/koduspa.ee\/en\/wp-json\/wp\/v2\/types\/product"}],"replies":[{"embeddable":true,"href":"https:\/\/koduspa.ee\/en\/wp-json\/wp\/v2\/comments?post=10948"}],"wp:featuredmedia":[{"embeddable":true,"href":"https:\/\/koduspa.ee\/en\/wp-json\/wp\/v2\/media\/10949"}],"wp:attachment":[{"href":"https:\/\/koduspa.ee\/en\/wp-json\/wp\/v2\/media?parent=10948"}],"wp:term":[{"taxonomy":"product_brand","embeddable":true,"href":"https:\/\/koduspa.ee\/en\/wp-json\/wp\/v2\/product_brand?post=10948"},{"taxonomy":"product_cat","embeddable":true,"href":"https:\/\/koduspa.ee\/en\/wp-json\/wp\/v2\/product_cat?post=10948"},{"taxonomy":"product_tag","embeddable":true,"href":"https:\/\/koduspa.ee\/en\/wp-json\/wp\/v2\/product_tag?post=10948"}],"curies":[{"name":"wp","href":"https:\/\/api.w.org\/{rel}","templated":true}]}}