{"id":10935,"date":"2022-05-09T10:03:55","date_gmt":"2022-05-09T10:03:55","guid":{"rendered":"https:\/\/koduspa.ee\/?post_type=product&#038;p=10935"},"modified":"2024-04-08T08:38:47","modified_gmt":"2024-04-08T08:38:47","slug":"alarm-ukse-kontakt-vista","status":"publish","type":"product","link":"https:\/\/koduspa.ee\/en\/pood\/saunaruumid-en\/alarm-ukse-kontakt-vista\/","title":{"rendered":"TYL\u00d6 VISTA UKSE KONTAKT"},"content":{"rendered":"<h6><span style=\"color: #000000;\">Must Tyl\u00f6 logoga alarm\/uksekontakt.\u00a0<\/span><\/h6>\n<h6><span style=\"color: #000000;\">L\u00fclitab aurugeneraatori v\u00e4lja, <\/span><\/h6>\n<h6><span style=\"color: #000000;\">kui uks j\u00e4\u00e4b lahti kauemaks kui viieks minutiks.<\/span><\/h6>\n","protected":false},"excerpt":{"rendered":"<p>Must Tyl\u00f6 logoga alarm\/uksekontakt.\u00a0 L\u00fclitab aurugeneraatori v\u00e4lja, kui uks j\u00e4\u00e4b lahti kauemaks kui viieks minutiks.<\/p>\n","protected":false},"featured_media":10936,"comment_status":"open","ping_status":"closed","template":"","meta":{"_acf_changed":false,"_genesis_hide_title":false,"_genesis_hide_breadcrumbs":false,"_genesis_hide_singular_image":false,"_genesis_hide_footer_widgets":false,"_genesis_custom_body_class":"","_genesis_custom_post_class":"","_genesis_layout":""},"product_brand":[],"product_cat":[174],"product_tag":[],"class_list":{"0":"post-10935","1":"product","2":"type-product","3":"status-publish","4":"has-post-thumbnail","6":"product_cat-saunaruumid","7":"entry","8":"override","10":"first","11":"instock","12":"shipping-taxable","13":"purchasable","14":"product-type-simple"},"acf":[],"_links":{"self":[{"href":"https:\/\/koduspa.ee\/en\/wp-json\/wp\/v2\/product\/10935","targetHints":{"allow":["GET"]}}],"collection":[{"href":"https:\/\/koduspa.ee\/en\/wp-json\/wp\/v2\/product"}],"about":[{"href":"https:\/\/koduspa.ee\/en\/wp-json\/wp\/v2\/types\/product"}],"replies":[{"embeddable":true,"href":"https:\/\/koduspa.ee\/en\/wp-json\/wp\/v2\/comments?post=10935"}],"wp:featuredmedia":[{"embeddable":true,"href":"https:\/\/koduspa.ee\/en\/wp-json\/wp\/v2\/media\/10936"}],"wp:attachment":[{"href":"https:\/\/koduspa.ee\/en\/wp-json\/wp\/v2\/media?parent=10935"}],"wp:term":[{"taxonomy":"product_brand","embeddable":true,"href":"https:\/\/koduspa.ee\/en\/wp-json\/wp\/v2\/product_brand?post=10935"},{"taxonomy":"product_cat","embeddable":true,"href":"https:\/\/koduspa.ee\/en\/wp-json\/wp\/v2\/product_cat?post=10935"},{"taxonomy":"product_tag","embeddable":true,"href":"https:\/\/koduspa.ee\/en\/wp-json\/wp\/v2\/product_tag?post=10935"}],"curies":[{"name":"wp","href":"https:\/\/api.w.org\/{rel}","templated":true}]}}