{"id":10865,"date":"2022-05-09T07:53:45","date_gmt":"2022-05-09T07:53:45","guid":{"rendered":"https:\/\/koduspa.ee\/?post_type=product&#038;p=10865"},"modified":"2024-04-06T11:07:22","modified_gmt":"2024-04-06T11:07:22","slug":"valgusriba-led-50-cm-12v","status":"publish","type":"product","link":"https:\/\/koduspa.ee\/en\/pood\/tylo-valgustid\/valgusriba-led-50-cm-12v\/","title":{"rendered":"TYL\u00d6 VALGUSRIBA LED 50 CM 12V"},"content":{"rendered":"<div class=\"row\">\n<div class=\"col-12\">\n<h6><span style=\"font-size: 16px; color: #000000;\">Valgusriba LED on v\u00e4lja t\u00f6\u00f6tatud keskkondade jaoks, <\/span><\/h6>\n<h6><span style=\"font-size: 16px; color: #000000;\">kus soovite h\u00e4maramat valgustust. <\/span><\/h6>\n<h6><span style=\"color: #000000;\"><span style=\"font-size: 16px;\">V\u00f5imalik h\u00e4mardada, soe valge 3000K.\u00a0<\/span><span style=\"font-size: 16px;\">12V. <\/span><\/span><\/h6>\n<h6><span style=\"font-size: 16px; color: #000000;\">Kombineeritult TRAFO (90901030) + LED 0-20W. <\/span><\/h6>\n<h6><span style=\"color: #000000;\"><span style=\"font-size: 16px;\">LED-i\u00a0 pikkus <\/span><span style=\"font-size: 16px;\">50 cm.\u00a0<\/span><\/span><\/h6>\n<\/div>\n<\/div>\n","protected":false},"excerpt":{"rendered":"<p>Valgusriba LED on v\u00e4lja t\u00f6\u00f6tatud keskkondade jaoks, kus soovite h\u00e4maramat valgustust. V\u00f5imalik h\u00e4mardada, soe valge 3000K.\u00a012V. Kombineeritult TRAFO (90901030) + LED 0-20W. LED-i\u00a0 pikkus 50 cm.\u00a0<\/p>\n","protected":false},"featured_media":10866,"comment_status":"open","ping_status":"closed","template":"","meta":{"_acf_changed":false,"_genesis_hide_title":false,"_genesis_hide_breadcrumbs":false,"_genesis_hide_singular_image":false,"_genesis_hide_footer_widgets":false,"_genesis_custom_body_class":"","_genesis_custom_post_class":"","_genesis_layout":""},"product_brand":[],"product_cat":[372],"product_tag":[],"class_list":{"0":"post-10865","1":"product","2":"type-product","3":"status-publish","4":"has-post-thumbnail","6":"product_cat-tylo-valgustid","7":"entry","8":"override","10":"first","11":"instock","12":"shipping-taxable","13":"purchasable","14":"product-type-simple"},"acf":[],"_links":{"self":[{"href":"https:\/\/koduspa.ee\/en\/wp-json\/wp\/v2\/product\/10865","targetHints":{"allow":["GET"]}}],"collection":[{"href":"https:\/\/koduspa.ee\/en\/wp-json\/wp\/v2\/product"}],"about":[{"href":"https:\/\/koduspa.ee\/en\/wp-json\/wp\/v2\/types\/product"}],"replies":[{"embeddable":true,"href":"https:\/\/koduspa.ee\/en\/wp-json\/wp\/v2\/comments?post=10865"}],"wp:featuredmedia":[{"embeddable":true,"href":"https:\/\/koduspa.ee\/en\/wp-json\/wp\/v2\/media\/10866"}],"wp:attachment":[{"href":"https:\/\/koduspa.ee\/en\/wp-json\/wp\/v2\/media?parent=10865"}],"wp:term":[{"taxonomy":"product_brand","embeddable":true,"href":"https:\/\/koduspa.ee\/en\/wp-json\/wp\/v2\/product_brand?post=10865"},{"taxonomy":"product_cat","embeddable":true,"href":"https:\/\/koduspa.ee\/en\/wp-json\/wp\/v2\/product_cat?post=10865"},{"taxonomy":"product_tag","embeddable":true,"href":"https:\/\/koduspa.ee\/en\/wp-json\/wp\/v2\/product_tag?post=10865"}],"curies":[{"name":"wp","href":"https:\/\/api.w.org\/{rel}","templated":true}]}}