{"id":10857,"date":"2022-05-09T07:37:43","date_gmt":"2022-05-09T07:37:43","guid":{"rendered":"https:\/\/koduspa.ee\/?post_type=product&#038;p=10857"},"modified":"2024-04-06T11:07:57","modified_gmt":"2024-04-06T11:07:57","slug":"valgusriba-led-500mm","status":"publish","type":"product","link":"https:\/\/koduspa.ee\/en\/pood\/tylo-valgustid\/valgusriba-led-500mm\/","title":{"rendered":"TYL\u00d6 VALGUSRIBA LED 500MM"},"content":{"rendered":"<div class=\"row\">\n<div class=\"col-12\">\n<h6><span style=\"font-size: 16px; color: #000000;\">Paigaldatav saunaruumi, max k\u00f5rgus 1200mm, <\/span><\/h6>\n<h6><span style=\"color: #000000;\"><span style=\"font-size: 16px;\">toiteallikaks trafo 12V DC. <\/span><span style=\"font-size: 16px;\">H\u00e4mardatav teisel k\u00fcljel.\u00a0<\/span><\/span><\/h6>\n<h6><span style=\"font-size: 16px; color: #000000;\">Komplektis on kinnitusklamber. 3-3,4V, 1,2W, IP 65.<\/span><\/h6>\n<p>&nbsp;<\/p>\n<p>&nbsp;<\/p>\n<p>&nbsp;<\/p>\n<\/div>\n<\/div>\n","protected":false},"excerpt":{"rendered":"<p>Paigaldatav saunaruumi, max k\u00f5rgus 1200mm, toiteallikaks trafo 12V DC. H\u00e4mardatav teisel k\u00fcljel.\u00a0 Komplektis on kinnitusklamber. 3-3,4V, 1,2W, IP 65. &nbsp; &nbsp; &nbsp;<\/p>\n","protected":false},"featured_media":10858,"comment_status":"open","ping_status":"closed","template":"","meta":{"_acf_changed":false,"_genesis_hide_title":false,"_genesis_hide_breadcrumbs":false,"_genesis_hide_singular_image":false,"_genesis_hide_footer_widgets":false,"_genesis_custom_body_class":"","_genesis_custom_post_class":"","_genesis_layout":""},"product_brand":[],"product_cat":[372],"product_tag":[],"class_list":{"0":"post-10857","1":"product","2":"type-product","3":"status-publish","4":"has-post-thumbnail","6":"product_cat-tylo-valgustid","7":"entry","8":"override","10":"first","11":"instock","12":"shipping-taxable","13":"purchasable","14":"product-type-simple"},"acf":[],"_links":{"self":[{"href":"https:\/\/koduspa.ee\/en\/wp-json\/wp\/v2\/product\/10857","targetHints":{"allow":["GET"]}}],"collection":[{"href":"https:\/\/koduspa.ee\/en\/wp-json\/wp\/v2\/product"}],"about":[{"href":"https:\/\/koduspa.ee\/en\/wp-json\/wp\/v2\/types\/product"}],"replies":[{"embeddable":true,"href":"https:\/\/koduspa.ee\/en\/wp-json\/wp\/v2\/comments?post=10857"}],"wp:featuredmedia":[{"embeddable":true,"href":"https:\/\/koduspa.ee\/en\/wp-json\/wp\/v2\/media\/10858"}],"wp:attachment":[{"href":"https:\/\/koduspa.ee\/en\/wp-json\/wp\/v2\/media?parent=10857"}],"wp:term":[{"taxonomy":"product_brand","embeddable":true,"href":"https:\/\/koduspa.ee\/en\/wp-json\/wp\/v2\/product_brand?post=10857"},{"taxonomy":"product_cat","embeddable":true,"href":"https:\/\/koduspa.ee\/en\/wp-json\/wp\/v2\/product_cat?post=10857"},{"taxonomy":"product_tag","embeddable":true,"href":"https:\/\/koduspa.ee\/en\/wp-json\/wp\/v2\/product_tag?post=10857"}],"curies":[{"name":"wp","href":"https:\/\/api.w.org\/{rel}","templated":true}]}}