{"id":10845,"date":"2022-05-06T10:59:18","date_gmt":"2022-05-06T10:59:18","guid":{"rendered":"https:\/\/koduspa.ee\/?post_type=product&#038;p=10845"},"modified":"2024-04-06T11:05:28","modified_gmt":"2024-04-06T11:05:28","slug":"valgusriba-12v-27w-90cm","status":"publish","type":"product","link":"https:\/\/koduspa.ee\/en\/pood\/tylo-valgustid\/valgusriba-12v-27w-90cm\/","title":{"rendered":"TYL\u00d6 VALGUSRIBA 12V\/27W 90CM"},"content":{"rendered":"<div class=\"row\">\n<div class=\"col-12\">\n<h6><span style=\"font-size: 16px; color: #000000;\">Saunas v\u00f5i leiliruumis seljatoe taha asetatav kergsiin, <\/span><\/h6>\n<h6><span style=\"font-size: 16px; color: #000000;\">mis loob mugava ja vaoshoitud valgustuse. <\/span><\/h6>\n<h6><span style=\"font-size: 16px; color: #000000;\">V\u00f5imalik l\u00f5igata soovitud pikkuseks.\u00a0<\/span><\/h6>\n<h6><span style=\"font-size: 16px; color: #000000;\">\u00dchendage trafoga 12V v\u00f5i olenevalt kergsiinide arvust. <\/span><\/h6>\n<h6><span style=\"font-size: 16px; color: #000000;\">Pikkus 90cm.<\/span><\/h6>\n<\/div>\n<\/div>\n","protected":false},"excerpt":{"rendered":"<p>Saunas v\u00f5i leiliruumis seljatoe taha asetatav kergsiin, mis loob mugava ja vaoshoitud valgustuse. V\u00f5imalik l\u00f5igata soovitud pikkuseks.\u00a0 \u00dchendage trafoga 12V v\u00f5i olenevalt kergsiinide arvust. Pikkus 90cm.<\/p>\n","protected":false},"featured_media":10846,"comment_status":"open","ping_status":"closed","template":"","meta":{"_acf_changed":false,"_genesis_hide_title":false,"_genesis_hide_breadcrumbs":false,"_genesis_hide_singular_image":false,"_genesis_hide_footer_widgets":false,"_genesis_custom_body_class":"","_genesis_custom_post_class":"","_genesis_layout":""},"product_brand":[],"product_cat":[372],"product_tag":[],"class_list":{"0":"post-10845","1":"product","2":"type-product","3":"status-publish","4":"has-post-thumbnail","6":"product_cat-tylo-valgustid","7":"entry","8":"override","10":"first","11":"instock","12":"shipping-taxable","13":"purchasable","14":"product-type-simple"},"acf":[],"_links":{"self":[{"href":"https:\/\/koduspa.ee\/en\/wp-json\/wp\/v2\/product\/10845","targetHints":{"allow":["GET"]}}],"collection":[{"href":"https:\/\/koduspa.ee\/en\/wp-json\/wp\/v2\/product"}],"about":[{"href":"https:\/\/koduspa.ee\/en\/wp-json\/wp\/v2\/types\/product"}],"replies":[{"embeddable":true,"href":"https:\/\/koduspa.ee\/en\/wp-json\/wp\/v2\/comments?post=10845"}],"wp:featuredmedia":[{"embeddable":true,"href":"https:\/\/koduspa.ee\/en\/wp-json\/wp\/v2\/media\/10846"}],"wp:attachment":[{"href":"https:\/\/koduspa.ee\/en\/wp-json\/wp\/v2\/media?parent=10845"}],"wp:term":[{"taxonomy":"product_brand","embeddable":true,"href":"https:\/\/koduspa.ee\/en\/wp-json\/wp\/v2\/product_brand?post=10845"},{"taxonomy":"product_cat","embeddable":true,"href":"https:\/\/koduspa.ee\/en\/wp-json\/wp\/v2\/product_cat?post=10845"},{"taxonomy":"product_tag","embeddable":true,"href":"https:\/\/koduspa.ee\/en\/wp-json\/wp\/v2\/product_tag?post=10845"}],"curies":[{"name":"wp","href":"https:\/\/api.w.org\/{rel}","templated":true}]}}