{"id":10823,"date":"2022-05-06T10:12:30","date_gmt":"2022-05-06T10:12:30","guid":{"rendered":"https:\/\/koduspa.ee\/?post_type=product&#038;p=10823"},"modified":"2024-04-06T10:37:18","modified_gmt":"2024-04-06T10:37:18","slug":"ruben-sky-led-valgusti-tahistaevas-30","status":"publish","type":"product","link":"https:\/\/koduspa.ee\/en\/pood\/tylo-valgustid\/ruben-sky-led-valgusti-tahistaevas-30\/","title":{"rendered":"TYL\u00d6 RUBEN SKY LED VALGUSTI T\u00c4HISTAEVAS 30"},"content":{"rendered":"<h6><span style=\"color: #000000;\">T\u00e4histaevas, mis annab meditatiivse t\u00e4hevalguse tunde. <\/span><\/h6>\n<h6><span style=\"color: #000000;\">Valgusti valgus on valikuline.\u00a0<\/span><\/h6>\n<h6><span style=\"color: #000000;\">Kaasasoleva juhtseadmega saate valida seitsme <\/span><\/h6>\n<h6><span style=\"color: #000000;\">valmisprogrammi hulgast v\u00f5i programmeerida oma,<\/span><\/h6>\n<h6><span style=\"color: #000000;\"> mis kestab kuni kaksk\u00fcmmend minutit koos kuni kahek\u00fcmne v\u00e4rvimuutusega.\u00a0<\/span><\/h6>\n<h6><span style=\"color: #000000;\">Kaabli \u00fchendused on kaasas.\u00a0180mm kinnitusmuhvid ja elektrooniline osa, 30 lampi.\u00a0<\/span><\/h6>\n<p>&nbsp;<\/p>\n","protected":false},"excerpt":{"rendered":"<p>T\u00e4histaevas, mis annab meditatiivse t\u00e4hevalguse tunde. Valgusti valgus on valikuline.\u00a0 Kaasasoleva juhtseadmega saate valida seitsme valmisprogrammi hulgast v\u00f5i programmeerida oma, mis kestab kuni kaksk\u00fcmmend minutit koos kuni kahek\u00fcmne v\u00e4rvimuutusega.\u00a0 Kaabli \u00fchendused on kaasas.\u00a0180mm kinnitusmuhvid ja elektrooniline osa, 30 lampi.\u00a0 &nbsp;<\/p>\n","protected":false},"featured_media":10824,"comment_status":"open","ping_status":"closed","template":"","meta":{"_acf_changed":false,"_genesis_hide_title":false,"_genesis_hide_breadcrumbs":false,"_genesis_hide_singular_image":false,"_genesis_hide_footer_widgets":false,"_genesis_custom_body_class":"","_genesis_custom_post_class":"","_genesis_layout":""},"product_brand":[],"product_cat":[372],"product_tag":[],"class_list":{"0":"post-10823","1":"product","2":"type-product","3":"status-publish","4":"has-post-thumbnail","6":"product_cat-tylo-valgustid","7":"entry","8":"override","10":"first","11":"instock","12":"shipping-taxable","13":"purchasable","14":"product-type-simple"},"acf":[],"_links":{"self":[{"href":"https:\/\/koduspa.ee\/en\/wp-json\/wp\/v2\/product\/10823","targetHints":{"allow":["GET"]}}],"collection":[{"href":"https:\/\/koduspa.ee\/en\/wp-json\/wp\/v2\/product"}],"about":[{"href":"https:\/\/koduspa.ee\/en\/wp-json\/wp\/v2\/types\/product"}],"replies":[{"embeddable":true,"href":"https:\/\/koduspa.ee\/en\/wp-json\/wp\/v2\/comments?post=10823"}],"wp:featuredmedia":[{"embeddable":true,"href":"https:\/\/koduspa.ee\/en\/wp-json\/wp\/v2\/media\/10824"}],"wp:attachment":[{"href":"https:\/\/koduspa.ee\/en\/wp-json\/wp\/v2\/media?parent=10823"}],"wp:term":[{"taxonomy":"product_brand","embeddable":true,"href":"https:\/\/koduspa.ee\/en\/wp-json\/wp\/v2\/product_brand?post=10823"},{"taxonomy":"product_cat","embeddable":true,"href":"https:\/\/koduspa.ee\/en\/wp-json\/wp\/v2\/product_cat?post=10823"},{"taxonomy":"product_tag","embeddable":true,"href":"https:\/\/koduspa.ee\/en\/wp-json\/wp\/v2\/product_tag?post=10823"}],"curies":[{"name":"wp","href":"https:\/\/api.w.org\/{rel}","templated":true}]}}