{"id":10719,"date":"2022-04-13T10:34:56","date_gmt":"2022-04-13T10:34:56","guid":{"rendered":"https:\/\/koduspa.ee\/?post_type=product&#038;p=10719"},"modified":"2024-06-19T09:41:20","modified_gmt":"2024-06-19T09:41:20","slug":"infrapaneel-980x680mm-hall","status":"publish","type":"product","link":"https:\/\/koduspa.ee\/en\/pood\/infrapunasaun-en\/infrapaneel-980x680mm-hall\/","title":{"rendered":"TYL\u00d6 INFRAPANEEL 980X680 HALL"},"content":{"rendered":"<h6><span style=\"color: #000000;\">IR-paneel, 300W, valmistatud puit-Hemlockist ja hallist kangast.\u00a0<\/span><\/h6>\n<h6><span style=\"color: #000000;\">Paigaldatav lisana traditsioonilisse sauna v\u00f5i t\u00e4ieliku IR saunafunktsiooniga ruumi. <\/span><\/h6>\n<h6><span style=\"color: #000000;\">Paigaldatakse vertikaalselt, m\u00f5\u00f5duga 980&#215;680 mm.\u00a0<\/span><\/h6>\n<h6><span style=\"color: #000000;\">Kombineeritult leilisauna\u00a0 juhtpaneeliga Elite, elektrikeris v\u00f5i elektrikeris\/releebox.<\/span><\/h6>\n<p><a href=\"https:\/\/s3-eu-west-1.amazonaws.com\/gung-images-bucket-ireland\/tylo\/pim-item\/90011304\/2900%200265%20Infra%20980x680%20980x360.pdf\">https:\/\/s3-eu-west-1.amazonaws.com\/gung-images-bucket-ireland\/tylo\/pim-item\/90011304\/2900%200265%20Infra%20980&#215;680%20980&#215;360.pdf<\/a><\/p>\n","protected":false},"excerpt":{"rendered":"<p>IR-paneel, 300W, valmistatud puit-Hemlockist ja hallist kangast.\u00a0 Paigaldatav lisana traditsioonilisse sauna v\u00f5i t\u00e4ieliku IR saunafunktsiooniga ruumi. Paigaldatakse vertikaalselt, m\u00f5\u00f5duga 980&#215;680 mm.\u00a0 Kombineeritult leilisauna\u00a0 juhtpaneeliga Elite, elektrikeris v\u00f5i elektrikeris\/releebox. https:\/\/s3-eu-west-1.amazonaws.com\/gung-images-bucket-ireland\/tylo\/pim-item\/90011304\/2900%200265%20Infra%20980&#215;680%20980&#215;360.pdf<\/p>\n","protected":false},"featured_media":10720,"comment_status":"open","ping_status":"closed","template":"","meta":{"_acf_changed":false,"_genesis_hide_title":false,"_genesis_hide_breadcrumbs":false,"_genesis_hide_singular_image":false,"_genesis_hide_footer_widgets":false,"_genesis_custom_body_class":"","_genesis_custom_post_class":"","_genesis_layout":""},"product_brand":[],"product_cat":[185],"product_tag":[],"class_list":{"0":"post-10719","1":"product","2":"type-product","3":"status-publish","4":"has-post-thumbnail","6":"product_cat-infrapunasaun","7":"entry","8":"override","10":"first","11":"instock","12":"shipping-taxable","13":"purchasable","14":"product-type-simple"},"acf":[],"_links":{"self":[{"href":"https:\/\/koduspa.ee\/en\/wp-json\/wp\/v2\/product\/10719","targetHints":{"allow":["GET"]}}],"collection":[{"href":"https:\/\/koduspa.ee\/en\/wp-json\/wp\/v2\/product"}],"about":[{"href":"https:\/\/koduspa.ee\/en\/wp-json\/wp\/v2\/types\/product"}],"replies":[{"embeddable":true,"href":"https:\/\/koduspa.ee\/en\/wp-json\/wp\/v2\/comments?post=10719"}],"wp:featuredmedia":[{"embeddable":true,"href":"https:\/\/koduspa.ee\/en\/wp-json\/wp\/v2\/media\/10720"}],"wp:attachment":[{"href":"https:\/\/koduspa.ee\/en\/wp-json\/wp\/v2\/media?parent=10719"}],"wp:term":[{"taxonomy":"product_brand","embeddable":true,"href":"https:\/\/koduspa.ee\/en\/wp-json\/wp\/v2\/product_brand?post=10719"},{"taxonomy":"product_cat","embeddable":true,"href":"https:\/\/koduspa.ee\/en\/wp-json\/wp\/v2\/product_cat?post=10719"},{"taxonomy":"product_tag","embeddable":true,"href":"https:\/\/koduspa.ee\/en\/wp-json\/wp\/v2\/product_tag?post=10719"}],"curies":[{"name":"wp","href":"https:\/\/api.w.org\/{rel}","templated":true}]}}