{"id":10608,"date":"2022-04-13T06:15:01","date_gmt":"2022-04-13T06:15:01","guid":{"rendered":"https:\/\/koduspa.ee\/?post_type=product&#038;p=10608"},"modified":"2025-10-28T12:03:46","modified_gmt":"2025-10-28T12:03:46","slug":"elektrikeris-commercial-8-hall","status":"publish","type":"product","link":"https:\/\/koduspa.ee\/en\/pood\/tylo-elektrikerised-en\/elektrikeris-commercial-8-hall\/","title":{"rendered":"ELEKTRIKERIS SENSE COMMERCIAL 8 HALL"},"content":{"rendered":"<h6><span style=\"color: #000000;\">Sense Commercial 8 elektrikeris on kohandatud kasutamiseks <\/span><\/h6>\n<h6><span style=\"color: #000000;\">\u00fchiskondlikes saunaruumides mahuga vahemikus 6-12m3. <\/span><\/h6>\n<h6><span style=\"color: #000000;\">Seade paigaldada seinale v\u00f5i p\u00f5randale. <\/span><\/h6>\n<h6><span style=\"color: #000000;\">Suurep\u00e4rane valik vanade keriste asendamisel,<\/span><\/h6>\n<h6><span style=\"color: #000000;\"> kuna see \u00fchildub elektrooniliste v\u00f5i mehaaniliste juhtpaneelidega. <\/span><\/h6>\n<h6><span style=\"color: #000000;\">T\u00f6\u00f6tab vanema p\u00f5lvkonna juhtpaneeliga v\u00f5i uue p\u00f5lvkonna <\/span><\/h6>\n<h6><span style=\"color: #000000;\">digitaalsete Elite v\u00f5i Pure juhtpaneelidega.\u00a0<\/span><\/h6>\n<h6><span style=\"color: #000000;\">Elite v\u00f5i Pure kasutamisel sobib Relay Box Commercial Lite&#8217;ile.\u00a0<\/span><\/h6>\n<h6><span style=\"color: #000000;\">Kerisekivi kaal 20kg.<\/span><\/h6>\n<h6><span style=\"color: #000000;\">M\u00f5\u00f5tmed (mm) 431x559x375<\/span><\/h6>\n<h6><span style=\"color: #000000;\">Pinge (volti)1\/3 ~ 230 V, 3 ~ 400 V<\/span><\/h6>\n<h6><span style=\"color: #000000;\">Ruumi suurus (m3) 6-12<\/span><\/h6>\n<h6><span style=\"color: #000000;\">V\u00f5imsus (kW) 8<\/span><\/h6>\n<h6><span style=\"color: #000000;\">V\u00f5imsus (W) 8<\/span><\/h6>\n<h6><span style=\"color: #000000;\">Minimaalne kaugus k\u00fclgseinast (mm) 110 mm<\/span><\/h6>\n<h6><span style=\"color: #000000;\">Minimaalne lae k\u00f5rgus (mm) 1900 mm<\/span><\/h6>\n<h6><span style=\"color: #000000;\">Juhtpaneelpaneel (ei kuulu komplekti) &#8211; Pure v\u00f5i Elite (wifi), eraldi tellides <\/span><\/h6>\n<h6><span style=\"color: #000000;\">Releebox(ei kuulu komplekti) &#8211; Commercial Lite <\/span><\/h6>\n<h6><span style=\"color: #000000;\">Kerisejalad (ei kuulu komplekti)<\/span><\/h6>\n<h6><span style=\"color: #000000;\">Paigaldamine &#8211; P\u00f5randale v\u00f5i seinale kinnitatav<\/span><\/h6>\n<h6><span style=\"color: #000000;\">Kerise neto kaal 17,5 kg.<\/span><\/h6>\n<h6><span style=\"color: #000000;\">V\u00e4rv &#8211; Hall <\/span><\/h6>\n<h6><span style=\"color: #000000;\">Tehnislised andmed:<\/span><\/h6>\n<p><a href=\"https:\/\/s3-eu-west-1.amazonaws.com\/gung-images-bucket-ireland\/tylo\/pim-item\/61001556\/2900%205400%20SENSE%20COMMERCIAL%206-8%20installation.pdf\">https:\/\/s3-eu-west-1.amazonaws.com\/gung-images-bucket-ireland\/tylo\/pim-item\/61001556\/2900%205400%20SENSE%20COMMERCIAL%206-8%20installation.pdf<\/a><\/p>\n","protected":false},"excerpt":{"rendered":"<p>Sense Commercial 8 elektrikeris on kohandatud kasutamiseks \u00fchiskondlikes saunaruumides mahuga vahemikus 6-12m3. Seade paigaldada seinale v\u00f5i p\u00f5randale. Suurep\u00e4rane valik vanade keriste asendamisel, kuna see \u00fchildub elektrooniliste v\u00f5i mehaaniliste juhtpaneelidega. T\u00f6\u00f6tab vanema p\u00f5lvkonna juhtpaneeliga v\u00f5i uue p\u00f5lvkonna digitaalsete Elite v\u00f5i Pure juhtpaneelidega.\u00a0 Elite v\u00f5i Pure kasutamisel sobib Relay Box Commercial Lite&#8217;ile.\u00a0 Kerisekivi kaal 20kg. M\u00f5\u00f5tmed (mm) [&hellip;]<\/p>\n","protected":false},"featured_media":10594,"comment_status":"open","ping_status":"closed","template":"","meta":{"_acf_changed":false,"_genesis_hide_title":false,"_genesis_hide_breadcrumbs":false,"_genesis_hide_singular_image":false,"_genesis_hide_footer_widgets":false,"_genesis_custom_body_class":"","_genesis_custom_post_class":"","_genesis_layout":""},"product_brand":[],"product_cat":[173],"product_tag":[],"class_list":{"0":"post-10608","1":"product","2":"type-product","3":"status-publish","4":"has-post-thumbnail","6":"product_cat-tylo-elektrikerised","7":"entry","8":"override","10":"first","11":"instock","12":"shipping-taxable","13":"purchasable","14":"product-type-simple"},"acf":[],"_links":{"self":[{"href":"https:\/\/koduspa.ee\/en\/wp-json\/wp\/v2\/product\/10608","targetHints":{"allow":["GET"]}}],"collection":[{"href":"https:\/\/koduspa.ee\/en\/wp-json\/wp\/v2\/product"}],"about":[{"href":"https:\/\/koduspa.ee\/en\/wp-json\/wp\/v2\/types\/product"}],"replies":[{"embeddable":true,"href":"https:\/\/koduspa.ee\/en\/wp-json\/wp\/v2\/comments?post=10608"}],"wp:featuredmedia":[{"embeddable":true,"href":"https:\/\/koduspa.ee\/en\/wp-json\/wp\/v2\/media\/10594"}],"wp:attachment":[{"href":"https:\/\/koduspa.ee\/en\/wp-json\/wp\/v2\/media?parent=10608"}],"wp:term":[{"taxonomy":"product_brand","embeddable":true,"href":"https:\/\/koduspa.ee\/en\/wp-json\/wp\/v2\/product_brand?post=10608"},{"taxonomy":"product_cat","embeddable":true,"href":"https:\/\/koduspa.ee\/en\/wp-json\/wp\/v2\/product_cat?post=10608"},{"taxonomy":"product_tag","embeddable":true,"href":"https:\/\/koduspa.ee\/en\/wp-json\/wp\/v2\/product_tag?post=10608"}],"curies":[{"name":"wp","href":"https:\/\/api.w.org\/{rel}","templated":true}]}}